{"id":10713,"date":"2017-02-06T10:31:58","date_gmt":"2017-02-06T09:31:58","guid":{"rendered":"http:\/\/klubmamgdynia.pl\/index.php\/produkt\/aeq-farba-akrylowa-phoenix-100ml-301-orange-yellow\/"},"modified":"2026-04-06T01:21:40","modified_gmt":"2026-04-05T23:21:40","slug":"aeq-farba-akrylowa-phoenix-100ml-301-orange-yellow","status":"publish","type":"product","link":"http:\/\/klubmamgdynia.pl\/index.php\/produkt\/aeq-farba-akrylowa-phoenix-100ml-301-orange-yellow\/","title":{"rendered":"AEQ Farba akrylowa PHOENIX 100ml &#8211; 301 ORANGE YELLOW"},"content":{"rendered":"<p>Farby akrylowe firmy Phoenix w tubach o pojemno\u015bci 100ml &#8211; charakteryzuj\u0105 si\u0119 bardzo \u017cywym walorem i doskona\u0142ym kryciem. Farby te doskonale nadaj\u0105 si\u0119 do malowania po drewnie, ceramice, plastiku.Szeroka paleta kolor\u00f3w umo\u017cliwia odpowiednie dobranie farby.znajduj\u0105 uznanie zar\u00f3wno do\u015bwiadczonych jak i pocz\u0105tkuj\u0105cych malarzy.Kolory traktuj pogl\u0105dowo, ich odcie\u0144 zale\u017cy do ustawie\u0144 monitora<\/p>\n<h2>AEQ Farba akrylowa PHOENIX 100ml &#8211; 301 ORANGE YELLOW AEQ<\/h2>\n<p>\u015bmieszne zagadki logiczne, opisy do zdj dziecka, gry planszowe dla nastolatk\u00f3w, wilga, zagadki na myslenie, zagadki logiczne na inteligencj\u0119, test z dzieci z bullerbyn, nastolatka, zagadki \u015bmieszne z odpowiedziami, rysowanki, maska do druku, lol surprise kolorowanki, cytaty z ma\u0142ego ksi\u0119cia, kiekrz, zrobi\u0107 laurk\u0119 laurka dla babci, pomys\u0142y na dzie\u0144 dziecka dla nastolatk\u00f3w<\/p>\n<p>yyyyy<\/p>\n<p>&nbsp;<\/p>\n","protected":false},"excerpt":{"rendered":"<p>Farby akrylowe firmy Phoenix w tubach o pojemno\u015bci 100ml &#8211; charakteryzuj\u0105 si\u0119 bardzo \u017cywym walorem i doskona\u0142ym kryciem. Farby te doskonale nadaj\u0105 si\u0119 do malowania po drewnie, ceramice, plastiku.Szeroka paleta kolor\u00f3w umo\u017cliwia odpowiednie dobranie farby.znajduj\u0105 uznanie zar\u00f3wno do\u015bwiadczonych jak i pocz\u0105tkuj\u0105cych malarzy.Kolory traktuj pogl\u0105dowo, ich odcie\u0144 zale\u017cy do ustawie\u0144 monitora AEQ Farba akrylowa PHOENIX 100ml [&hellip;]<\/p>\n","protected":false},"featured_media":10714,"comment_status":"closed","ping_status":"open","template":"","meta":[],"product_cat":[1921,1397],"product_tag":[865,727,703,623],"class_list":["post-10713","product","type-product","status-publish","has-post-thumbnail","hentry","product_cat-aeq","product_cat-farby-i-media-malarskie","product_tag-cytaty-o-dzieciach","product_tag-godlo-polski-do-druku","product_tag-prezent-dla-nastolatki","product_tag-zagadki-logiczne-smieszne"],"_links":{"self":[{"href":"http:\/\/klubmamgdynia.pl\/index.php\/wp-json\/wp\/v2\/product\/10713","targetHints":{"allow":["GET"]}}],"collection":[{"href":"http:\/\/klubmamgdynia.pl\/index.php\/wp-json\/wp\/v2\/product"}],"about":[{"href":"http:\/\/klubmamgdynia.pl\/index.php\/wp-json\/wp\/v2\/types\/product"}],"replies":[{"embeddable":true,"href":"http:\/\/klubmamgdynia.pl\/index.php\/wp-json\/wp\/v2\/comments?post=10713"}],"wp:featuredmedia":[{"embeddable":true,"href":"http:\/\/klubmamgdynia.pl\/index.php\/wp-json\/wp\/v2\/media\/10714"}],"wp:attachment":[{"href":"http:\/\/klubmamgdynia.pl\/index.php\/wp-json\/wp\/v2\/media?parent=10713"}],"wp:term":[{"taxonomy":"product_cat","embeddable":true,"href":"http:\/\/klubmamgdynia.pl\/index.php\/wp-json\/wp\/v2\/product_cat?post=10713"},{"taxonomy":"product_tag","embeddable":true,"href":"http:\/\/klubmamgdynia.pl\/index.php\/wp-json\/wp\/v2\/product_tag?post=10713"}],"curies":[{"name":"wp","href":"https:\/\/api.w.org\/{rel}","templated":true}]}}