{"id":10715,"date":"2024-11-03T17:05:06","date_gmt":"2024-11-03T16:05:06","guid":{"rendered":"http:\/\/klubmamgdynia.pl\/?post_type=product&#038;p=10715"},"modified":"2026-05-01T00:36:49","modified_gmt":"2026-04-30T22:36:49","slug":"zwiadowcy-ksiega-1-ruiny-gorlanu","status":"publish","type":"product","link":"http:\/\/klubmamgdynia.pl\/index.php\/produkt\/zwiadowcy-ksiega-1-ruiny-gorlanu\/","title":{"rendered":"Zwiadowcy Ksi\u0119ga 1. Ruiny Gorlanu"},"content":{"rendered":"<p>Przysz\u0142o\u015b\u0107 pi\u0119tnastoletniego Willa zale\u017cy od decyzji mo\u017cnego barona. Sam Will najch\u0119tniej zosta\u0142by rycerzem, ale drobny zwinny nie odznacza si\u0119 t\u0119\u017cyzn\u0105 fizyczn\u0105, niezb\u0119dn\u0105 do w\u0142adania mieczem. Tajemniczy Halt proponuje ch\u0142opakowi przystanie do zwiadowc\u00f3w ludzi owianych legend\u0105, kt\u00f3rzy, jak wie\u015b\u0107 niesie, paraj\u0105 si\u0119 mroczn\u0105 magi\u0105, potrafi\u0105 stawa\u0107 si\u0119 niewidzialni&#8230; Pocz\u0105tek nauki mistrza Halta to jednocze\u015bnie pocz\u0105tek wielkiej przygody prawdziwej m\u0119skiej przyja\u017ani.                            <\/p>\n<p>            Polecam t\u0105 ksi\u0105\u017cke<\/p>\n<p>Wspania\u0142a ksi\u0105\u017cka dla m\u0142odzierzy,opowiadaj\u0105ca o prawdziwej przygodzie,przyjaznji,m\u0119stwie.Zwiadowcy napisani s\u0105 \u0142atwym i przyjaznym dla oka tekstem.W ksi\u0105\u017cce wyst\u0119puja ciekawe i dobrze opisane postacie.Ksi\u0105\u017cka nie jest te\u017c droga.Ka\u017cdemu kto zastanawia si\u0119 nad zakupem tej ksi\u0105zki-naprawd\u0119 polecam!szymon034<\/p>\n<h2>Zwiadowcy Ksi\u0119ga 1. Ruiny Gorlanu <\/h2>\n<p>quizy dla dzieci 10 lat, lucyna, jaki prezent na roczek, laurka dla mamy rysunek<\/p>\n<p>yyyyy<\/p>\n<p>&nbsp;<\/p>\n","protected":false},"excerpt":{"rendered":"<p>Przysz\u0142o\u015b\u0107 pi\u0119tnastoletniego Willa zale\u017cy od decyzji mo\u017cnego barona. Sam Will najch\u0119tniej zosta\u0142by rycerzem, ale drobny zwinny nie odznacza si\u0119 t\u0119\u017cyzn\u0105 fizyczn\u0105, niezb\u0119dn\u0105 do w\u0142adania mieczem. Tajemniczy Halt proponuje ch\u0142opakowi przystanie do zwiadowc\u00f3w ludzi owianych legend\u0105, kt\u00f3rzy, jak wie\u015b\u0107 niesie, paraj\u0105 si\u0119 mroczn\u0105 magi\u0105, potrafi\u0105 stawa\u0107 si\u0119 niewidzialni&#8230; Pocz\u0105tek nauki mistrza Halta to jednocze\u015bnie pocz\u0105tek wielkiej [&hellip;]<\/p>\n","protected":false},"featured_media":10716,"comment_status":"closed","ping_status":"open","template":"","meta":[],"product_cat":[1566],"product_tag":[819,750,579],"class_list":["post-10715","product","type-product","status-publish","has-post-thumbnail","hentry","product_cat-literatura-dla-dzieci-i-mlodziezy","product_tag-co-kupic-nastolatce-na-swieta","product_tag-imie-kostek","product_tag-quiz-opowiesci-z-narnii-lew-czarownica-i-stara-szafa"],"_links":{"self":[{"href":"http:\/\/klubmamgdynia.pl\/index.php\/wp-json\/wp\/v2\/product\/10715","targetHints":{"allow":["GET"]}}],"collection":[{"href":"http:\/\/klubmamgdynia.pl\/index.php\/wp-json\/wp\/v2\/product"}],"about":[{"href":"http:\/\/klubmamgdynia.pl\/index.php\/wp-json\/wp\/v2\/types\/product"}],"replies":[{"embeddable":true,"href":"http:\/\/klubmamgdynia.pl\/index.php\/wp-json\/wp\/v2\/comments?post=10715"}],"wp:featuredmedia":[{"embeddable":true,"href":"http:\/\/klubmamgdynia.pl\/index.php\/wp-json\/wp\/v2\/media\/10716"}],"wp:attachment":[{"href":"http:\/\/klubmamgdynia.pl\/index.php\/wp-json\/wp\/v2\/media?parent=10715"}],"wp:term":[{"taxonomy":"product_cat","embeddable":true,"href":"http:\/\/klubmamgdynia.pl\/index.php\/wp-json\/wp\/v2\/product_cat?post=10715"},{"taxonomy":"product_tag","embeddable":true,"href":"http:\/\/klubmamgdynia.pl\/index.php\/wp-json\/wp\/v2\/product_tag?post=10715"}],"curies":[{"name":"wp","href":"https:\/\/api.w.org\/{rel}","templated":true}]}}