{"id":10717,"date":"2018-01-20T06:40:05","date_gmt":"2018-01-20T05:40:05","guid":{"rendered":"http:\/\/klubmamgdynia.pl\/index.php\/produkt\/farba-olejna-120ml-phoenix-307-magenta\/"},"modified":"2026-04-29T04:33:01","modified_gmt":"2026-04-29T02:33:01","slug":"farba-olejna-120ml-phoenix-307-magenta","status":"publish","type":"product","link":"http:\/\/klubmamgdynia.pl\/index.php\/produkt\/farba-olejna-120ml-phoenix-307-magenta\/","title":{"rendered":"FARBA OLEJNA 120ml PHOENIX 307 MAGENTA"},"content":{"rendered":"<p>Wysokiej jako\u015bci farby olejne marki Phoenix &#8211; tuba 120 ml. Dzi\u0119ki zastosowaniu przy produkcji najwy\u017cszej jako\u015bci pigment\u00f3w i oleju, farby te doskonale kryj\u0105 oraz daj\u0105 niezwykle mocne nasycenie kolorem. S\u0105 bardzo trwa\u0142e. Ka\u017cda tubka pakowana jest w oddzielne, estetyczne pude\u0142ko.Niew\u0105tpliw\u0105 zalet\u0105 farb Phoenix Oil Colour tuba 120 ml jest du\u017ca pojemno\u015b\u0107 skorelowana z atrakcyjn\u0105 cen\u0105.Farby polecamy zar\u00f3wno profesjonalnym jak i pocz\u0105tkuj\u0105cym Artystom.Kolory traktuj pogl\u0105dowo, ich odcie\u0144 wy\u015bwietlany na stronie sklepu zale\u017cy od ustawie\u0144 monitora.<\/p>\n<h2>FARBA OLEJNA 120ml PHOENIX 307 MAGENTA AEQ<\/h2>\n<p>quizy dla przedszkolak\u00f3w, zagadki halloween dla dzieci, malowanka do druku, jagna, eksperymenty dla dzieci wulkan, prezent na urodziny dla nastolatki, piosenka na dzie\u0144 mamy tekst, zaproszenia na urodziny do wydruku, imi\u0119 nela, opowie\u015bci z narni lew czarownica i stara szafa test, kolorowanka europa<\/p>\n<p>yyyyy<\/p>\n<p>&nbsp;<\/p>\n","protected":false},"excerpt":{"rendered":"<p>Wysokiej jako\u015bci farby olejne marki Phoenix &#8211; tuba 120 ml. Dzi\u0119ki zastosowaniu przy produkcji najwy\u017cszej jako\u015bci pigment\u00f3w i oleju, farby te doskonale kryj\u0105 oraz daj\u0105 niezwykle mocne nasycenie kolorem. S\u0105 bardzo trwa\u0142e. Ka\u017cda tubka pakowana jest w oddzielne, estetyczne pude\u0142ko.Niew\u0105tpliw\u0105 zalet\u0105 farb Phoenix Oil Colour tuba 120 ml jest du\u017ca pojemno\u015b\u0107 skorelowana z atrakcyjn\u0105 cen\u0105.Farby [&hellip;]<\/p>\n","protected":false},"featured_media":10718,"comment_status":"closed","ping_status":"open","template":"","meta":[],"product_cat":[1921,1397],"product_tag":[688,821,726,849],"class_list":["post-10717","product","type-product","status-publish","has-post-thumbnail","hentry","product_cat-aeq","product_cat-farby-i-media-malarskie","product_tag-kolysanki-tekst","product_tag-marianna","product_tag-quiz-zemsta","product_tag-zagadki-matematyczne-dla-dzieci"],"_links":{"self":[{"href":"http:\/\/klubmamgdynia.pl\/index.php\/wp-json\/wp\/v2\/product\/10717","targetHints":{"allow":["GET"]}}],"collection":[{"href":"http:\/\/klubmamgdynia.pl\/index.php\/wp-json\/wp\/v2\/product"}],"about":[{"href":"http:\/\/klubmamgdynia.pl\/index.php\/wp-json\/wp\/v2\/types\/product"}],"replies":[{"embeddable":true,"href":"http:\/\/klubmamgdynia.pl\/index.php\/wp-json\/wp\/v2\/comments?post=10717"}],"wp:featuredmedia":[{"embeddable":true,"href":"http:\/\/klubmamgdynia.pl\/index.php\/wp-json\/wp\/v2\/media\/10718"}],"wp:attachment":[{"href":"http:\/\/klubmamgdynia.pl\/index.php\/wp-json\/wp\/v2\/media?parent=10717"}],"wp:term":[{"taxonomy":"product_cat","embeddable":true,"href":"http:\/\/klubmamgdynia.pl\/index.php\/wp-json\/wp\/v2\/product_cat?post=10717"},{"taxonomy":"product_tag","embeddable":true,"href":"http:\/\/klubmamgdynia.pl\/index.php\/wp-json\/wp\/v2\/product_tag?post=10717"}],"curies":[{"name":"wp","href":"https:\/\/api.w.org\/{rel}","templated":true}]}}