{"id":10719,"date":"2014-09-21T16:51:58","date_gmt":"2014-09-21T14:51:58","guid":{"rendered":"http:\/\/klubmamgdynia.pl\/index.php\/produkt\/anek-mata-piankowa-tropy-9el\/"},"modified":"2026-04-29T11:52:04","modified_gmt":"2026-04-29T09:52:04","slug":"anek-mata-piankowa-tropy-9el","status":"publish","type":"product","link":"http:\/\/klubmamgdynia.pl\/index.php\/produkt\/anek-mata-piankowa-tropy-9el\/","title":{"rendered":"Anek Mata Piankowa Tropy 9El."},"content":{"rendered":"<p>Mata piankowa z\u0142o\u017cona z 9 du\u017cych pastelowych puzzliz kt\u00f3rych mo\u017cna budowa\u0107 figury przestrzenne, np. kostk\u0119 lub pude\u0142ko.Mog\u0105 r\u00f3wnie\u017c pos\u0142u\u017cy\u0107 jako podk\u0142adka przy innych zabawach.Puzzlo-pianki mo\u017cna \u0142atwo my\u0107.Funkcje puzzli:- mata do zabawy i odpoczynku,- edukacyjna, zapoznaje dziecko z kszta\u0142tami i kolorami,- rozwojowa stymuluj\u0105c zmys\u0142 wzroku, dotyku oraz umiej\u0119tno\u015bci manualne i ruchowe.Puzzle s\u0105 bardzo mi\u0119kkie i przyjemne w dotyku o grubo\u015bci oko\u0142o 1 cm.Wymiary jednego puzzla:32 x 32 x 1 cmMata wykonana z najlepszych gatunkowo i przyjaznych materia\u0142\u00f3w.Wiek: 10m+Produkt spe\u0142nia normy Unii Europejskiej w zakresie bezpiecze\u0144stwa oraz wp\u0142ywu na zdrowie i \u015brodowisko.<\/p>\n<h2>Anek Mata Piankowa Tropy 9El. Anek<\/h2>\n<p>desery dla dzieci, bajki do czytania, kolorowanka elsa, bajki terapeutyczne o emocjach pdf, prezenty roczek, ciekawe zagadki, prezent dla roczniaka, lol surprise kolorowanki, kolorowanki wed\u0142ug kodu do druku, quiz psi patrol, pola imi\u0119, zemsta quizy, cytaty z ma\u0142ego ksi\u0119cia o przyja\u017ani, janusz korczak cytaty, ozdoby na choink\u0119 dla dzieci z papieru, lukrecja imi\u0119, kolorowanka anio\u0142ek, kolorowe kanapki kanapki dla dzieci, wzory dyplom\u00f3w dyplomy do druku, co robi\u0107 z dzieckiem w warszawie, gad\u017cety dla nastolatka<\/p>\n<p>yyyyy<\/p>\n<p>&nbsp;<\/p>\n","protected":false},"excerpt":{"rendered":"<p>Mata piankowa z\u0142o\u017cona z 9 du\u017cych pastelowych puzzliz kt\u00f3rych mo\u017cna budowa\u0107 figury przestrzenne, np. kostk\u0119 lub pude\u0142ko.Mog\u0105 r\u00f3wnie\u017c pos\u0142u\u017cy\u0107 jako podk\u0142adka przy innych zabawach.Puzzlo-pianki mo\u017cna \u0142atwo my\u0107.Funkcje puzzli:- mata do zabawy i odpoczynku,- edukacyjna, zapoznaje dziecko z kszta\u0142tami i kolorami,- rozwojowa stymuluj\u0105c zmys\u0142 wzroku, dotyku oraz umiej\u0119tno\u015bci manualne i ruchowe.Puzzle s\u0105 bardzo mi\u0119kkie i przyjemne [&hellip;]<\/p>\n","protected":false},"featured_media":10720,"comment_status":"closed","ping_status":"open","template":"","meta":[],"product_cat":[111,55],"product_tag":[666,671,681,683,747,647],"class_list":["post-10719","product","type-product","status-publish","has-post-thumbnail","hentry","product_cat-anek","product_cat-maty-edukacyjne","product_tag-afrykanskie-imiona","product_tag-cicha-noc-po-angielsku-tekst","product_tag-flagi-europy-quiz","product_tag-karaluchy-pod-poduchy","product_tag-malowanki-do-druku","product_tag-warszawa-z-dzieckiem"],"_links":{"self":[{"href":"http:\/\/klubmamgdynia.pl\/index.php\/wp-json\/wp\/v2\/product\/10719","targetHints":{"allow":["GET"]}}],"collection":[{"href":"http:\/\/klubmamgdynia.pl\/index.php\/wp-json\/wp\/v2\/product"}],"about":[{"href":"http:\/\/klubmamgdynia.pl\/index.php\/wp-json\/wp\/v2\/types\/product"}],"replies":[{"embeddable":true,"href":"http:\/\/klubmamgdynia.pl\/index.php\/wp-json\/wp\/v2\/comments?post=10719"}],"wp:featuredmedia":[{"embeddable":true,"href":"http:\/\/klubmamgdynia.pl\/index.php\/wp-json\/wp\/v2\/media\/10720"}],"wp:attachment":[{"href":"http:\/\/klubmamgdynia.pl\/index.php\/wp-json\/wp\/v2\/media?parent=10719"}],"wp:term":[{"taxonomy":"product_cat","embeddable":true,"href":"http:\/\/klubmamgdynia.pl\/index.php\/wp-json\/wp\/v2\/product_cat?post=10719"},{"taxonomy":"product_tag","embeddable":true,"href":"http:\/\/klubmamgdynia.pl\/index.php\/wp-json\/wp\/v2\/product_tag?post=10719"}],"curies":[{"name":"wp","href":"https:\/\/api.w.org\/{rel}","templated":true}]}}