{"id":1072,"date":"2015-07-05T23:15:37","date_gmt":"2015-07-05T21:15:37","guid":{"rendered":"http:\/\/klubmamgdynia.pl\/index.php\/produkt\/simba-masza-i-niedzwiedz-pluszowe-zwierzatko-swinka-9301010-b\/"},"modified":"2026-05-01T17:41:29","modified_gmt":"2026-05-01T15:41:29","slug":"simba-masza-i-niedzwiedz-pluszowe-zwierzatko-swinka-9301010-b","status":"publish","type":"product","link":"http:\/\/klubmamgdynia.pl\/index.php\/produkt\/simba-masza-i-niedzwiedz-pluszowe-zwierzatko-swinka-9301010-b\/","title":{"rendered":"Simba Masza i Nied\u017awied\u017a Pluszowe zwierz\u0105tko \u015awinka 9301010 B"},"content":{"rendered":"<p>Kolekcja maskotek z bajki &#8222;Masza i Nied\u017awied\u017a&#8221; to wspania\u0142y prezent dla wielbicieli serialu. Maskotki to zwierz\u0119cy bohaterowie z animacji. Ci niezwykli przyjaciele mog\u0105 towarzyszy\u0107 przedszkolakom w ka\u017cdej chwili, a noc\u0105 pomog\u0105 przezwyci\u0119\u017cy\u0107 trudne chwile. Ka\u017cda maskotka uszyta z mi\u0119kkiego i przyjemnego w dotyku pluszu, dlatego jest idealna do przytulania. Zbierz zwierz\u0105tka i tw\u00f3rz wspania\u0142e przygody!Cena dotyczy 1 maskotki.<\/p>\n<h2>Simba Masza i Nied\u017awied\u017a Pluszowe zwierz\u0105tko \u015awinka 9301010 B Simba<\/h2>\n<p>ciekawe zagadki, zabawy miko\u0142ajkowe dla dzieci, na wyspach bergamutach tekst, prezenty dla nastolatki, kanapki halloween<\/p>\n<p>yyyyy<\/p>\n<p>&nbsp;<\/p>\n","protected":false},"excerpt":{"rendered":"<p>Kolekcja maskotek z bajki &#8222;Masza i Nied\u017awied\u017a&#8221; to wspania\u0142y prezent dla wielbicieli serialu. Maskotki to zwierz\u0119cy bohaterowie z animacji. Ci niezwykli przyjaciele mog\u0105 towarzyszy\u0107 przedszkolakom w ka\u017cdej chwili, a noc\u0105 pomog\u0105 przezwyci\u0119\u017cy\u0107 trudne chwile. Ka\u017cda maskotka uszyta z mi\u0119kkiego i przyjemnego w dotyku pluszu, dlatego jest idealna do przytulania. Zbierz zwierz\u0105tka i tw\u00f3rz wspania\u0142e przygody!Cena [&hellip;]<\/p>\n","protected":false},"featured_media":1073,"comment_status":"closed","ping_status":"open","template":"","meta":[],"product_cat":[42,279],"product_tag":[808,670,619,853,657,718,860],"class_list":["post-1072","product","type-product","status-publish","has-post-thumbnail","hentry","product_cat-maskotki","product_cat-simba","product_tag-imie-mia","product_tag-irma","product_tag-iwo-imie","product_tag-kolorowanki-do-druku-dla-doroslych","product_tag-lol-kolorowanka","product_tag-prezent-na-roczek-dla-chrzesniaka","product_tag-zagadki-logiczne-dla-doroslych"],"_links":{"self":[{"href":"http:\/\/klubmamgdynia.pl\/index.php\/wp-json\/wp\/v2\/product\/1072","targetHints":{"allow":["GET"]}}],"collection":[{"href":"http:\/\/klubmamgdynia.pl\/index.php\/wp-json\/wp\/v2\/product"}],"about":[{"href":"http:\/\/klubmamgdynia.pl\/index.php\/wp-json\/wp\/v2\/types\/product"}],"replies":[{"embeddable":true,"href":"http:\/\/klubmamgdynia.pl\/index.php\/wp-json\/wp\/v2\/comments?post=1072"}],"wp:featuredmedia":[{"embeddable":true,"href":"http:\/\/klubmamgdynia.pl\/index.php\/wp-json\/wp\/v2\/media\/1073"}],"wp:attachment":[{"href":"http:\/\/klubmamgdynia.pl\/index.php\/wp-json\/wp\/v2\/media?parent=1072"}],"wp:term":[{"taxonomy":"product_cat","embeddable":true,"href":"http:\/\/klubmamgdynia.pl\/index.php\/wp-json\/wp\/v2\/product_cat?post=1072"},{"taxonomy":"product_tag","embeddable":true,"href":"http:\/\/klubmamgdynia.pl\/index.php\/wp-json\/wp\/v2\/product_tag?post=1072"}],"curies":[{"name":"wp","href":"https:\/\/api.w.org\/{rel}","templated":true}]}}