{"id":10721,"date":"2010-10-24T06:01:26","date_gmt":"2010-10-24T04:01:26","guid":{"rendered":"http:\/\/klubmamgdynia.pl\/index.php\/produkt\/kids-euroswan-notatnik-z-metalizowana-okladka-a5-crazy-dino-kl11015\/"},"modified":"2026-04-30T16:08:10","modified_gmt":"2026-04-30T14:08:10","slug":"kids-euroswan-notatnik-z-metalizowana-okladka-a5-crazy-dino-kl11015","status":"publish","type":"product","link":"http:\/\/klubmamgdynia.pl\/index.php\/produkt\/kids-euroswan-notatnik-z-metalizowana-okladka-a5-crazy-dino-kl11015\/","title":{"rendered":"Kids Euroswan Notatnik z metalizowan\u0105 ok\u0142adk\u0105 A5 Crazy Dino KL11015"},"content":{"rendered":"<p>Notatnik Crazy Dino w metalizowanej ok\u0142adce doskonale nadaj\u0119 si\u0119 do zapisywania dzieci\u0119cych marze\u0144, wspomnie\u0144, rysunk\u00f3w oraz ma\u0142ych tajemnic dziecka.\u2022 Materia\u0142: papier,\u2022 Wymiary: A5 (14,8x21x1 cm)\u2022 Ilo\u015b\u0107 stron: 70\u2022 Inne: w linie<\/p>\n<h2>Kids Euroswan Notatnik z metalizowan\u0105 ok\u0142adk\u0105 A5 Crazy Dino KL11015 Kids Euroswan<\/h2>\n<p>test z lektury opowie\u015bci z narni lew czarownica i stara szafa, quizy online, o mamie, gdzie nad wod\u0119 ko\u0142o warszawy, literki, test czerwone krzes\u0142o, pomys\u0142y na prezent na roczek, quiz felix net i nika oraz gang niewidzialnych ludzi, cytaty na dzien dziecka, jak zrobi\u0107 samolot z papieru, jak rozmawia\u0107 z dzie\u0107mi o wojnie, dinozaur bajka, \u017carty na prima aprilis dla mamy, pola imi\u0119, najtrudniejsze zagadki, tabliczka mno\u017cenia zadania do druku, zagadki nie do rozwi\u0105zania<\/p>\n<p>yyyyy<\/p>\n<p>&nbsp;<\/p>\n","protected":false},"excerpt":{"rendered":"<p>Notatnik Crazy Dino w metalizowanej ok\u0142adce doskonale nadaj\u0119 si\u0119 do zapisywania dzieci\u0119cych marze\u0144, wspomnie\u0144, rysunk\u00f3w oraz ma\u0142ych tajemnic dziecka.\u2022 Materia\u0142: papier,\u2022 Wymiary: A5 (14,8x21x1 cm)\u2022 Ilo\u015b\u0107 stron: 70\u2022 Inne: w linie Kids Euroswan Notatnik z metalizowan\u0105 ok\u0142adk\u0105 A5 Crazy Dino KL11015 Kids Euroswan test z lektury opowie\u015bci z narni lew czarownica i stara szafa, quizy [&hellip;]<\/p>\n","protected":false},"featured_media":10722,"comment_status":"closed","ping_status":"open","template":"","meta":[],"product_cat":[1103,325],"product_tag":[797,752,732,814,820],"class_list":["post-10721","product","type-product","status-publish","has-post-thumbnail","hentry","product_cat-kids-euroswan","product_cat-szkolne-artykuly-papiernicze","product_tag-kiekrz","product_tag-kuba-imie","product_tag-prezent-dla-rocznego-chlopca","product_tag-prezenty-dla-nastolatek","product_tag-ziemia-wyspa-zielona-tekst"],"_links":{"self":[{"href":"http:\/\/klubmamgdynia.pl\/index.php\/wp-json\/wp\/v2\/product\/10721","targetHints":{"allow":["GET"]}}],"collection":[{"href":"http:\/\/klubmamgdynia.pl\/index.php\/wp-json\/wp\/v2\/product"}],"about":[{"href":"http:\/\/klubmamgdynia.pl\/index.php\/wp-json\/wp\/v2\/types\/product"}],"replies":[{"embeddable":true,"href":"http:\/\/klubmamgdynia.pl\/index.php\/wp-json\/wp\/v2\/comments?post=10721"}],"wp:featuredmedia":[{"embeddable":true,"href":"http:\/\/klubmamgdynia.pl\/index.php\/wp-json\/wp\/v2\/media\/10722"}],"wp:attachment":[{"href":"http:\/\/klubmamgdynia.pl\/index.php\/wp-json\/wp\/v2\/media?parent=10721"}],"wp:term":[{"taxonomy":"product_cat","embeddable":true,"href":"http:\/\/klubmamgdynia.pl\/index.php\/wp-json\/wp\/v2\/product_cat?post=10721"},{"taxonomy":"product_tag","embeddable":true,"href":"http:\/\/klubmamgdynia.pl\/index.php\/wp-json\/wp\/v2\/product_tag?post=10721"}],"curies":[{"name":"wp","href":"https:\/\/api.w.org\/{rel}","templated":true}]}}