{"id":10723,"date":"2015-04-03T01:54:42","date_gmt":"2015-04-02T23:54:42","guid":{"rendered":"http:\/\/klubmamgdynia.pl\/index.php\/produkt\/starpak-worek-na-ramie-nano\/"},"modified":"2026-04-04T06:43:08","modified_gmt":"2026-04-04T04:43:08","slug":"starpak-worek-na-ramie-nano","status":"publish","type":"product","link":"http:\/\/klubmamgdynia.pl\/index.php\/produkt\/starpak-worek-na-ramie-nano\/","title":{"rendered":"Starpak Worek Na Rami\u0119 Nano"},"content":{"rendered":"<p>Cechy produktu: wielofunkcyjny wytrzyma\u0142y i odporny na zabrudzenia materia\u0142 podszewka, kt\u00f3ra chroni worek i u\u0142atwia czyszczenie zestaw sznurk\u00f3w, dzi\u0119ki kt\u00f3rym mo\u017cna go nosi\u0107 w r\u0119ku, na ramieniu lub jak plecak zamykana na zamek b\u0142yskawiczny kiesze\u0144 na drobiazgi uchwyt, kt\u00f3ry pozwala zawiesi\u0107 worek na wieszakuDla m\u0142odych ludzi worek na rami\u0119 coraz cz\u0119\u015bciej zast\u0119puje plecak, torb\u0119 na zaj\u0119cia sportowe a nawet torebk\u0119. Towarzyszy im w szkole, podczas wyj\u015bcia na miasto, na trening, czy wyjazdu na wycieczk\u0119.Dlatego tak wa\u017cna jest jego jako\u015b\u0107. Worek m\u0142odzie\u017cowy STARPAK to po\u0142\u0105czenie wysokiej jako\u015bci z nowoczesnym designem.Worek STARPAK zosta\u0142 wykonany z bardzo wytrzyma\u0142ego materia\u0142u, odpornego na zabrudzenia i uszkodzenia. Odporna podszewka chroni worek przed zabrudzeniem i jest bardzo \u0142atwa w czyszczeniu. System grubych i trwa\u0142ych sznurk\u00f3w pozwala na noszenie plecaka w r\u0119ce, na ramieniu lub jako plecak. Dodatkowy metalowy uchwyt umo\u017cliwia zawieszenie go na wieszaku. Z ty\u0142u znajduje si\u0119 zamykana na zamek b\u0142yskawiczny kiesze\u0144. Mo\u017cna w niej schowa\u0107 portfel lub telefon.Oczywi\u015bcie dla m\u0142odych ludzi to liczy si\u0119 przede wszystkim to wygl\u0105d. Worki m\u0142odzie\u017cowe STARPAK zosta\u0142y zaprojektowane w oparciu o najnowsze trendy modowe. Dlatego spe\u0142ni\u0105 oczekiwania ka\u017cdego m\u0142odego cz\u0142owieka. Tym bardziej, ze przygotowali\u015bmy 18 r\u00f3\u017cnych modeli.<\/p>\n<h2>Starpak Worek Na Rami\u0119 Nano Starpak<\/h2>\n<p>papugi do druku, radiowe nuty niech zyja wakacje, macierzy\u0144stwo cytaty, \u0142amig\u0142\u00f3wki s\u0142owne, bianka, miko\u0142ajki 2021 warszawa, testy z lektury tajemniczy ogr\u00f3d, zagadki dla 6 latka, maska karnawa\u0142owa pdf, ptak b\u0105k, zagadki o bo\u017cym narodzeniu, kolorowanki wakacje, zima z\u0142a tekst, twarz wiosny do druku, bajki do czytania psi patrol<\/p>\n<p>yyyyy<\/p>\n<p>&nbsp;<\/p>\n","protected":false},"excerpt":{"rendered":"<p>Cechy produktu: wielofunkcyjny wytrzyma\u0142y i odporny na zabrudzenia materia\u0142 podszewka, kt\u00f3ra chroni worek i u\u0142atwia czyszczenie zestaw sznurk\u00f3w, dzi\u0119ki kt\u00f3rym mo\u017cna go nosi\u0107 w r\u0119ku, na ramieniu lub jak plecak zamykana na zamek b\u0142yskawiczny kiesze\u0144 na drobiazgi uchwyt, kt\u00f3ry pozwala zawiesi\u0107 worek na wieszakuDla m\u0142odych ludzi worek na rami\u0119 coraz cz\u0119\u015bciej zast\u0119puje plecak, torb\u0119 na [&hellip;]<\/p>\n","protected":false},"featured_media":10724,"comment_status":"closed","ping_status":"open","template":"","meta":[],"product_cat":[269,1893],"product_tag":[837,702,630,803,796],"class_list":["post-10723","product","type-product","status-publish","has-post-thumbnail","hentry","product_cat-starpak","product_cat-worki-na-buty","product_tag-cicha-noc-po-angielsku","product_tag-co-kupic-na-roczek-dla-dziewczynki","product_tag-podchwytliwe-zagadki-z-odpowiedziami","product_tag-szlaczki-do-druku","product_tag-zagatki"],"_links":{"self":[{"href":"http:\/\/klubmamgdynia.pl\/index.php\/wp-json\/wp\/v2\/product\/10723","targetHints":{"allow":["GET"]}}],"collection":[{"href":"http:\/\/klubmamgdynia.pl\/index.php\/wp-json\/wp\/v2\/product"}],"about":[{"href":"http:\/\/klubmamgdynia.pl\/index.php\/wp-json\/wp\/v2\/types\/product"}],"replies":[{"embeddable":true,"href":"http:\/\/klubmamgdynia.pl\/index.php\/wp-json\/wp\/v2\/comments?post=10723"}],"wp:featuredmedia":[{"embeddable":true,"href":"http:\/\/klubmamgdynia.pl\/index.php\/wp-json\/wp\/v2\/media\/10724"}],"wp:attachment":[{"href":"http:\/\/klubmamgdynia.pl\/index.php\/wp-json\/wp\/v2\/media?parent=10723"}],"wp:term":[{"taxonomy":"product_cat","embeddable":true,"href":"http:\/\/klubmamgdynia.pl\/index.php\/wp-json\/wp\/v2\/product_cat?post=10723"},{"taxonomy":"product_tag","embeddable":true,"href":"http:\/\/klubmamgdynia.pl\/index.php\/wp-json\/wp\/v2\/product_tag?post=10723"}],"curies":[{"name":"wp","href":"https:\/\/api.w.org\/{rel}","templated":true}]}}