{"id":10725,"date":"2011-11-24T16:43:07","date_gmt":"2011-11-24T15:43:07","guid":{"rendered":"http:\/\/klubmamgdynia.pl\/index.php\/produkt\/ameet-ekokolorowanka-kraina-lodu-2-eko-9102-opracowanie-zbiorowe\/"},"modified":"2026-04-30T18:52:48","modified_gmt":"2026-04-30T16:52:48","slug":"ameet-ekokolorowanka-kraina-lodu-2-eko-9102-opracowanie-zbiorowe","status":"publish","type":"product","link":"http:\/\/klubmamgdynia.pl\/index.php\/produkt\/ameet-ekokolorowanka-kraina-lodu-2-eko-9102-opracowanie-zbiorowe\/","title":{"rendered":"Ameet Ekokolorowanka Kraina Lodu 2 Eko 9102 Opracowanie\u00a0Zbiorowe"},"content":{"rendered":"<p>Ksi\u0105\u017cka do kolorowania\u2022 du\u017cy format u\u0142atwia swobodne kolorowanie\u2022 wyj\u0105tkowy, drzewny papier ekologiczny\u2022 ok\u0142adka imituj\u0105ca papier pakowy<\/p>\n<h2>Ameet Ekokolorowanka Kraina Lodu 2 Eko 9102 Opracowanie\u00a0Zbiorowe AMEET<\/h2>\n<p>szlaczki, gry dla m\u0142odzie\u017cy, prezenty dla nastolatk\u00f3w na dzie\u0144 dziecka, atrakcje dla dzieci warszawa, rysowanki, quizy flagi, pi\u0119kne cytaty o nauczycielach, zagadki na logik\u0119, co na roczek dla ch\u0142opca<\/p>\n<p>yyyyy<\/p>\n<p>&nbsp;<\/p>\n","protected":false},"excerpt":{"rendered":"<p>Ksi\u0105\u017cka do kolorowania\u2022 du\u017cy format u\u0142atwia swobodne kolorowanie\u2022 wyj\u0105tkowy, drzewny papier ekologiczny\u2022 ok\u0142adka imituj\u0105ca papier pakowy Ameet Ekokolorowanka Kraina Lodu 2 Eko 9102 Opracowanie\u00a0Zbiorowe AMEET szlaczki, gry dla m\u0142odzie\u017cy, prezenty dla nastolatk\u00f3w na dzie\u0144 dziecka, atrakcje dla dzieci warszawa, rysowanki, quizy flagi, pi\u0119kne cytaty o nauczycielach, zagadki na logik\u0119, co na roczek dla ch\u0142opca yyyyy [&hellip;]<\/p>\n","protected":false},"featured_media":10726,"comment_status":"closed","ping_status":"open","template":"","meta":[],"product_cat":[1923,325],"product_tag":[658,662,728,626,609,698],"class_list":["post-10725","product","type-product","status-publish","has-post-thumbnail","hentry","product_cat-ameet","product_cat-szkolne-artykuly-papiernicze","product_tag-alan-znaczenie-imienia","product_tag-bajki-na-dobranoc","product_tag-bezwarunkowa-milosc-do-dziecka-cytaty","product_tag-jacek","product_tag-quiz-flagi-europy","product_tag-zagadki-dla-przedszkolakow"],"_links":{"self":[{"href":"http:\/\/klubmamgdynia.pl\/index.php\/wp-json\/wp\/v2\/product\/10725","targetHints":{"allow":["GET"]}}],"collection":[{"href":"http:\/\/klubmamgdynia.pl\/index.php\/wp-json\/wp\/v2\/product"}],"about":[{"href":"http:\/\/klubmamgdynia.pl\/index.php\/wp-json\/wp\/v2\/types\/product"}],"replies":[{"embeddable":true,"href":"http:\/\/klubmamgdynia.pl\/index.php\/wp-json\/wp\/v2\/comments?post=10725"}],"wp:featuredmedia":[{"embeddable":true,"href":"http:\/\/klubmamgdynia.pl\/index.php\/wp-json\/wp\/v2\/media\/10726"}],"wp:attachment":[{"href":"http:\/\/klubmamgdynia.pl\/index.php\/wp-json\/wp\/v2\/media?parent=10725"}],"wp:term":[{"taxonomy":"product_cat","embeddable":true,"href":"http:\/\/klubmamgdynia.pl\/index.php\/wp-json\/wp\/v2\/product_cat?post=10725"},{"taxonomy":"product_tag","embeddable":true,"href":"http:\/\/klubmamgdynia.pl\/index.php\/wp-json\/wp\/v2\/product_tag?post=10725"}],"curies":[{"name":"wp","href":"https:\/\/api.w.org\/{rel}","templated":true}]}}