{"id":10727,"date":"2012-11-13T19:31:40","date_gmt":"2012-11-13T18:31:40","guid":{"rendered":"http:\/\/klubmamgdynia.pl\/index.php\/produkt\/clementoni-poduszka-17278\/"},"modified":"2026-04-05T23:56:37","modified_gmt":"2026-04-05T21:56:37","slug":"clementoni-poduszka-17278","status":"publish","type":"product","link":"http:\/\/klubmamgdynia.pl\/index.php\/produkt\/clementoni-poduszka-17278\/","title":{"rendered":"Clementoni Poduszka 17278"},"content":{"rendered":"<p>T\u0119 wyj\u0105tkowo mi\u0119kk\u0105 poduszk\u0119 opracowano po to, aby wspiera\u0142a dziecko podczas pierwszych zabaw na brzuszku oraz zapewnia\u0142a rozrywk\u0119 i bezpieczne chwile odpr\u0119\u017cenia.Przymocowane do poduszki kolorowe akcesoria opracowano po to, aby stymulowa\u0142y i wspiera\u0142y rozw\u00f3j zdolno\u015bci manualnych i percepcji wzrokowej dziecka.Wspiera rozw\u00f3j mi\u0119\u015bni potrzebnych do raczkowania: wzmacnia mi\u0119\u015bnie szyi, plec\u00f3w i ramion&#8230;.<\/p>\n<h2>Clementoni Poduszka 17278 Clementoni<\/h2>\n<p>zagadki na inteligencje, auto kolorowanka, pola imie, nauka literek do druku, bajki dla chlopcow, zabawa dla 7 latka, zagadki logiczne z odpowiedziami<\/p>\n<p>yyyyy<\/p>\n<p>&nbsp;<\/p>\n","protected":false},"excerpt":{"rendered":"<p>T\u0119 wyj\u0105tkowo mi\u0119kk\u0105 poduszk\u0119 opracowano po to, aby wspiera\u0142a dziecko podczas pierwszych zabaw na brzuszku oraz zapewnia\u0142a rozrywk\u0119 i bezpieczne chwile odpr\u0119\u017cenia.Przymocowane do poduszki kolorowe akcesoria opracowano po to, aby stymulowa\u0142y i wspiera\u0142y rozw\u00f3j zdolno\u015bci manualnych i percepcji wzrokowej dziecka.Wspiera rozw\u00f3j mi\u0119\u015bni potrzebnych do raczkowania: wzmacnia mi\u0119\u015bnie szyi, plec\u00f3w i ramion&#8230;. Clementoni Poduszka 17278 Clementoni [&hellip;]<\/p>\n","protected":false},"featured_media":10728,"comment_status":"closed","ping_status":"open","template":"","meta":[],"product_cat":[163,42],"product_tag":[761,819,777,696,853,735],"class_list":["post-10727","product","type-product","status-publish","has-post-thumbnail","hentry","product_cat-clementoni","product_cat-maskotki","product_tag-choinko-piekna-jak-las-tekst","product_tag-co-kupic-nastolatce-na-swieta","product_tag-co-na-roczek","product_tag-film-rodzinny-o-swietach","product_tag-kolorowanki-do-druku-dla-doroslych","product_tag-prezent-na-roczek-dziewczynka"],"_links":{"self":[{"href":"http:\/\/klubmamgdynia.pl\/index.php\/wp-json\/wp\/v2\/product\/10727","targetHints":{"allow":["GET"]}}],"collection":[{"href":"http:\/\/klubmamgdynia.pl\/index.php\/wp-json\/wp\/v2\/product"}],"about":[{"href":"http:\/\/klubmamgdynia.pl\/index.php\/wp-json\/wp\/v2\/types\/product"}],"replies":[{"embeddable":true,"href":"http:\/\/klubmamgdynia.pl\/index.php\/wp-json\/wp\/v2\/comments?post=10727"}],"wp:featuredmedia":[{"embeddable":true,"href":"http:\/\/klubmamgdynia.pl\/index.php\/wp-json\/wp\/v2\/media\/10728"}],"wp:attachment":[{"href":"http:\/\/klubmamgdynia.pl\/index.php\/wp-json\/wp\/v2\/media?parent=10727"}],"wp:term":[{"taxonomy":"product_cat","embeddable":true,"href":"http:\/\/klubmamgdynia.pl\/index.php\/wp-json\/wp\/v2\/product_cat?post=10727"},{"taxonomy":"product_tag","embeddable":true,"href":"http:\/\/klubmamgdynia.pl\/index.php\/wp-json\/wp\/v2\/product_tag?post=10727"}],"curies":[{"name":"wp","href":"https:\/\/api.w.org\/{rel}","templated":true}]}}