{"id":10729,"date":"2019-01-28T04:42:20","date_gmt":"2019-01-28T03:42:20","guid":{"rendered":"http:\/\/klubmamgdynia.pl\/index.php\/produkt\/ksiezniczka-suknie-i-sukienki\/"},"modified":"2026-04-04T02:36:51","modified_gmt":"2026-04-04T00:36:51","slug":"ksiezniczka-suknie-i-sukienki","status":"publish","type":"product","link":"http:\/\/klubmamgdynia.pl\/index.php\/produkt\/ksiezniczka-suknie-i-sukienki\/","title":{"rendered":"Ksi\u0119\u017cniczka. Suknie i sukienki"},"content":{"rendered":"<p>Najs\u0142ynniejsza ksi\u0119\u017cniczka Disneya projektuje mod\u0119! Uwierzysz? Z ksi\u0105\u017cki dowiesz si\u0119 na przyk\u0142ad jakie wzory powracaj\u0105 na wybiegi w ka\u017cdym sezonie: znajdziesz tak\u017ce cenne wskaz\u00f3wki, jak krok po kroku tworzy\u0107 fantastyczne sukienki na przer\u00f3\u017cne okazje.Dzi\u0119ki specjalnie przygotowanym szablonom, naklejkom oraz matrycom wzor\u00f3w stworzenie niepowtarzalnego kreacji b\u0119dzie fascynuj\u0105 przygod\u0105.Seria cyklu: DISNEY KSI\u0118\u017bNICZKAISBN: 9788325319939Kod paskowy: 9788325319939Rok wydania: 2015Kod wydawcy: 20899Liczba stron: 56Oprawa: Mi\u0119kkaPKWiU: 58.11.1Format: 14.0&#215;20.0cmG\u0142\u0119boko\u015b\u0107 (mm): 5J\u0119zyk orygina\u0142u: polskiJ\u0119zyki: polskiP\u0142e\u0107: dziewczynkaBohater: Ksi\u0119\u017cniczkiGrupa towarowa: Ksi\u0105\u017cka<\/p>\n<h2>Ksi\u0119\u017cniczka. Suknie i sukienki AMEET<\/h2>\n<p>zagadki wielkanocne dla doros\u0142ych, prezent dla nastolatek, kornelia, ozdoby wielkanocne kt\u00f3re mog\u0105 zrobi\u0107 dzieci, paloma, aurelia, lilianna, prezenty na roczek<\/p>\n<p>yyyyy<\/p>\n<p>&nbsp;<\/p>\n","protected":false},"excerpt":{"rendered":"<p>Najs\u0142ynniejsza ksi\u0119\u017cniczka Disneya projektuje mod\u0119! Uwierzysz? Z ksi\u0105\u017cki dowiesz si\u0119 na przyk\u0142ad jakie wzory powracaj\u0105 na wybiegi w ka\u017cdym sezonie: znajdziesz tak\u017ce cenne wskaz\u00f3wki, jak krok po kroku tworzy\u0107 fantastyczne sukienki na przer\u00f3\u017cne okazje.Dzi\u0119ki specjalnie przygotowanym szablonom, naklejkom oraz matrycom wzor\u00f3w stworzenie niepowtarzalnego kreacji b\u0119dzie fascynuj\u0105 przygod\u0105.Seria cyklu: DISNEY KSI\u0118\u017bNICZKAISBN: 9788325319939Kod paskowy: 9788325319939Rok wydania: 2015Kod [&hellip;]<\/p>\n","protected":false},"featured_media":10730,"comment_status":"closed","ping_status":"open","template":"","meta":[],"product_cat":[1923,325],"product_tag":[777,583,729,614,824,849],"class_list":["post-10729","product","type-product","status-publish","has-post-thumbnail","hentry","product_cat-ameet","product_cat-szkolne-artykuly-papiernicze","product_tag-co-na-roczek","product_tag-kolysanki-dla-dzieci-tekst","product_tag-madre-bajki-dla-dzieci-do-czytania","product_tag-pia","product_tag-warszawa-atrakcje-dla-dzieci","product_tag-zagadki-matematyczne-dla-dzieci"],"_links":{"self":[{"href":"http:\/\/klubmamgdynia.pl\/index.php\/wp-json\/wp\/v2\/product\/10729","targetHints":{"allow":["GET"]}}],"collection":[{"href":"http:\/\/klubmamgdynia.pl\/index.php\/wp-json\/wp\/v2\/product"}],"about":[{"href":"http:\/\/klubmamgdynia.pl\/index.php\/wp-json\/wp\/v2\/types\/product"}],"replies":[{"embeddable":true,"href":"http:\/\/klubmamgdynia.pl\/index.php\/wp-json\/wp\/v2\/comments?post=10729"}],"wp:featuredmedia":[{"embeddable":true,"href":"http:\/\/klubmamgdynia.pl\/index.php\/wp-json\/wp\/v2\/media\/10730"}],"wp:attachment":[{"href":"http:\/\/klubmamgdynia.pl\/index.php\/wp-json\/wp\/v2\/media?parent=10729"}],"wp:term":[{"taxonomy":"product_cat","embeddable":true,"href":"http:\/\/klubmamgdynia.pl\/index.php\/wp-json\/wp\/v2\/product_cat?post=10729"},{"taxonomy":"product_tag","embeddable":true,"href":"http:\/\/klubmamgdynia.pl\/index.php\/wp-json\/wp\/v2\/product_tag?post=10729"}],"curies":[{"name":"wp","href":"https:\/\/api.w.org\/{rel}","templated":true}]}}