{"id":10731,"date":"2022-11-11T21:03:22","date_gmt":"2022-11-11T20:03:22","guid":{"rendered":"http:\/\/klubmamgdynia.pl\/?post_type=product&#038;p=10731"},"modified":"2026-04-11T20:25:23","modified_gmt":"2026-04-11T18:25:23","slug":"stnux-zestaw-do-robotek-czeroworozowy-ck60217p","status":"publish","type":"product","link":"http:\/\/klubmamgdynia.pl\/index.php\/produkt\/stnux-zestaw-do-robotek-czeroworozowy-ck60217p\/","title":{"rendered":"Stnux Zestaw Do Rob\u00f3tek Czerowor\u00f3\u017cowy (CK60217P)"},"content":{"rendered":"<p>Przygotuj si\u0119 na nadchodz\u0105c\u0105 zim\u0119!Dzi\u0119ki naszemu zestawowi nauczymy Ci\u0119, jak samodzielnie zrobi\u0107 modny szalik na kro\u015bnie.Opakowanie zawiera trzy motki grubej wielobarwnej w\u0142\u00f3czki, plastikowe krosno oraz instrukcj\u0119.Zestaw pozwala na wykonanie szalika o d\u0142ugosci ok 100 cm.Informacje o produkcieNr katalogowyCK60217PMarka (Zabawki) BrakObszar (Zr\u00f3b to sam) Rob\u00f3tki r\u0119czneRodzaj (Zr\u00f3b to sam) Tkanie, haft, szyde\u0142kowanieWymagania wiekowe od 7 latP\u0142e\u0107 (zabawki) DziewczynkiKolor (wyliczeniowy) WielokolorowyAkcesoria w zestawie- 3 motki wielobarwnej w\u0142\u00f3czki- Krosno- Szyde\u0142koPozosta\u0142e parametryWymiary opakowania: 34 x 29 x 6 cm<\/p>\n<h2>Stnux Zestaw Do Rob\u00f3tek Czerowor\u00f3\u017cowy (CK60217P) Stnux<\/h2>\n<p>wzruszaj\u0105ce s\u0142owa dla przyjaciela, rozrywka dla dzieci, otto, mia<\/p>\n<p>yyyyy<\/p>\n<p>&nbsp;<\/p>\n","protected":false},"excerpt":{"rendered":"<p>Przygotuj si\u0119 na nadchodz\u0105c\u0105 zim\u0119!Dzi\u0119ki naszemu zestawowi nauczymy Ci\u0119, jak samodzielnie zrobi\u0107 modny szalik na kro\u015bnie.Opakowanie zawiera trzy motki grubej wielobarwnej w\u0142\u00f3czki, plastikowe krosno oraz instrukcj\u0119.Zestaw pozwala na wykonanie szalika o d\u0142ugosci ok 100 cm.Informacje o produkcieNr katalogowyCK60217PMarka (Zabawki) BrakObszar (Zr\u00f3b to sam) Rob\u00f3tki r\u0119czneRodzaj (Zr\u00f3b to sam) Tkanie, haft, szyde\u0142kowanieWymagania wiekowe od 7 latP\u0142e\u0107 [&hellip;]<\/p>\n","protected":false},"featured_media":10732,"comment_status":"closed","ping_status":"open","template":"","meta":[],"product_cat":[1924,21],"product_tag":[763,583,644,665,600,725],"class_list":["post-10731","product","type-product","status-publish","has-post-thumbnail","hentry","product_cat-stnux","product_cat-zabawki-plastyczne","product_tag-fabian","product_tag-kolysanki-dla-dzieci-tekst","product_tag-mia","product_tag-proste-zagadki","product_tag-zaproszenia-na-urodziny-do-druku","product_tag-zgadywanki"],"_links":{"self":[{"href":"http:\/\/klubmamgdynia.pl\/index.php\/wp-json\/wp\/v2\/product\/10731","targetHints":{"allow":["GET"]}}],"collection":[{"href":"http:\/\/klubmamgdynia.pl\/index.php\/wp-json\/wp\/v2\/product"}],"about":[{"href":"http:\/\/klubmamgdynia.pl\/index.php\/wp-json\/wp\/v2\/types\/product"}],"replies":[{"embeddable":true,"href":"http:\/\/klubmamgdynia.pl\/index.php\/wp-json\/wp\/v2\/comments?post=10731"}],"wp:featuredmedia":[{"embeddable":true,"href":"http:\/\/klubmamgdynia.pl\/index.php\/wp-json\/wp\/v2\/media\/10732"}],"wp:attachment":[{"href":"http:\/\/klubmamgdynia.pl\/index.php\/wp-json\/wp\/v2\/media?parent=10731"}],"wp:term":[{"taxonomy":"product_cat","embeddable":true,"href":"http:\/\/klubmamgdynia.pl\/index.php\/wp-json\/wp\/v2\/product_cat?post=10731"},{"taxonomy":"product_tag","embeddable":true,"href":"http:\/\/klubmamgdynia.pl\/index.php\/wp-json\/wp\/v2\/product_tag?post=10731"}],"curies":[{"name":"wp","href":"https:\/\/api.w.org\/{rel}","templated":true}]}}