{"id":10733,"date":"2018-03-14T10:43:39","date_gmt":"2018-03-14T09:43:39","guid":{"rendered":"http:\/\/klubmamgdynia.pl\/index.php\/produkt\/janod-lesne-zwierzatka-okragla-piramida-z-pudelek-j02670\/"},"modified":"2026-04-30T03:17:23","modified_gmt":"2026-04-30T01:17:23","slug":"janod-lesne-zwierzatka-okragla-piramida-z-pudelek-j02670","status":"publish","type":"product","link":"http:\/\/klubmamgdynia.pl\/index.php\/produkt\/janod-lesne-zwierzatka-okragla-piramida-z-pudelek-j02670\/","title":{"rendered":"Janod Le\u015bne Zwierz\u0105tka Okr\u0105g\u0142a Piramida Z Pude\u0142ek J02670"},"content":{"rendered":"<p>Na ich \u015bciankach znajduj\u0105 si\u0119 pi\u0119kne, kolorowe obrazki le\u015bnych zwierz\u0105t, m.in. ptaszk\u00f3w, lis\u00f3w, dzik\u00f3w czy zaj\u0105czk\u00f3w.Na g\u00f3rnych \u015bciankach s\u0105 ponadto umieszczone cyfry od 1 do 10, dzi\u0119ki czemu mog\u0105 one s\u0142u\u017cy\u0107 tak\u017ce starszym Maluchomdo nauki ich rozpoznawania i liczenia, a nawet jako pude\u0142ka na przybory do rysowania.Zabawka rozwija ch\u0119\u0107 odkrywania i eksperymentowania oraz umiej\u0119tno\u015b\u0107 budowania i tworzenia.liczba element\u00f3w: 10materia\u0142: kartondesign: Francjabezpiecze\u0144stwo i jako\u015b\u0107: EN71-1; EN71-2, EN71-3; REACHwaga produktu: 0,65 kgWYMIARY OPAKOWANIA: 14,5 x 14,5 x 14,5 cmWYMIARY ZABAWKI: 14 x 14 x 90 cmWIEK: od 12 miesi\u0119cyZabawka jest nowa, zapakowana w estetyczne, kartonowe pude\u0142ko.Idealnie nadaje si\u0119 na prezent.<\/p>\n<h2>Janod Le\u015bne Zwierz\u0105tka Okr\u0105g\u0142a Piramida Z Pude\u0142ek J02670 Janod<\/h2>\n<p>\u017cyczenia bo\u017ce narodzenie oryginalne, swinka peppa do czytania, rzadkie imiona dla dziewczynek, wzory zaprosze\u0144 zaproszenie na urodziny do druku pdf, korczak cytaty, \u0142amig\u0142\u00f3wki dla dzieci, quiz flagi, dzie\u0144 pluszowego misia napis, kolorowanka lol surprise, zadania logiczne dla dzieci, park ujazdowski, trudne zagadki matematyczne, ozdoby wielkanocne z dzie\u0107mi, literki, zaproszenia na urodziny do wydruku czarno bia\u0142e, proste \u017carty na prima aprilis<\/p>\n<p>yyyyy<\/p>\n<p>&nbsp;<\/p>\n","protected":false},"excerpt":{"rendered":"<p>Na ich \u015bciankach znajduj\u0105 si\u0119 pi\u0119kne, kolorowe obrazki le\u015bnych zwierz\u0105t, m.in. ptaszk\u00f3w, lis\u00f3w, dzik\u00f3w czy zaj\u0105czk\u00f3w.Na g\u00f3rnych \u015bciankach s\u0105 ponadto umieszczone cyfry od 1 do 10, dzi\u0119ki czemu mog\u0105 one s\u0142u\u017cy\u0107 tak\u017ce starszym Maluchomdo nauki ich rozpoznawania i liczenia, a nawet jako pude\u0142ka na przybory do rysowania.Zabawka rozwija ch\u0119\u0107 odkrywania i eksperymentowania oraz umiej\u0119tno\u015b\u0107 budowania [&hellip;]<\/p>\n","protected":false},"featured_media":10734,"comment_status":"closed","ping_status":"open","template":"","meta":[],"product_cat":[557,90],"product_tag":[854,645,639,646,606,577],"class_list":["post-10733","product","type-product","status-publish","has-post-thumbnail","hentry","product_cat-janod","product_cat-puzzle","product_tag-cytaty-rodzina","product_tag-latwe-zagadki","product_tag-nela-imie","product_tag-prezent-na-pierwsze-urodziny","product_tag-stala-pod-sniegiem","product_tag-znaki-drogowe-test"],"_links":{"self":[{"href":"http:\/\/klubmamgdynia.pl\/index.php\/wp-json\/wp\/v2\/product\/10733","targetHints":{"allow":["GET"]}}],"collection":[{"href":"http:\/\/klubmamgdynia.pl\/index.php\/wp-json\/wp\/v2\/product"}],"about":[{"href":"http:\/\/klubmamgdynia.pl\/index.php\/wp-json\/wp\/v2\/types\/product"}],"replies":[{"embeddable":true,"href":"http:\/\/klubmamgdynia.pl\/index.php\/wp-json\/wp\/v2\/comments?post=10733"}],"wp:featuredmedia":[{"embeddable":true,"href":"http:\/\/klubmamgdynia.pl\/index.php\/wp-json\/wp\/v2\/media\/10734"}],"wp:attachment":[{"href":"http:\/\/klubmamgdynia.pl\/index.php\/wp-json\/wp\/v2\/media?parent=10733"}],"wp:term":[{"taxonomy":"product_cat","embeddable":true,"href":"http:\/\/klubmamgdynia.pl\/index.php\/wp-json\/wp\/v2\/product_cat?post=10733"},{"taxonomy":"product_tag","embeddable":true,"href":"http:\/\/klubmamgdynia.pl\/index.php\/wp-json\/wp\/v2\/product_tag?post=10733"}],"curies":[{"name":"wp","href":"https:\/\/api.w.org\/{rel}","templated":true}]}}