{"id":10735,"date":"2018-05-15T00:43:15","date_gmt":"2018-05-14T22:43:15","guid":{"rendered":"http:\/\/klubmamgdynia.pl\/index.php\/produkt\/anek-moj-pierwszy-laptop-krowka\/"},"modified":"2026-04-06T00:49:30","modified_gmt":"2026-04-05T22:49:30","slug":"anek-moj-pierwszy-laptop-krowka","status":"publish","type":"product","link":"http:\/\/klubmamgdynia.pl\/index.php\/produkt\/anek-moj-pierwszy-laptop-krowka\/","title":{"rendered":"Anek M\u00f3j Pierwszy Laptop Kr\u00f3wka"},"content":{"rendered":"<p>Seria M\u00f3j Pierwszy Laptop, to gama zabawek przypominaj\u0105ca kszta\u0142tem prawdziwe komputery. Na wy\u015bwietlaczu widnieje wizerunek zwierz\u0105tka. Przyjazny wygl\u0105d zach\u0119ca do zabawy, a solidne wykonanie i brak ostrych kraw\u0119dzi, sprawiaj\u0105 \u017ce zabawka jest ca\u0142kowicie bezpieczna.M\u00f3j Pierwszy Laptop- Kr\u00f3wka, Tygrysek, Hipcio.Interaktywny laptop doskonale wprowadzi maluszka w \u015bwiat podstawowych kszta\u0142t\u00f3w, pierwszych cyfr, pierwszych liter alfabetu.Co zyskuje dziecko:\u2022 S\u0142uchaj\u0105c weso\u0142ych melodyjek rozwinie zmys\u0142 s\u0142uchu.\u2022 Nauczy si\u0119 kszta\u0142t\u00f3w, cyfr i pierwszych liter alfabetu.\u2022 Rozwinie zmys\u0142 dotyku.\u2022 \u0106wiczy ma\u0142\u0105 motoryk\u0119.\u2022 B\u0119dzie si\u0119 znakomicie bawi\u0142o.Co potrafi laptop:\u2022 Wciskany przycisk zostaje pod\u015bwietlony na wy\u015bwietlaczu.\u2022 Gra weso\u0142e melodie.\u2022 Mruga \u015bwiate\u0142kami.\u2022 Ciekawy kszta\u0142t i kolorystyka.\u2022 Ma wiele przycisk\u00f3w funkcyjnych.Zabawka w pe\u0142ni wykonana jest z bezpiecznych materia\u0142\u00f3w.Wiek: od 12 miesi\u0119cy.Zasilanie: 2 bateria AA, do\u0142\u0105czone do zestawu.<\/p>\n<h2>Anek M\u00f3j Pierwszy Laptop Kr\u00f3wka Anek<\/h2>\n<p>mira imi\u0119, gry i zabawy dla dzieci, zagadki dla 4 latka, asiunia test, dziwne zagadki, fajne zagadki, ja\u015bmina imi\u0119, papuga kolorowanka, dziewczynka z parku pytania i odpowiedzi, ahmed, trudne zagadki dla doros\u0142ych, dziecko cytaty, zagadki dla dzieci 4-5 lat, kolorowanki dla dziewczynek 10 lat, prezent roczek<\/p>\n<p>yyyyy<\/p>\n<p>&nbsp;<\/p>\n","protected":false},"excerpt":{"rendered":"<p>Seria M\u00f3j Pierwszy Laptop, to gama zabawek przypominaj\u0105ca kszta\u0142tem prawdziwe komputery. Na wy\u015bwietlaczu widnieje wizerunek zwierz\u0105tka. Przyjazny wygl\u0105d zach\u0119ca do zabawy, a solidne wykonanie i brak ostrych kraw\u0119dzi, sprawiaj\u0105 \u017ce zabawka jest ca\u0142kowicie bezpieczna.M\u00f3j Pierwszy Laptop- Kr\u00f3wka, Tygrysek, Hipcio.Interaktywny laptop doskonale wprowadzi maluszka w \u015bwiat podstawowych kszta\u0142t\u00f3w, pierwszych cyfr, pierwszych liter alfabetu.Co zyskuje dziecko:\u2022 S\u0142uchaj\u0105c [&hellip;]<\/p>\n","protected":false},"featured_media":10736,"comment_status":"closed","ping_status":"open","template":"","meta":[],"product_cat":[111,61],"product_tag":[658,827,797,847,795],"class_list":["post-10735","product","type-product","status-publish","has-post-thumbnail","hentry","product_cat-anek","product_cat-zabawki-edukacyjne-dla-niemowlat","product_tag-alan-znaczenie-imienia","product_tag-bajki-dla-niemowlat","product_tag-kiekrz","product_tag-kolorowanki-pokemon","product_tag-mini-zoo-warszawa"],"_links":{"self":[{"href":"http:\/\/klubmamgdynia.pl\/index.php\/wp-json\/wp\/v2\/product\/10735","targetHints":{"allow":["GET"]}}],"collection":[{"href":"http:\/\/klubmamgdynia.pl\/index.php\/wp-json\/wp\/v2\/product"}],"about":[{"href":"http:\/\/klubmamgdynia.pl\/index.php\/wp-json\/wp\/v2\/types\/product"}],"replies":[{"embeddable":true,"href":"http:\/\/klubmamgdynia.pl\/index.php\/wp-json\/wp\/v2\/comments?post=10735"}],"wp:featuredmedia":[{"embeddable":true,"href":"http:\/\/klubmamgdynia.pl\/index.php\/wp-json\/wp\/v2\/media\/10736"}],"wp:attachment":[{"href":"http:\/\/klubmamgdynia.pl\/index.php\/wp-json\/wp\/v2\/media?parent=10735"}],"wp:term":[{"taxonomy":"product_cat","embeddable":true,"href":"http:\/\/klubmamgdynia.pl\/index.php\/wp-json\/wp\/v2\/product_cat?post=10735"},{"taxonomy":"product_tag","embeddable":true,"href":"http:\/\/klubmamgdynia.pl\/index.php\/wp-json\/wp\/v2\/product_tag?post=10735"}],"curies":[{"name":"wp","href":"https:\/\/api.w.org\/{rel}","templated":true}]}}