{"id":10739,"date":"2021-02-19T17:03:38","date_gmt":"2021-02-19T16:03:38","guid":{"rendered":"http:\/\/klubmamgdynia.pl\/index.php\/produkt\/tomy-wesole-jajeczka-sorter-1581\/"},"modified":"2026-04-04T02:15:22","modified_gmt":"2026-04-04T00:15:22","slug":"tomy-wesole-jajeczka-sorter-1581","status":"publish","type":"product","link":"http:\/\/klubmamgdynia.pl\/index.php\/produkt\/tomy-wesole-jajeczka-sorter-1581\/","title":{"rendered":"Tomy Weso\u0142e Jajeczka Sorter 1581"},"content":{"rendered":"<p>TOMY WESO\u0141E JAJECZKA SORTER<\/p>\n<p>            Takiej zabawy jeszcze nie by\u0142o!<\/p>\n<p>TOMY Jajeczka z d\u017awi\u0119kami dostarcz\u0105 mn\u00f3stwa aktywnej zabawy i wywo\u0142aj\u0105 u\u015bmiech na twarzy ka\u017cdego dziecka. W \u015brodku zestawu czeka na malucha 6 jajeczek, a w ka\u017cdym z nich schowany zosta\u0142 piszcz\u0105cy kurczaczek. Ca\u0142o\u015b\u0107 zapakowana jest w \u017c\u00f3\u0142te, plastikowe pude\u0142ko, kszta\u0142tem przypominaj\u0105ce prawdziw\u0105 wyt\u0142oczk\u0119.                            <\/p>\n<p>            Nauka rozpoznawania kszta\u0142t\u00f3w<\/p>\n<p>Ka\u017cda skorupka ma inn\u0105 mink\u0119, a ka\u017cdy ptaszek inny kolor. Dziecko mo\u017ce dowolnie zamienia\u0107 ich skorupki poniewa\u017c s\u0105 one uniwersalne. Co istotne, ka\u017cde jajeczko ma w podstawie kszta\u0142t, kt\u00f3ry pasuje do wzoru wyt\u0142oczonego w wyt\u0142oczce. Dziecko przyporz\u0105dkowuj\u0105c skorupk\u0119 do otworu uczy si\u0119 rozpoznawania kszta\u0142t\u00f3w, \u0107wiczy pami\u0119\u0107 i rozwija logiczne my\u015blenie. Jajeczka mo\u017cna wyj\u0105\u0107 z plastikowego pude\u0142eczka i u\u017cywa\u0107 r\u00f3wnie\u017c jako uzupe\u0142nienie innych zabaw.<\/p>\n<h2>Tomy Weso\u0142e Jajeczka Sorter 1581 Tomy<\/h2>\n<p>zagadka matematyczna, prima aprilis zarty, hobbit, hymn g\u00f3rniczy, trudne zagadki logiczne z odpowiedziami, list do sw mikolaja, prezent dla dziewczynki 7 lat, prezent dla nastolatk\u00f3w 2020, wielkanocne zagadki, wiersz o marzannie, carmen imie, lato lato lato czeka, kolorowanka ksi\u0119\u017cniczka<\/p>\n<p>yyyyy<\/p>\n<p>&nbsp;<\/p>\n","protected":false},"excerpt":{"rendered":"<p>TOMY WESO\u0141E JAJECZKA SORTER Takiej zabawy jeszcze nie by\u0142o! TOMY Jajeczka z d\u017awi\u0119kami dostarcz\u0105 mn\u00f3stwa aktywnej zabawy i wywo\u0142aj\u0105 u\u015bmiech na twarzy ka\u017cdego dziecka. W \u015brodku zestawu czeka na malucha 6 jajeczek, a w ka\u017cdym z nich schowany zosta\u0142 piszcz\u0105cy kurczaczek. Ca\u0142o\u015b\u0107 zapakowana jest w \u017c\u00f3\u0142te, plastikowe pude\u0142ko, kszta\u0142tem przypominaj\u0105ce prawdziw\u0105 wyt\u0142oczk\u0119. Nauka rozpoznawania kszta\u0142t\u00f3w [&hellip;]<\/p>\n","protected":false},"featured_media":10740,"comment_status":"closed","ping_status":"open","template":"","meta":[],"product_cat":[1327,61],"product_tag":[673,677,810,835],"class_list":["post-10739","product","type-product","status-publish","has-post-thumbnail","hentry","product_cat-tomy","product_cat-zabawki-edukacyjne-dla-niemowlat","product_tag-juz-blisko-koleda-tekst","product_tag-milosz-imie","product_tag-nauka-zegara-do-druku","product_tag-radosc-dziecka-cytaty"],"_links":{"self":[{"href":"http:\/\/klubmamgdynia.pl\/index.php\/wp-json\/wp\/v2\/product\/10739","targetHints":{"allow":["GET"]}}],"collection":[{"href":"http:\/\/klubmamgdynia.pl\/index.php\/wp-json\/wp\/v2\/product"}],"about":[{"href":"http:\/\/klubmamgdynia.pl\/index.php\/wp-json\/wp\/v2\/types\/product"}],"replies":[{"embeddable":true,"href":"http:\/\/klubmamgdynia.pl\/index.php\/wp-json\/wp\/v2\/comments?post=10739"}],"wp:featuredmedia":[{"embeddable":true,"href":"http:\/\/klubmamgdynia.pl\/index.php\/wp-json\/wp\/v2\/media\/10740"}],"wp:attachment":[{"href":"http:\/\/klubmamgdynia.pl\/index.php\/wp-json\/wp\/v2\/media?parent=10739"}],"wp:term":[{"taxonomy":"product_cat","embeddable":true,"href":"http:\/\/klubmamgdynia.pl\/index.php\/wp-json\/wp\/v2\/product_cat?post=10739"},{"taxonomy":"product_tag","embeddable":true,"href":"http:\/\/klubmamgdynia.pl\/index.php\/wp-json\/wp\/v2\/product_tag?post=10739"}],"curies":[{"name":"wp","href":"https:\/\/api.w.org\/{rel}","templated":true}]}}