{"id":1074,"date":"2017-12-19T18:12:54","date_gmt":"2017-12-19T17:12:54","guid":{"rendered":"http:\/\/klubmamgdynia.pl\/index.php\/produkt\/eurobaby-zabawka-kierownica-629464-ebz8681\/"},"modified":"2026-04-05T22:15:12","modified_gmt":"2026-04-05T20:15:12","slug":"eurobaby-zabawka-kierownica-629464-ebz8681","status":"publish","type":"product","link":"http:\/\/klubmamgdynia.pl\/index.php\/produkt\/eurobaby-zabawka-kierownica-629464-ebz8681\/","title":{"rendered":"Eurobaby Zabawka Kierownica 629464 (Ebz8681)"},"content":{"rendered":"<p>EBZ 868-1Zabawka graj\u0105ca kierownica. Po naci\u015bni\u0119ciu przycisk\u00f3w odgrywane zostaj\u0105 melodie oraz d\u017awi\u0119ki. Na przyciskach narysowane s\u0105 pojazdy, oraz nuty. Kierownica zawiera tak\u017ce \u015bwiate\u0142ka migaj\u0105ce w czasie zabawy. Zabawka uczy dziecko przez zabaw\u0119.Zabawka bezpieczna i nietoksycznaProdukt przeznaczony dla dzieci powy\u017cej trzeciego roku \u017cycia.Wymiary opakowania:Wysoko\u015b\u0107: 25cmSzeroko\u015b\u0107: 8,5cmD\u0142ugo\u015b\u0107: 26 cmZabawka na baterie. Brak baterii w zestawie.<\/p>\n<h2>Eurobaby Zabawka Kierownica 629464 (Ebz8681) Eurobaby<\/h2>\n<p>nauka polskiego dla dzieci z ukrainy, gloria imie, paj\u0105czek na rowerze test, zagadki dla 7 latk\u00f3w<\/p>\n<p>yyyyy<\/p>\n<p>&nbsp;<\/p>\n","protected":false},"excerpt":{"rendered":"<p>EBZ 868-1Zabawka graj\u0105ca kierownica. Po naci\u015bni\u0119ciu przycisk\u00f3w odgrywane zostaj\u0105 melodie oraz d\u017awi\u0119ki. Na przyciskach narysowane s\u0105 pojazdy, oraz nuty. Kierownica zawiera tak\u017ce \u015bwiate\u0142ka migaj\u0105ce w czasie zabawy. Zabawka uczy dziecko przez zabaw\u0119.Zabawka bezpieczna i nietoksycznaProdukt przeznaczony dla dzieci powy\u017cej trzeciego roku \u017cycia.Wymiary opakowania:Wysoko\u015b\u0107: 25cmSzeroko\u015b\u0107: 8,5cmD\u0142ugo\u015b\u0107: 26 cmZabawka na baterie. Brak baterii w zestawie. Eurobaby Zabawka [&hellip;]<\/p>\n","protected":false},"featured_media":1075,"comment_status":"closed","ping_status":"open","template":"","meta":[],"product_cat":[128,39],"product_tag":[855,866,694,733],"class_list":["post-1074","product","type-product","status-publish","has-post-thumbnail","hentry","product_cat-eurobaby","product_cat-zabawki-interaktywne","product_tag-nietypowe-imiona-zenskie","product_tag-opis-do-zdjecia-dziecka-na-fb","product_tag-zagadki-swiateczne-dla-dzieci","product_tag-zarty-na-prima-aprilis"],"_links":{"self":[{"href":"http:\/\/klubmamgdynia.pl\/index.php\/wp-json\/wp\/v2\/product\/1074","targetHints":{"allow":["GET"]}}],"collection":[{"href":"http:\/\/klubmamgdynia.pl\/index.php\/wp-json\/wp\/v2\/product"}],"about":[{"href":"http:\/\/klubmamgdynia.pl\/index.php\/wp-json\/wp\/v2\/types\/product"}],"replies":[{"embeddable":true,"href":"http:\/\/klubmamgdynia.pl\/index.php\/wp-json\/wp\/v2\/comments?post=1074"}],"wp:featuredmedia":[{"embeddable":true,"href":"http:\/\/klubmamgdynia.pl\/index.php\/wp-json\/wp\/v2\/media\/1075"}],"wp:attachment":[{"href":"http:\/\/klubmamgdynia.pl\/index.php\/wp-json\/wp\/v2\/media?parent=1074"}],"wp:term":[{"taxonomy":"product_cat","embeddable":true,"href":"http:\/\/klubmamgdynia.pl\/index.php\/wp-json\/wp\/v2\/product_cat?post=1074"},{"taxonomy":"product_tag","embeddable":true,"href":"http:\/\/klubmamgdynia.pl\/index.php\/wp-json\/wp\/v2\/product_tag?post=1074"}],"curies":[{"name":"wp","href":"https:\/\/api.w.org\/{rel}","templated":true}]}}