{"id":10741,"date":"2017-02-01T08:39:33","date_gmt":"2017-02-01T07:39:33","guid":{"rendered":"http:\/\/klubmamgdynia.pl\/index.php\/produkt\/lean-toys-zestaw-strazaka-woz-helm-gasnica-pila-14-elementow-zabawka\/"},"modified":"2026-04-04T14:48:40","modified_gmt":"2026-04-04T12:48:40","slug":"lean-toys-zestaw-strazaka-woz-helm-gasnica-pila-14-elementow-zabawka","status":"publish","type":"product","link":"http:\/\/klubmamgdynia.pl\/index.php\/produkt\/lean-toys-zestaw-strazaka-woz-helm-gasnica-pila-14-elementow-zabawka\/","title":{"rendered":"Lean Toys Zestaw Stra\u017caka W\u00f3z He\u0142m Ga\u015bnica Pi\u0142a 14 Element\u00f3w &#8211; Zabawka"},"content":{"rendered":"<p>Zestaw Stra\u017caka W\u00f3z He\u0142m Ga\u015bnica Pi\u0142a 14 Element\u00f3w<\/p>\n<h2>Lean Toys Zestaw Stra\u017caka W\u00f3z He\u0142m Ga\u015bnica Pi\u0142a 14 Element\u00f3w &#8211; Zabawka Lean Toys<\/h2>\n<p>u\u015bmiech dziecka wiersz, mi\u0142o\u015b\u0107 do dziecka cytaty, jeremi imi\u0119, mini zoo mazowieckie, prezent dla 7 latki, quiz o psie kt\u00f3ry je\u017adzi\u0142 kolej\u0105, czapka g\u00f3rnika kolorowanka, iwo imi\u0119, rzadkie imiona japo\u0144skie, kolorowanki andrzejkowe, kolysanki tekst<\/p>\n<p>yyyyy<\/p>\n<p>&nbsp;<\/p>\n","protected":false},"excerpt":{"rendered":"<p>Zestaw Stra\u017caka W\u00f3z He\u0142m Ga\u015bnica Pi\u0142a 14 Element\u00f3w Lean Toys Zestaw Stra\u017caka W\u00f3z He\u0142m Ga\u015bnica Pi\u0142a 14 Element\u00f3w &#8211; Zabawka Lean Toys u\u015bmiech dziecka wiersz, mi\u0142o\u015b\u0107 do dziecka cytaty, jeremi imi\u0119, mini zoo mazowieckie, prezent dla 7 latki, quiz o psie kt\u00f3ry je\u017adzi\u0142 kolej\u0105, czapka g\u00f3rnika kolorowanka, iwo imi\u0119, rzadkie imiona japo\u0144skie, kolorowanki andrzejkowe, kolysanki [&hellip;]<\/p>\n","protected":false},"featured_media":10742,"comment_status":"closed","ping_status":"open","template":"","meta":[],"product_cat":[53,73],"product_tag":[728,763,593,797,585,613,632],"class_list":["post-10741","product","type-product","status-publish","has-post-thumbnail","hentry","product_cat-kaciki-zabaw","product_cat-lean-toys","product_tag-bezwarunkowa-milosc-do-dziecka-cytaty","product_tag-fabian","product_tag-jak-narysowac-konia","product_tag-kiekrz","product_tag-kolorowanki-dla-chlopcow","product_tag-na-wyspach-bergamutach","product_tag-warszawa-atrakcje-dla-mlodziezy"],"_links":{"self":[{"href":"http:\/\/klubmamgdynia.pl\/index.php\/wp-json\/wp\/v2\/product\/10741","targetHints":{"allow":["GET"]}}],"collection":[{"href":"http:\/\/klubmamgdynia.pl\/index.php\/wp-json\/wp\/v2\/product"}],"about":[{"href":"http:\/\/klubmamgdynia.pl\/index.php\/wp-json\/wp\/v2\/types\/product"}],"replies":[{"embeddable":true,"href":"http:\/\/klubmamgdynia.pl\/index.php\/wp-json\/wp\/v2\/comments?post=10741"}],"wp:featuredmedia":[{"embeddable":true,"href":"http:\/\/klubmamgdynia.pl\/index.php\/wp-json\/wp\/v2\/media\/10742"}],"wp:attachment":[{"href":"http:\/\/klubmamgdynia.pl\/index.php\/wp-json\/wp\/v2\/media?parent=10741"}],"wp:term":[{"taxonomy":"product_cat","embeddable":true,"href":"http:\/\/klubmamgdynia.pl\/index.php\/wp-json\/wp\/v2\/product_cat?post=10741"},{"taxonomy":"product_tag","embeddable":true,"href":"http:\/\/klubmamgdynia.pl\/index.php\/wp-json\/wp\/v2\/product_tag?post=10741"}],"curies":[{"name":"wp","href":"https:\/\/api.w.org\/{rel}","templated":true}]}}