{"id":10743,"date":"2011-03-13T17:50:44","date_gmt":"2011-03-13T16:50:44","guid":{"rendered":"http:\/\/klubmamgdynia.pl\/index.php\/produkt\/szopka-bozonarodzeniowa-modele-z-papieru-dla-dzie\/"},"modified":"2026-04-22T21:51:24","modified_gmt":"2026-04-22T19:51:24","slug":"szopka-bozonarodzeniowa-modele-z-papieru-dla-dzie","status":"publish","type":"product","link":"http:\/\/klubmamgdynia.pl\/index.php\/produkt\/szopka-bozonarodzeniowa-modele-z-papieru-dla-dzie\/","title":{"rendered":"Szopka bo\u017conarodzeniowa Modele z papieru dla dzie"},"content":{"rendered":"<p>Ksi\u0105\u017ceczka z bo\u017conarodzeniow\u0105 szopk\u0105 do samodzielnego z\u0142o\u017cenia to doskona\u0142a propozycja na czas \u015bwi\u0105t. Opr\u00f3cz szopki w ksi\u0105\u017cce znajduj\u0105 si\u0119 r\u00f3wnie\u017c modele kr\u00f3l\u00f3w, pasterzy, anio\u0142\u00f3w i zwierz\u0105t. Modele nale\u017cy ostro\u017cnie wypchn\u0105\u0107 z kartonu, z\u0142o\u017cy\u0107 wzd\u0142u\u017c zaznaczonych linii i wsun\u0105\u0107 w otwory papierowe zaczepy. Dziecko mo\u017ce z\u0142o\u017cy\u0107 ozdoby samodzielnie lub z niewielk\u0105 pomoc\u0105 osoby doros\u0142ej &#8211; wszystkie modele s\u0105 bezpieczne dla dziecka i niebrudz\u0105ce.ISBN: 9788381061025Kod paskowy: 9788381061025Wydanie: 1Rok wydania: 2017Kod wydawcy: 20874Miejscowo\u015b\u0107: Krak\u00f3wLiczba stron: 8Oprawa: Mi\u0119kkaPKWiU: 58.11.13.0Format: 20.5&#215;28.5G\u0142\u0119boko\u015b\u0107 (mm): 6Waga: 0.148J\u0119zyki: polskiWiek: 5-7 lat, 8-11 latGrupa towarowa: Ksi\u0105\u017cka<\/p>\n<h2>Szopka bo\u017conarodzeniowa Modele z papieru dla dzie Aksjomat<\/h2>\n<p>prezent na 1 urodziny, melania imi\u0119, pomys\u0142 na prezent dla 15 latki, miastodzieci, zagadki dla dzieci 5 lat, \u015bmigus dyngus lany poniedzia\u0142ek zyczenia, zabawy dla 5-6 latk\u00f3w, zak\u0142adka do ksi\u0105\u017cki szablon do druku, po\u0142\u0105cz kropki, zagadki do rozwi\u0105zania, sonia imi\u0119, \u015bwi\u0105teczne filmy familijne, trudne zagadki dla dzieci<\/p>\n<p>yyyyy<\/p>\n<p>&nbsp;<\/p>\n","protected":false},"excerpt":{"rendered":"<p>Ksi\u0105\u017ceczka z bo\u017conarodzeniow\u0105 szopk\u0105 do samodzielnego z\u0142o\u017cenia to doskona\u0142a propozycja na czas \u015bwi\u0105t. Opr\u00f3cz szopki w ksi\u0105\u017cce znajduj\u0105 si\u0119 r\u00f3wnie\u017c modele kr\u00f3l\u00f3w, pasterzy, anio\u0142\u00f3w i zwierz\u0105t. Modele nale\u017cy ostro\u017cnie wypchn\u0105\u0107 z kartonu, z\u0142o\u017cy\u0107 wzd\u0142u\u017c zaznaczonych linii i wsun\u0105\u0107 w otwory papierowe zaczepy. Dziecko mo\u017ce z\u0142o\u017cy\u0107 ozdoby samodzielnie lub z niewielk\u0105 pomoc\u0105 osoby doros\u0142ej &#8211; wszystkie [&hellip;]<\/p>\n","protected":false},"featured_media":10744,"comment_status":"closed","ping_status":"open","template":"","meta":[],"product_cat":[1512,482],"product_tag":[598,688,697,787,748,804],"class_list":["post-10743","product","type-product","status-publish","has-post-thumbnail","hentry","product_cat-aksjomat","product_cat-gadzety","product_tag-co-na-roczek-dla-dziewczynki","product_tag-kolysanki-tekst","product_tag-krotkie-bajki-do-czytania","product_tag-nauka-pisania-wyrazow-dla-dzieci-do-druku-pdf","product_tag-okolice-wroclawia-atrakcje","product_tag-ryz-z-owocami"],"_links":{"self":[{"href":"http:\/\/klubmamgdynia.pl\/index.php\/wp-json\/wp\/v2\/product\/10743","targetHints":{"allow":["GET"]}}],"collection":[{"href":"http:\/\/klubmamgdynia.pl\/index.php\/wp-json\/wp\/v2\/product"}],"about":[{"href":"http:\/\/klubmamgdynia.pl\/index.php\/wp-json\/wp\/v2\/types\/product"}],"replies":[{"embeddable":true,"href":"http:\/\/klubmamgdynia.pl\/index.php\/wp-json\/wp\/v2\/comments?post=10743"}],"wp:featuredmedia":[{"embeddable":true,"href":"http:\/\/klubmamgdynia.pl\/index.php\/wp-json\/wp\/v2\/media\/10744"}],"wp:attachment":[{"href":"http:\/\/klubmamgdynia.pl\/index.php\/wp-json\/wp\/v2\/media?parent=10743"}],"wp:term":[{"taxonomy":"product_cat","embeddable":true,"href":"http:\/\/klubmamgdynia.pl\/index.php\/wp-json\/wp\/v2\/product_cat?post=10743"},{"taxonomy":"product_tag","embeddable":true,"href":"http:\/\/klubmamgdynia.pl\/index.php\/wp-json\/wp\/v2\/product_tag?post=10743"}],"curies":[{"name":"wp","href":"https:\/\/api.w.org\/{rel}","templated":true}]}}