{"id":10747,"date":"2023-03-20T06:47:11","date_gmt":"2023-03-20T05:47:11","guid":{"rendered":"http:\/\/klubmamgdynia.pl\/?post_type=product&#038;p=10747"},"modified":"2026-04-30T19:24:10","modified_gmt":"2026-04-30T17:24:10","slug":"anek-dla-dzieci-narzedzia-w-walizce-zabawka","status":"publish","type":"product","link":"http:\/\/klubmamgdynia.pl\/index.php\/produkt\/anek-dla-dzieci-narzedzia-w-walizce-zabawka\/","title":{"rendered":"Anek Dla Dzieci Narz\u0119dzia W Walizce &#8211; Zabawka"},"content":{"rendered":"<p>Dzieci uwielbiaj\u0105 na\u015bladowa\u0107 doros\u0142ych,wykonuj\u0105c te same czynno\u015bci.Zestaw narz\u0119dzi sk\u0142ada si\u0119 z 14 element\u00f3w.Walizka to pewno\u015b\u0107, \u017ce \u017caden element zestawu si\u0119 nie zawieruszy.W zestawie:- 2 elementy do skr\u0119cania 7.5 i 10.5 cm- 2 \u015bruby 4 i 6 cm- 2 nakr\u0119tki- \u015bcisk stolarski 13 cm- poziomica 17 cm- wiertarka na baterie 15 x 16 x 5 cm- wiert\u0142o 7.5 cm- wkr\u0119tak 7.5 cm- m\u0142otek 18.5 cm- \u015brubokr\u0119t 14 cm- klucz 14 cm- walizka 27 x 22 x 6 cm.Wiertarka wydaje d\u017awi\u0119k.Zasilana bateriami 2xAA &#8211; brak w zestawie.Wiek: 3+Nie nadaje si\u0119 dla dzieci w wieku poni\u017cej 3 lat.Produkt spe\u0142nia normy Unii Europejskiej w zakresie bezpiecze\u0144stwa oraz wp\u0142ywu na zdrowie i \u015brodowisko.<\/p>\n<h2>Anek Dla Dzieci Narz\u0119dzia W Walizce &#8211; Zabawka Anek<\/h2>\n<p>bajka dla dzieci do czytania, jak narysowa\u0107 psa, kanapki dla dzieci, quiz flagi europy, quiz o hobbicie, zagadki trudne, kolorowe kredki tekst, narodziny dziecka cytat, kotek kolorowanka do druku, zagadki logiczne i odpowiedzi, \u015bwinka peppa kolorowanka do druku, \u017carty na prima aprilis w domu, super zings kolorowanki, \u0142\u00f3d\u017a atrakcje dla dzieci, zabawy z 7 latkiem<\/p>\n<p>yyyyy<\/p>\n<p>&nbsp;<\/p>\n","protected":false},"excerpt":{"rendered":"<p>Dzieci uwielbiaj\u0105 na\u015bladowa\u0107 doros\u0142ych,wykonuj\u0105c te same czynno\u015bci.Zestaw narz\u0119dzi sk\u0142ada si\u0119 z 14 element\u00f3w.Walizka to pewno\u015b\u0107, \u017ce \u017caden element zestawu si\u0119 nie zawieruszy.W zestawie:- 2 elementy do skr\u0119cania 7.5 i 10.5 cm- 2 \u015bruby 4 i 6 cm- 2 nakr\u0119tki- \u015bcisk stolarski 13 cm- poziomica 17 cm- wiertarka na baterie 15 x 16 x 5 cm- [&hellip;]<\/p>\n","protected":false},"featured_media":10748,"comment_status":"closed","ping_status":"open","template":"","meta":[],"product_cat":[111,53],"product_tag":[836,618,582,742,600],"class_list":["post-10747","product","type-product","status-publish","has-post-thumbnail","hentry","product_cat-anek","product_cat-kaciki-zabaw","product_tag-co-kupic-dziecku-na-roczek","product_tag-lato-lato-lato-czeka-tekst","product_tag-nauka-pisania-literek-do-wydruku-pdf","product_tag-piosenki-dla-dzieci-tekst","product_tag-zaproszenia-na-urodziny-do-druku"],"_links":{"self":[{"href":"http:\/\/klubmamgdynia.pl\/index.php\/wp-json\/wp\/v2\/product\/10747","targetHints":{"allow":["GET"]}}],"collection":[{"href":"http:\/\/klubmamgdynia.pl\/index.php\/wp-json\/wp\/v2\/product"}],"about":[{"href":"http:\/\/klubmamgdynia.pl\/index.php\/wp-json\/wp\/v2\/types\/product"}],"replies":[{"embeddable":true,"href":"http:\/\/klubmamgdynia.pl\/index.php\/wp-json\/wp\/v2\/comments?post=10747"}],"wp:featuredmedia":[{"embeddable":true,"href":"http:\/\/klubmamgdynia.pl\/index.php\/wp-json\/wp\/v2\/media\/10748"}],"wp:attachment":[{"href":"http:\/\/klubmamgdynia.pl\/index.php\/wp-json\/wp\/v2\/media?parent=10747"}],"wp:term":[{"taxonomy":"product_cat","embeddable":true,"href":"http:\/\/klubmamgdynia.pl\/index.php\/wp-json\/wp\/v2\/product_cat?post=10747"},{"taxonomy":"product_tag","embeddable":true,"href":"http:\/\/klubmamgdynia.pl\/index.php\/wp-json\/wp\/v2\/product_tag?post=10747"}],"curies":[{"name":"wp","href":"https:\/\/api.w.org\/{rel}","templated":true}]}}