{"id":10749,"date":"2011-05-25T12:52:18","date_gmt":"2011-05-25T10:52:18","guid":{"rendered":"http:\/\/klubmamgdynia.pl\/index.php\/produkt\/ameet-star-wars-moc-przygod\/"},"modified":"2026-04-05T23:19:12","modified_gmt":"2026-04-05T21:19:12","slug":"ameet-star-wars-moc-przygod","status":"publish","type":"product","link":"http:\/\/klubmamgdynia.pl\/index.php\/produkt\/ameet-star-wars-moc-przygod\/","title":{"rendered":"Ameet Star Wars. Moc Przyg\u00f3d"},"content":{"rendered":"<p>Witaj w galaktyce \u201eGwiezdnych wojen\u201d. Przed Tob\u0105 prawdziwa MOC PRZYG\u00d3D \u2013 mn\u00f3stwo zada\u0144 i \u0142amig\u0142\u00f3wek, a tak\u017ce zagadki, quizy i naklejki. Pami\u0119taj, musisz by\u0107 sprytny i uwa\u017cny, by skutecznie walczy\u0107 z bezwzgl\u0119dnym wrogiem!<\/p>\n<h2>Ameet Star Wars. Moc Przyg\u00f3d AMEET<\/h2>\n<p>znaczenie imienia marcel, kolorowanki do druku pieski, alina, zagadki matematyczne, minionki kolorowanka, dyplom dla przedszkolaka do wydruku, hobbit, ptak b\u0105k, pomys\u0142y na prezent dla nastolatk\u00f3w, oskar imie, pozytywne cytaty mama cytaty, aniela znaczenie imienia, kolorowanki lego ninjago<\/p>\n<p>yyyyy<\/p>\n<p>&nbsp;<\/p>\n","protected":false},"excerpt":{"rendered":"<p>Witaj w galaktyce \u201eGwiezdnych wojen\u201d. Przed Tob\u0105 prawdziwa MOC PRZYG\u00d3D \u2013 mn\u00f3stwo zada\u0144 i \u0142amig\u0142\u00f3wek, a tak\u017ce zagadki, quizy i naklejki. Pami\u0119taj, musisz by\u0107 sprytny i uwa\u017cny, by skutecznie walczy\u0107 z bezwzgl\u0119dnym wrogiem! Ameet Star Wars. Moc Przyg\u00f3d AMEET znaczenie imienia marcel, kolorowanki do druku pieski, alina, zagadki matematyczne, minionki kolorowanka, dyplom dla przedszkolaka do [&hellip;]<\/p>\n","protected":false},"featured_media":10750,"comment_status":"closed","ping_status":"open","template":"","meta":[],"product_cat":[1923,325],"product_tag":[833,776,759,741],"class_list":["post-10749","product","type-product","status-publish","has-post-thumbnail","hentry","product_cat-ameet","product_cat-szkolne-artykuly-papiernicze","product_tag-bajki-dla-dzieci-do-czytania","product_tag-dobrej-nocy","product_tag-pomysly-na-prezent-dla-nastolatkow","product_tag-wlochy"],"_links":{"self":[{"href":"http:\/\/klubmamgdynia.pl\/index.php\/wp-json\/wp\/v2\/product\/10749","targetHints":{"allow":["GET"]}}],"collection":[{"href":"http:\/\/klubmamgdynia.pl\/index.php\/wp-json\/wp\/v2\/product"}],"about":[{"href":"http:\/\/klubmamgdynia.pl\/index.php\/wp-json\/wp\/v2\/types\/product"}],"replies":[{"embeddable":true,"href":"http:\/\/klubmamgdynia.pl\/index.php\/wp-json\/wp\/v2\/comments?post=10749"}],"wp:featuredmedia":[{"embeddable":true,"href":"http:\/\/klubmamgdynia.pl\/index.php\/wp-json\/wp\/v2\/media\/10750"}],"wp:attachment":[{"href":"http:\/\/klubmamgdynia.pl\/index.php\/wp-json\/wp\/v2\/media?parent=10749"}],"wp:term":[{"taxonomy":"product_cat","embeddable":true,"href":"http:\/\/klubmamgdynia.pl\/index.php\/wp-json\/wp\/v2\/product_cat?post=10749"},{"taxonomy":"product_tag","embeddable":true,"href":"http:\/\/klubmamgdynia.pl\/index.php\/wp-json\/wp\/v2\/product_tag?post=10749"}],"curies":[{"name":"wp","href":"https:\/\/api.w.org\/{rel}","templated":true}]}}