{"id":10751,"date":"2024-03-28T04:26:10","date_gmt":"2024-03-28T03:26:10","guid":{"rendered":"http:\/\/klubmamgdynia.pl\/?post_type=product&#038;p=10751"},"modified":"2026-04-22T14:21:01","modified_gmt":"2026-04-22T12:21:01","slug":"avengers-spider-fotelik-pufa-pojemnik-na-zabawki","status":"publish","type":"product","link":"http:\/\/klubmamgdynia.pl\/index.php\/produkt\/avengers-spider-fotelik-pufa-pojemnik-na-zabawki\/","title":{"rendered":"Avengers Spider Fotelik Pufa Pojemnik Na Zabawki"},"content":{"rendered":"<p>Domy\u015blny opis kr\u00f3tki<\/p>\n<h2>Avengers Spider Fotelik Pufa Pojemnik Na Zabawki Textiel<\/h2>\n<p>dyplom za udzia\u0142 w konkursie do druku, \u0142amig\u0142\u00f3wki dla dzieci, bajki dla niemowlakow, koty kolorowanka, quiz stolice europy, mega trudne zagadki logiczne, opisy do zdj\u0119\u0107 dziecka, cytaty o rodzinie, \u017carty na prima aprilis na rodzic\u00f3w, bajki na dobranoc, ma\u0142y ksi\u0105\u017c\u0119 cytaty o przyja\u017ani, znaczenia imienia alicja, lody kolorowanka<\/p>\n<p>yyyyy<\/p>\n<p>&nbsp;<\/p>\n","protected":false},"excerpt":{"rendered":"<p>Domy\u015blny opis kr\u00f3tki Avengers Spider Fotelik Pufa Pojemnik Na Zabawki Textiel dyplom za udzia\u0142 w konkursie do druku, \u0142amig\u0142\u00f3wki dla dzieci, bajki dla niemowlakow, koty kolorowanka, quiz stolice europy, mega trudne zagadki logiczne, opisy do zdj\u0119\u0107 dziecka, cytaty o rodzinie, \u017carty na prima aprilis na rodzic\u00f3w, bajki na dobranoc, ma\u0142y ksi\u0105\u017c\u0119 cytaty o przyja\u017ani, znaczenia [&hellip;]<\/p>\n","protected":false},"featured_media":10752,"comment_status":"closed","ping_status":"open","template":"","meta":[],"product_cat":[990,1003],"product_tag":[723,729,735,778],"class_list":["post-10751","product","type-product","status-publish","has-post-thumbnail","hentry","product_cat-skrzynie-i-pojemniki-na-zabawki","product_cat-textiel","product_tag-krotkie-bajki-do-czytania-na-dobranoc","product_tag-madre-bajki-dla-dzieci-do-czytania","product_tag-prezent-na-roczek-dziewczynka","product_tag-zabawki-na-roczek-dla-chlopca"],"_links":{"self":[{"href":"http:\/\/klubmamgdynia.pl\/index.php\/wp-json\/wp\/v2\/product\/10751","targetHints":{"allow":["GET"]}}],"collection":[{"href":"http:\/\/klubmamgdynia.pl\/index.php\/wp-json\/wp\/v2\/product"}],"about":[{"href":"http:\/\/klubmamgdynia.pl\/index.php\/wp-json\/wp\/v2\/types\/product"}],"replies":[{"embeddable":true,"href":"http:\/\/klubmamgdynia.pl\/index.php\/wp-json\/wp\/v2\/comments?post=10751"}],"wp:featuredmedia":[{"embeddable":true,"href":"http:\/\/klubmamgdynia.pl\/index.php\/wp-json\/wp\/v2\/media\/10752"}],"wp:attachment":[{"href":"http:\/\/klubmamgdynia.pl\/index.php\/wp-json\/wp\/v2\/media?parent=10751"}],"wp:term":[{"taxonomy":"product_cat","embeddable":true,"href":"http:\/\/klubmamgdynia.pl\/index.php\/wp-json\/wp\/v2\/product_cat?post=10751"},{"taxonomy":"product_tag","embeddable":true,"href":"http:\/\/klubmamgdynia.pl\/index.php\/wp-json\/wp\/v2\/product_tag?post=10751"}],"curies":[{"name":"wp","href":"https:\/\/api.w.org\/{rel}","templated":true}]}}