{"id":10757,"date":"2025-03-14T15:44:26","date_gmt":"2025-03-14T14:44:26","guid":{"rendered":"http:\/\/klubmamgdynia.pl\/?post_type=product&#038;p=10757"},"modified":"2026-04-29T12:39:59","modified_gmt":"2026-04-29T10:39:59","slug":"derform-tablet-lcd-przezroczysty-85-rozowy-kidea","status":"publish","type":"product","link":"http:\/\/klubmamgdynia.pl\/index.php\/produkt\/derform-tablet-lcd-przezroczysty-85-rozowy-kidea\/","title":{"rendered":"Derform Tablet Lcd Prze\u017aroczysty 8,5&#8243; R\u00f3\u017cowy Kidea"},"content":{"rendered":"<p>&#8211; Tablet LCD w r\u00f3\u017cowym kolorze z przezroczystym ekranem idealnie sprawdzi si\u0119 podczas nauki rysowania, pisania oraz liczenia.- Bardzo czu\u0142a matryca umo\u017cliwia dziecku rysowanie do\u0142\u0105czonym do zestawu rysikiem dok\u0142adnie tak, jak kredkami.- Kolorowy tablet to totalny hit! Tw\u00f3rz wielobarwne obrazki o cudownych t\u0119czowych kolorach.- Dzi\u0119ki por\u0119cznemu kszta\u0142towi tablet idealnie sprawdzi si\u0119 w podr\u00f3\u017cy i umili dziecku ka\u017cd\u0105 wypraw\u0119.- Mo\u017cna go u\u017cywa\u0107 zar\u00f3wno w domu jak i w podr\u00f3\u017cy, tworzy\u0107, pisa\u0107 i rysowa\u0107, a nast\u0119pnie jednym przyciskiem usun\u0105\u0107 zapis i rozpocz\u0105\u0107 zabaw\u0119 od nowa.- Dodatkowo zestaw zosta\u0142 wyposa\u017cony w 6 szablon\u00f3w do odrysowania, kt\u00f3re pozwalaj\u0105 tworzy\u0107 niezwyk\u0142e rysunki, nawet dziecku, kt\u00f3re dopiero zaczyna przygod\u0119 z plastyk\u0105.- Dzi\u0119ki przezroczystej matrycy mo\u017cna umie\u015bci\u0107 szablon za ekranem i zacz\u0105\u0107 kreatywn\u0105 zabaw\u0119.- Tablet o matrycy 8,5 cala, bateria CR2032L w zestawie.<\/p>\n<h2>Derform Tablet Lcd Prze\u017aroczysty 8,5&#8243; R\u00f3\u017cowy Kidea Derform<\/h2>\n<p>skye kolorowanka, piesek kolorowanka, bajki na dobranoc psi patrol, logiczne zagadki dla dzieci<\/p>\n<p>yyyyy<\/p>\n<p>&nbsp;<\/p>\n","protected":false},"excerpt":{"rendered":"<p>&#8211; Tablet LCD w r\u00f3\u017cowym kolorze z przezroczystym ekranem idealnie sprawdzi si\u0119 podczas nauki rysowania, pisania oraz liczenia.- Bardzo czu\u0142a matryca umo\u017cliwia dziecku rysowanie do\u0142\u0105czonym do zestawu rysikiem dok\u0142adnie tak, jak kredkami.- Kolorowy tablet to totalny hit! Tw\u00f3rz wielobarwne obrazki o cudownych t\u0119czowych kolorach.- Dzi\u0119ki por\u0119cznemu kszta\u0142towi tablet idealnie sprawdzi si\u0119 w podr\u00f3\u017cy i umili [&hellip;]<\/p>\n","protected":false},"featured_media":10758,"comment_status":"closed","ping_status":"open","template":"","meta":[],"product_cat":[1021,21],"product_tag":[864,727,584,690],"class_list":["post-10757","product","type-product","status-publish","has-post-thumbnail","hentry","product_cat-derform","product_cat-zabawki-plastyczne","product_tag-basen-warszawa","product_tag-godlo-polski-do-druku","product_tag-liwia","product_tag-pieski-male-dwa-tekst"],"_links":{"self":[{"href":"http:\/\/klubmamgdynia.pl\/index.php\/wp-json\/wp\/v2\/product\/10757","targetHints":{"allow":["GET"]}}],"collection":[{"href":"http:\/\/klubmamgdynia.pl\/index.php\/wp-json\/wp\/v2\/product"}],"about":[{"href":"http:\/\/klubmamgdynia.pl\/index.php\/wp-json\/wp\/v2\/types\/product"}],"replies":[{"embeddable":true,"href":"http:\/\/klubmamgdynia.pl\/index.php\/wp-json\/wp\/v2\/comments?post=10757"}],"wp:featuredmedia":[{"embeddable":true,"href":"http:\/\/klubmamgdynia.pl\/index.php\/wp-json\/wp\/v2\/media\/10758"}],"wp:attachment":[{"href":"http:\/\/klubmamgdynia.pl\/index.php\/wp-json\/wp\/v2\/media?parent=10757"}],"wp:term":[{"taxonomy":"product_cat","embeddable":true,"href":"http:\/\/klubmamgdynia.pl\/index.php\/wp-json\/wp\/v2\/product_cat?post=10757"},{"taxonomy":"product_tag","embeddable":true,"href":"http:\/\/klubmamgdynia.pl\/index.php\/wp-json\/wp\/v2\/product_tag?post=10757"}],"curies":[{"name":"wp","href":"https:\/\/api.w.org\/{rel}","templated":true}]}}