{"id":10759,"date":"2024-05-12T01:45:21","date_gmt":"2024-05-11T23:45:21","guid":{"rendered":"http:\/\/klubmamgdynia.pl\/?post_type=product&#038;p=10759"},"modified":"2026-04-04T13:13:01","modified_gmt":"2026-04-04T11:13:01","slug":"kids-euroswan-latarka-duza-peppa-pig-21x11cm-pp17041","status":"publish","type":"product","link":"http:\/\/klubmamgdynia.pl\/index.php\/produkt\/kids-euroswan-latarka-duza-peppa-pig-21x11cm-pp17041\/","title":{"rendered":"Kids Euroswan Latarka Du\u017ca Peppa Pig 21X11Cm Pp17041"},"content":{"rendered":"<p>Latarka z motywem \u015awinki Peppy to wyj\u0105tkowo atrakcyjny zestaw prezentowy dla Twojego dziecka. Zestaw zawiera:\u2022 Latarka\u2022 Wymiary: 21&#215;11 cm \u2022 Materia\u0142: Plastik&#8230;<\/p>\n<h2>Kids Euroswan Latarka Du\u017ca Peppa Pig 21X11Cm Pp17041 Kids Euroswan<\/h2>\n<p>quiz flagi, szlaczki dla dzieci, zabawy dla 5 6 latk\u00f3w, znaczenie imiona dawid, zagadki matematyczne dla przedszkolak\u00f3w, smoki rysunek, prezent dla dziecka 1 rok, liwia, \u017carty na prima aprilis w domu, gabriela imie<\/p>\n<p>yyyyy<\/p>\n<p>&nbsp;<\/p>\n","protected":false},"excerpt":{"rendered":"<p>Latarka z motywem \u015awinki Peppy to wyj\u0105tkowo atrakcyjny zestaw prezentowy dla Twojego dziecka. Zestaw zawiera:\u2022 Latarka\u2022 Wymiary: 21&#215;11 cm \u2022 Materia\u0142: Plastik&#8230; Kids Euroswan Latarka Du\u017ca Peppa Pig 21X11Cm Pp17041 Kids Euroswan quiz flagi, szlaczki dla dzieci, zabawy dla 5 6 latk\u00f3w, znaczenie imiona dawid, zagadki matematyczne dla przedszkolak\u00f3w, smoki rysunek, prezent dla dziecka 1 [&hellip;]<\/p>\n","protected":false},"featured_media":10760,"comment_status":"closed","ping_status":"open","template":"","meta":[],"product_cat":[1103,295],"product_tag":[676,734,703,629,741,760,649],"class_list":["post-10759","product","type-product","status-publish","has-post-thumbnail","hentry","product_cat-kids-euroswan","product_cat-pozostale-zabawki","product_tag-bursztynek","product_tag-milan-imie","product_tag-prezent-dla-nastolatki","product_tag-smieszne-zagadki-z-odpowiedziami","product_tag-wlochy","product_tag-zagadka-matematyczna","product_tag-zagadki-dla-nastolatkow"],"_links":{"self":[{"href":"http:\/\/klubmamgdynia.pl\/index.php\/wp-json\/wp\/v2\/product\/10759","targetHints":{"allow":["GET"]}}],"collection":[{"href":"http:\/\/klubmamgdynia.pl\/index.php\/wp-json\/wp\/v2\/product"}],"about":[{"href":"http:\/\/klubmamgdynia.pl\/index.php\/wp-json\/wp\/v2\/types\/product"}],"replies":[{"embeddable":true,"href":"http:\/\/klubmamgdynia.pl\/index.php\/wp-json\/wp\/v2\/comments?post=10759"}],"wp:featuredmedia":[{"embeddable":true,"href":"http:\/\/klubmamgdynia.pl\/index.php\/wp-json\/wp\/v2\/media\/10760"}],"wp:attachment":[{"href":"http:\/\/klubmamgdynia.pl\/index.php\/wp-json\/wp\/v2\/media?parent=10759"}],"wp:term":[{"taxonomy":"product_cat","embeddable":true,"href":"http:\/\/klubmamgdynia.pl\/index.php\/wp-json\/wp\/v2\/product_cat?post=10759"},{"taxonomy":"product_tag","embeddable":true,"href":"http:\/\/klubmamgdynia.pl\/index.php\/wp-json\/wp\/v2\/product_tag?post=10759"}],"curies":[{"name":"wp","href":"https:\/\/api.w.org\/{rel}","templated":true}]}}