{"id":10761,"date":"2012-04-09T13:19:31","date_gmt":"2012-04-09T11:19:31","guid":{"rendered":"http:\/\/klubmamgdynia.pl\/index.php\/produkt\/sambro-maskotka-pluszak-swinka-peppa-george-15cm-zawieszka\/"},"modified":"2026-04-26T23:21:27","modified_gmt":"2026-04-26T21:21:27","slug":"sambro-maskotka-pluszak-swinka-peppa-george-15cm-zawieszka","status":"publish","type":"product","link":"http:\/\/klubmamgdynia.pl\/index.php\/produkt\/sambro-maskotka-pluszak-swinka-peppa-george-15cm-zawieszka\/","title":{"rendered":"Sambro Maskotka Pluszak \u015awinka Peppa George 15Cm Zawieszka"},"content":{"rendered":"<p>Maskotka \u015awinka Peppa- George w formie zawieszkiZawieszka wykonana z mi\u0119ciutkiego pluszu z klipsem doskonale sprawdzi si\u0119 jako ozdoba plecaka lub pi\u00f3rnika. Zabawka w kszta\u0142cie pluszowego bohatera z bajki &#8222;\u015awinka Peppa&#8221;- Georgea posiada wygodny, du\u017cy klips, dzi\u0119ki kt\u00f3remu dziecko mo\u017ce przypi\u0105\u0107 swojego ulubionego bohatera do plecaka czy paska.Najwa\u017cniejsze cechy i zawarto\u015b\u0107 zestawu:na licencji \u015awinka Peppapluszowa maskotkamocny uchwyt<\/p>\n<h2>Sambro Maskotka Pluszak \u015awinka Peppa George 15Cm Zawieszka Sambro<\/h2>\n<p>szlaczki literopodobne do wydruku, bursztynek bursztynek, test z lektury magiczne drzewo czerwone krzes\u0142o, tajemniczy ogr\u00f3d test z lektury, atrakcje dla nastolatk\u00f3w, co kupic dziewczynce na roczek, znaczenie imiona dawid, logiczne zagadki dla dzieci, quizy znaki drogowe, cytaty o dzieci\u0144stwie, wzory zaprosze\u0144 zaproszenie na urodziny szablon do druku, oryginalny prezent na roczek, wiersz o g\u00f3rniku, kolorowanka ninjago, jak namalowa\u0107 kota<\/p>\n<p>yyyyy<\/p>\n<p>&nbsp;<\/p>\n","protected":false},"excerpt":{"rendered":"<p>Maskotka \u015awinka Peppa- George w formie zawieszkiZawieszka wykonana z mi\u0119ciutkiego pluszu z klipsem doskonale sprawdzi si\u0119 jako ozdoba plecaka lub pi\u00f3rnika. Zabawka w kszta\u0142cie pluszowego bohatera z bajki &#8222;\u015awinka Peppa&#8221;- Georgea posiada wygodny, du\u017cy klips, dzi\u0119ki kt\u00f3remu dziecko mo\u017ce przypi\u0105\u0107 swojego ulubionego bohatera do plecaka czy paska.Najwa\u017cniejsze cechy i zawarto\u015b\u0107 zestawu:na licencji \u015awinka Peppapluszowa maskotkamocny [&hellip;]<\/p>\n","protected":false},"featured_media":10762,"comment_status":"closed","ping_status":"open","template":"","meta":[],"product_cat":[42,1867],"product_tag":[790,689,600],"class_list":["post-10761","product","type-product","status-publish","has-post-thumbnail","hentry","product_cat-maskotki","product_cat-sambro","product_tag-gry-planszowe-dla-nastolatkow","product_tag-linda","product_tag-zaproszenia-na-urodziny-do-druku"],"_links":{"self":[{"href":"http:\/\/klubmamgdynia.pl\/index.php\/wp-json\/wp\/v2\/product\/10761","targetHints":{"allow":["GET"]}}],"collection":[{"href":"http:\/\/klubmamgdynia.pl\/index.php\/wp-json\/wp\/v2\/product"}],"about":[{"href":"http:\/\/klubmamgdynia.pl\/index.php\/wp-json\/wp\/v2\/types\/product"}],"replies":[{"embeddable":true,"href":"http:\/\/klubmamgdynia.pl\/index.php\/wp-json\/wp\/v2\/comments?post=10761"}],"wp:featuredmedia":[{"embeddable":true,"href":"http:\/\/klubmamgdynia.pl\/index.php\/wp-json\/wp\/v2\/media\/10762"}],"wp:attachment":[{"href":"http:\/\/klubmamgdynia.pl\/index.php\/wp-json\/wp\/v2\/media?parent=10761"}],"wp:term":[{"taxonomy":"product_cat","embeddable":true,"href":"http:\/\/klubmamgdynia.pl\/index.php\/wp-json\/wp\/v2\/product_cat?post=10761"},{"taxonomy":"product_tag","embeddable":true,"href":"http:\/\/klubmamgdynia.pl\/index.php\/wp-json\/wp\/v2\/product_tag?post=10761"}],"curies":[{"name":"wp","href":"https:\/\/api.w.org\/{rel}","templated":true}]}}