{"id":10763,"date":"2014-10-21T17:11:45","date_gmt":"2014-10-21T15:11:45","guid":{"rendered":"http:\/\/klubmamgdynia.pl\/index.php\/produkt\/dk-multifunkcyjny-stolik-narzedzia-wkretarka-kreatywna-mozaika-355el-zestaw-konstrukcyjny\/"},"modified":"2026-05-17T22:33:24","modified_gmt":"2026-05-17T20:33:24","slug":"dk-multifunkcyjny-stolik-narzedzia-wkretarka-kreatywna-mozaika-355el-zestaw-konstrukcyjny","status":"publish","type":"product","link":"http:\/\/klubmamgdynia.pl\/index.php\/produkt\/dk-multifunkcyjny-stolik-narzedzia-wkretarka-kreatywna-mozaika-355el-zestaw-konstrukcyjny\/","title":{"rendered":"Dk Multifunkcyjny Stolik + Narz\u0119dzia Wkr\u0119tarka + Kreatywna Mozaika 355El. Zestaw Konstrukcyjny"},"content":{"rendered":"<p>Multifunkcyjny stolik z narz\u0119dziami i mozaik\u0105.Zestaw element\u00f3w konstrukcyjnych w zestawie z \u015brubokr\u0119tem i wkr\u0119tark\u0105 przypadnie do gustu ka\u017cdemu ma\u0142emu majsterkowiczowi.Zestaw do mozaiki pozwala tworzy\u0107 i kreowa\u0107 obrazki p\u0142askie lub przestrzenne.Przykr\u0119canie kolorowych \u015brubek wymaga precyzji ruch\u00f3w r\u0119ki &#8211; zabawka usprawni zdolno\u015bci manualne. Poszczeg\u00f3lne elementy mo\u017cna wykorzysta\u0107 do nauki kolor\u00f3w. Wszystko znajduje si\u0119 w wygodnej i praktycznej walizce z zamkni\u0119ciem. To pozwala utrzyma\u0107 \u0142ad i porz\u0105dek po zako\u0144czonej zabawie.Zabawka idealna na prezent.Zestaw zawiera a\u017c 355 element\u00f3w:stolik,narz\u0119dzia,elementy mozaiki,\u015bruby,\u015brubokr\u0119t,wkr\u0119tark\u0119, pozosta\u0142e akcesoria.Wymiary:opakowanie: 42,5 x 31,5 x 12,5cm<\/p>\n<h2>Dk Multifunkcyjny Stolik + Narz\u0119dzia Wkr\u0119tarka + Kreatywna Mozaika 355El. Zestaw Konstrukcyjny Dk<\/h2>\n<p>fajne zagadki, gdy strumyk p\u0142ynie z wolna, plan lekcji do druku, wiosna zagadki s\u0142owne, kolorowanki konie z je\u017ad\u017acem, prezent na roczek dla chrze\u015bniaka, 45 pa\u0144stw europy i ich stolice quiz<\/p>\n<p>yyyyy<\/p>\n<p>&nbsp;<\/p>\n","protected":false},"excerpt":{"rendered":"<p>Multifunkcyjny stolik z narz\u0119dziami i mozaik\u0105.Zestaw element\u00f3w konstrukcyjnych w zestawie z \u015brubokr\u0119tem i wkr\u0119tark\u0105 przypadnie do gustu ka\u017cdemu ma\u0142emu majsterkowiczowi.Zestaw do mozaiki pozwala tworzy\u0107 i kreowa\u0107 obrazki p\u0142askie lub przestrzenne.Przykr\u0119canie kolorowych \u015brubek wymaga precyzji ruch\u00f3w r\u0119ki &#8211; zabawka usprawni zdolno\u015bci manualne. Poszczeg\u00f3lne elementy mo\u017cna wykorzysta\u0107 do nauki kolor\u00f3w. Wszystko znajduje si\u0119 w wygodnej i praktycznej [&hellip;]<\/p>\n","protected":false},"featured_media":10764,"comment_status":"closed","ping_status":"open","template":"","meta":[],"product_cat":[408,21],"product_tag":[838,859,818,782],"class_list":["post-10763","product","type-product","status-publish","has-post-thumbnail","hentry","product_cat-dk","product_cat-zabawki-plastyczne","product_tag-bajki-dla-dzieci-na-dobranoc","product_tag-dobranoc-pchly-na-noc","product_tag-oliwier","product_tag-zagadki-dla-dzieci-z-odpowiedziami"],"_links":{"self":[{"href":"http:\/\/klubmamgdynia.pl\/index.php\/wp-json\/wp\/v2\/product\/10763","targetHints":{"allow":["GET"]}}],"collection":[{"href":"http:\/\/klubmamgdynia.pl\/index.php\/wp-json\/wp\/v2\/product"}],"about":[{"href":"http:\/\/klubmamgdynia.pl\/index.php\/wp-json\/wp\/v2\/types\/product"}],"replies":[{"embeddable":true,"href":"http:\/\/klubmamgdynia.pl\/index.php\/wp-json\/wp\/v2\/comments?post=10763"}],"wp:featuredmedia":[{"embeddable":true,"href":"http:\/\/klubmamgdynia.pl\/index.php\/wp-json\/wp\/v2\/media\/10764"}],"wp:attachment":[{"href":"http:\/\/klubmamgdynia.pl\/index.php\/wp-json\/wp\/v2\/media?parent=10763"}],"wp:term":[{"taxonomy":"product_cat","embeddable":true,"href":"http:\/\/klubmamgdynia.pl\/index.php\/wp-json\/wp\/v2\/product_cat?post=10763"},{"taxonomy":"product_tag","embeddable":true,"href":"http:\/\/klubmamgdynia.pl\/index.php\/wp-json\/wp\/v2\/product_tag?post=10763"}],"curies":[{"name":"wp","href":"https:\/\/api.w.org\/{rel}","templated":true}]}}