{"id":10767,"date":"2021-11-07T23:38:00","date_gmt":"2021-11-07T22:38:00","guid":{"rendered":"http:\/\/klubmamgdynia.pl\/index.php\/produkt\/tomy-john-deere-mega-opony\/"},"modified":"2026-04-06T04:03:42","modified_gmt":"2026-04-06T02:03:42","slug":"tomy-john-deere-mega-opony","status":"publish","type":"product","link":"http:\/\/klubmamgdynia.pl\/index.php\/produkt\/tomy-john-deere-mega-opony\/","title":{"rendered":"Tomy John Deere mega opony"},"content":{"rendered":"<p>Traktor mega opony John Deere. Wykonany z najwy\u017cszej jako\u015bci tworzywa sztucznego pojazd. Zabawka wymaga baterii 3 x 1,5 V AAA Produkt przeznaczony dla dzieci od 3. roku \u017cycia.<\/p>\n<h2>Tomy John Deere mega opony Tomy<\/h2>\n<p>krak\u00f3w atrakcje dla dzieci, minionki kolorowanka, wydarzenia dla dzieci warszawa, kartki na dobranoc dla przyjaci\u00f3\u0142, prezent dla pi\u0119tnastolatka, psikusy na prima aprilis, wobies, bajka do czytania, cytaty o przyja\u017ani ma\u0142y ksi\u0105\u017c\u0119<\/p>\n<p>yyyyy<\/p>\n<p>&nbsp;<\/p>\n","protected":false},"excerpt":{"rendered":"<p>Traktor mega opony John Deere. Wykonany z najwy\u017cszej jako\u015bci tworzywa sztucznego pojazd. Zabawka wymaga baterii 3 x 1,5 V AAA Produkt przeznaczony dla dzieci od 3. roku \u017cycia. Tomy John Deere mega opony Tomy krak\u00f3w atrakcje dla dzieci, minionki kolorowanka, wydarzenia dla dzieci warszawa, kartki na dobranoc dla przyjaci\u00f3\u0142, prezent dla pi\u0119tnastolatka, psikusy na prima [&hellip;]<\/p>\n","protected":false},"featured_media":10768,"comment_status":"closed","ping_status":"open","template":"","meta":[],"product_cat":[83,1327],"product_tag":[700,776,766,612,810,641],"class_list":["post-10767","product","type-product","status-publish","has-post-thumbnail","hentry","product_cat-auta-i-inne-pojazdy-do-zabawy","product_cat-tomy","product_tag-bajki-do-czytania-dla-dzieci","product_tag-dobrej-nocy","product_tag-kira","product_tag-kolorowanki-do-druku","product_tag-nauka-zegara-do-druku","product_tag-trudne-zagadki-logiczne"],"_links":{"self":[{"href":"http:\/\/klubmamgdynia.pl\/index.php\/wp-json\/wp\/v2\/product\/10767","targetHints":{"allow":["GET"]}}],"collection":[{"href":"http:\/\/klubmamgdynia.pl\/index.php\/wp-json\/wp\/v2\/product"}],"about":[{"href":"http:\/\/klubmamgdynia.pl\/index.php\/wp-json\/wp\/v2\/types\/product"}],"replies":[{"embeddable":true,"href":"http:\/\/klubmamgdynia.pl\/index.php\/wp-json\/wp\/v2\/comments?post=10767"}],"wp:featuredmedia":[{"embeddable":true,"href":"http:\/\/klubmamgdynia.pl\/index.php\/wp-json\/wp\/v2\/media\/10768"}],"wp:attachment":[{"href":"http:\/\/klubmamgdynia.pl\/index.php\/wp-json\/wp\/v2\/media?parent=10767"}],"wp:term":[{"taxonomy":"product_cat","embeddable":true,"href":"http:\/\/klubmamgdynia.pl\/index.php\/wp-json\/wp\/v2\/product_cat?post=10767"},{"taxonomy":"product_tag","embeddable":true,"href":"http:\/\/klubmamgdynia.pl\/index.php\/wp-json\/wp\/v2\/product_tag?post=10767"}],"curies":[{"name":"wp","href":"https:\/\/api.w.org\/{rel}","templated":true}]}}