{"id":10769,"date":"2018-09-11T21:06:24","date_gmt":"2018-09-11T19:06:24","guid":{"rendered":"http:\/\/klubmamgdynia.pl\/index.php\/produkt\/ameet-disney-ksiezniczka-edublok-cwicze-reke-408142\/"},"modified":"2026-04-04T14:48:54","modified_gmt":"2026-04-04T12:48:54","slug":"ameet-disney-ksiezniczka-edublok-cwicze-reke-408142","status":"publish","type":"product","link":"http:\/\/klubmamgdynia.pl\/index.php\/produkt\/ameet-disney-ksiezniczka-edublok-cwicze-reke-408142\/","title":{"rendered":"Ameet Disney Ksi\u0119\u017cniczka Edublok \u0106wicz\u0119 R\u0119k\u0119 408142"},"content":{"rendered":"<p>Ksi\u0119\u017cniczki ze \u015bwiata Disneya zapraszaj\u0105 przedszkolaki do \u015bwiata szlaczk\u00f3w. Na ka\u017cdej stronie czekaj\u0105 nowe wyzwania, r\u00f3\u017cnorodne \u0107wiczenia i zadania: odwzorowywanie, pisanie po \u015bladzie, kre\u015blenie linii czy \u0142\u0105czenie punkt\u00f3w. Przygoda ze szlaczkami to nie tylko wspania\u0142a zabawa, ale te\u017c \u015bwietna okazja do doskonalenia umiej\u0119tno\u015bci manualnych oraz techniki trzymania o\u0142\u00f3wka w r\u0119ku \u2013 a to stanowi pierwszy, wa\u017cny krok do nauki samodzielnego pisania cyfr i liter.Podtytu\u0142: NSL-2ISBN: 9788325329617Kod paskowy: 9788325329617Rok wydania: 2018Kod wydawcy: 20899Liczba stron: 48Oprawa: Mi\u0119kkaPKWiU: 58.11.13.0Format: 20.5&#215;29.2G\u0142\u0119boko\u015b\u0107 (mm): 7Waga: 0.276J\u0119zyki: polskiGrupa towarowa: Ksi\u0105\u017cka<\/p>\n<h2>Ameet Disney Ksi\u0119\u017cniczka Edublok \u0106wicz\u0119 R\u0119k\u0119 408142 AMEET<\/h2>\n<p>zagadki logiczne, traktor do druku, ch\u0142opcy z placu broni &#8211; test, znaki drogowe test, ale kino program, prezent na pierwsze urodziny, \u015bwi\u0119ta wielkanocne piosenka tekst, kolorowanka do druku lol, wzory dyplom\u00f3w do pobrania, zagadki na my\u015blenie, pranki na prima aprilis dla rodzic\u00f3w, \u0142atwe laurki, zagadki dla sze\u015bciolatk\u00f3w<\/p>\n<p>yyyyy<\/p>\n<p>&nbsp;<\/p>\n","protected":false},"excerpt":{"rendered":"<p>Ksi\u0119\u017cniczki ze \u015bwiata Disneya zapraszaj\u0105 przedszkolaki do \u015bwiata szlaczk\u00f3w. Na ka\u017cdej stronie czekaj\u0105 nowe wyzwania, r\u00f3\u017cnorodne \u0107wiczenia i zadania: odwzorowywanie, pisanie po \u015bladzie, kre\u015blenie linii czy \u0142\u0105czenie punkt\u00f3w. Przygoda ze szlaczkami to nie tylko wspania\u0142a zabawa, ale te\u017c \u015bwietna okazja do doskonalenia umiej\u0119tno\u015bci manualnych oraz techniki trzymania o\u0142\u00f3wka w r\u0119ku \u2013 a to stanowi pierwszy, [&hellip;]<\/p>\n","protected":false},"featured_media":10770,"comment_status":"closed","ping_status":"open","template":"","meta":[],"product_cat":[1923,537],"product_tag":[582,718,771],"class_list":["post-10769","product","type-product","status-publish","has-post-thumbnail","hentry","product_cat-ameet","product_cat-pozostale-zabawki-edukacyjne","product_tag-nauka-pisania-literek-do-wydruku-pdf","product_tag-prezent-na-roczek-dla-chrzesniaka","product_tag-stolice-europy-quiz"],"_links":{"self":[{"href":"http:\/\/klubmamgdynia.pl\/index.php\/wp-json\/wp\/v2\/product\/10769","targetHints":{"allow":["GET"]}}],"collection":[{"href":"http:\/\/klubmamgdynia.pl\/index.php\/wp-json\/wp\/v2\/product"}],"about":[{"href":"http:\/\/klubmamgdynia.pl\/index.php\/wp-json\/wp\/v2\/types\/product"}],"replies":[{"embeddable":true,"href":"http:\/\/klubmamgdynia.pl\/index.php\/wp-json\/wp\/v2\/comments?post=10769"}],"wp:featuredmedia":[{"embeddable":true,"href":"http:\/\/klubmamgdynia.pl\/index.php\/wp-json\/wp\/v2\/media\/10770"}],"wp:attachment":[{"href":"http:\/\/klubmamgdynia.pl\/index.php\/wp-json\/wp\/v2\/media?parent=10769"}],"wp:term":[{"taxonomy":"product_cat","embeddable":true,"href":"http:\/\/klubmamgdynia.pl\/index.php\/wp-json\/wp\/v2\/product_cat?post=10769"},{"taxonomy":"product_tag","embeddable":true,"href":"http:\/\/klubmamgdynia.pl\/index.php\/wp-json\/wp\/v2\/product_tag?post=10769"}],"curies":[{"name":"wp","href":"https:\/\/api.w.org\/{rel}","templated":true}]}}