{"id":10773,"date":"2022-11-18T10:37:06","date_gmt":"2022-11-18T09:37:06","guid":{"rendered":"http:\/\/klubmamgdynia.pl\/?post_type=product&#038;p=10773"},"modified":"2026-04-24T05:27:55","modified_gmt":"2026-04-24T03:27:55","slug":"clementoni-high-quality-course-to-the-treasure-1500el","status":"publish","type":"product","link":"http:\/\/klubmamgdynia.pl\/index.php\/produkt\/clementoni-high-quality-course-to-the-treasure-1500el\/","title":{"rendered":"Clementoni High Quality Course To The Treasure 1500El."},"content":{"rendered":"<p>Puzzle 1500 element\u00f3w &#8211; Kurs na skarbSugestywne obrazki, doskona\u0142a jako\u015b\u0107 wydruku, precyzyjne wyci\u0119cia, trwa\u0142e i cenne materia\u0142y.Wszystko to charakteryzuje High Quality Collection Clementoni: eleganck\u0105 lini\u0119 puzzli zrealizowan\u0105 z wielk\u0105 dba\u0142o\u015bci\u0105 o szczeg\u00f3\u0142y.Firma Clementoni, kt\u00f3rej od zawsze le\u017cy na sercu ochrona \u015brodowiska, stara si\u0119 stosowa\u0107 jak najszerzej materia\u0142y z odzysku i unika u\u017cywania komponent\u00f3w zanieczyszczaj\u0105cych otoczenie.Informacje o produkcieNr katalogowy31808Marka (Zabawki) BrakRodzaj (puzzle) StandardLiczba element\u00f3w 1500Wymiary obrazka59,2 x 84,3 cmWymagania wiekowe od 10 latP\u0142e\u0107 (zabawki) Dziewczynki i ch\u0142opcyPozosta\u0142e parametryWymiary opakowania: 37 x 28,1 x 5,5 cm<\/p>\n<h2>Clementoni High Quality Course To The Treasure 1500El. Clementoni<\/h2>\n<p>misie z film\u00f3w animowanych, cytaty o przyja\u017ani \u015bmieszne, prezenty dla rocznego dziecka, kolorowanka star wars, postacie z bajek kolorowanki do wydrukowania, bajki na dobranoc psi patrol, psi patrol kolorowanka do druku, filmy wigilijne dla dzieci<\/p>\n<p>yyyyy<\/p>\n<p>&nbsp;<\/p>\n","protected":false},"excerpt":{"rendered":"<p>Puzzle 1500 element\u00f3w &#8211; Kurs na skarbSugestywne obrazki, doskona\u0142a jako\u015b\u0107 wydruku, precyzyjne wyci\u0119cia, trwa\u0142e i cenne materia\u0142y.Wszystko to charakteryzuje High Quality Collection Clementoni: eleganck\u0105 lini\u0119 puzzli zrealizowan\u0105 z wielk\u0105 dba\u0142o\u015bci\u0105 o szczeg\u00f3\u0142y.Firma Clementoni, kt\u00f3rej od zawsze le\u017cy na sercu ochrona \u015brodowiska, stara si\u0119 stosowa\u0107 jak najszerzej materia\u0142y z odzysku i unika u\u017cywania komponent\u00f3w zanieczyszczaj\u0105cych otoczenie.Informacje [&hellip;]<\/p>\n","protected":false},"featured_media":10774,"comment_status":"closed","ping_status":"open","template":"","meta":[],"product_cat":[163,90],"product_tag":[780,690,711,615],"class_list":["post-10773","product","type-product","status-publish","has-post-thumbnail","hentry","product_cat-clementoni","product_cat-puzzle","product_tag-krecik-bajka","product_tag-pieski-male-dwa-tekst","product_tag-prezenty-dla-nastolatkow","product_tag-znane-misie-z-filmow-animowanych"],"_links":{"self":[{"href":"http:\/\/klubmamgdynia.pl\/index.php\/wp-json\/wp\/v2\/product\/10773","targetHints":{"allow":["GET"]}}],"collection":[{"href":"http:\/\/klubmamgdynia.pl\/index.php\/wp-json\/wp\/v2\/product"}],"about":[{"href":"http:\/\/klubmamgdynia.pl\/index.php\/wp-json\/wp\/v2\/types\/product"}],"replies":[{"embeddable":true,"href":"http:\/\/klubmamgdynia.pl\/index.php\/wp-json\/wp\/v2\/comments?post=10773"}],"wp:featuredmedia":[{"embeddable":true,"href":"http:\/\/klubmamgdynia.pl\/index.php\/wp-json\/wp\/v2\/media\/10774"}],"wp:attachment":[{"href":"http:\/\/klubmamgdynia.pl\/index.php\/wp-json\/wp\/v2\/media?parent=10773"}],"wp:term":[{"taxonomy":"product_cat","embeddable":true,"href":"http:\/\/klubmamgdynia.pl\/index.php\/wp-json\/wp\/v2\/product_cat?post=10773"},{"taxonomy":"product_tag","embeddable":true,"href":"http:\/\/klubmamgdynia.pl\/index.php\/wp-json\/wp\/v2\/product_tag?post=10773"}],"curies":[{"name":"wp","href":"https:\/\/api.w.org\/{rel}","templated":true}]}}