{"id":10775,"date":"2023-03-19T11:00:34","date_gmt":"2023-03-19T10:00:34","guid":{"rendered":"http:\/\/klubmamgdynia.pl\/?post_type=product&#038;p=10775"},"modified":"2026-04-17T03:48:35","modified_gmt":"2026-04-17T01:48:35","slug":"etui-kubus-i-przyjaciele-035-disney-nadruk-czesciowy-przezroczysty-producent-iphone-model-13","status":"publish","type":"product","link":"http:\/\/klubmamgdynia.pl\/index.php\/produkt\/etui-kubus-i-przyjaciele-035-disney-nadruk-czesciowy-przezroczysty-producent-iphone-model-13\/","title":{"rendered":"Etui Kubu\u015b i Przyjaciele 035 Disney Nadruk cz\u0119\u015bciowy Prze\u017aroczysty Producent: Iphone, Model: 13"},"content":{"rendered":"<p>\u2022 W 100% oryginalny produkt Disney\u2122 &#8211; weryfikowany przez oficjalnych przedstawicieli Disney\u2122, na ka\u017cdym produkcie znajduje si\u0119 nota copyright, a na opakowaniu kod EAN i SKU potwierdzaj\u0105ce jego legalno\u015b\u0107 i oryginalno\u015b\u0107.\u2022 Maksymalna trwa\u0142o\u015b\u0107 \u2013 etui wykonane z najwy\u017cszej jako\u015bci materia\u0142u TPU (elastyczny, gi\u0119tki materia\u0142) z podwy\u017cszonymi, specjalnie wyprofilowanymi rantami. Grafika zosta\u0142a dodatkowo utrwalona najnowsz\u0105, specjalistyczn\u0105 technologi\u0105, kt\u00f3ra gwarantuje jej maksymaln\u0105 trwa\u0142o\u015b\u0107.\u2022 Unikalny design \u2013 podkr\u0119ci wygl\u0105d telefonu oraz podkre\u015bli Tw\u00f3j wyj\u0105tkowy styl i indywidualizm. Cz\u0119\u015b\u0107 etui jest transparentna przez co grafika staje si\u0119 integralna z telefonem.\u2022 Gwarancja jako\u015bci &#8211; testy produkt\u00f3w wykonywane przez oficjalnych przedstawicieli brandu gwarantuj\u0105 jego najwy\u017csz\u0105 jako\u015b\u0107 oraz bezpiecze\u0144stwo u\u017cytkowania\u2022 Bezpiecze\u0144stwo u\u017cytkowania \u2013 wszystkie etui posiadaj\u0105 certyfikat REACH oraz specjalistyczne badania na ka\u017cdy z u\u017cytych materia\u0142\u00f3w (materia\u0142 z kt\u00f3rego wykonane jest etui, farby, utwardzacze grafiki itp.)\u2022 Dedykowane opakowania \u2013 ka\u017cde z etui zapakowane jest w dedykowane opakowanie.<\/p>\n<h2>Etui Kubu\u015b i Przyjaciele 035 Disney Nadruk cz\u0119\u015bciowy Prze\u017aroczysty Producent: Iphone, Model: 13 Disney<\/h2>\n<p>testy na znaki drogowe, gdy strumyk p\u0142ynie z wolna, bajka na dobranoc do czytania, opowie\u015b\u0107 wigilijna test z odpowiedziami, bajki do czytania psi patrol, zaj\u0119cia wielkanocne dla dzieci, cytaty o przyja\u017ani \u015bmieszne, \u0142atwe laurki, dinozaur bajka, jad\u0105 jad\u0105 misie tekst, trudne zadania matematyczne, test znaki drogowe, uk\u0142ad s\u0142oneczny dla dzieci do druku, wzruszaj\u0105ce s\u0142owa dla przyjaci\u00f3\u0142ki, kr\u00f3tkie zagadki dla dzieci, quiz o \u015bwi\u0119tach bo\u017cego narodzenia, zagadki halloween dla dzieci, sentencje o przyja\u017ani, quiz felix net i nika oraz gang niewidzialnych ludzi, proste \u017carty na prima aprilis, zagadki dla 5 latka<\/p>\n<p>yyyyy<\/p>\n<p>&nbsp;<\/p>\n","protected":false},"excerpt":{"rendered":"<p>\u2022 W 100% oryginalny produkt Disney\u2122 &#8211; weryfikowany przez oficjalnych przedstawicieli Disney\u2122, na ka\u017cdym produkcie znajduje si\u0119 nota copyright, a na opakowaniu kod EAN i SKU potwierdzaj\u0105ce jego legalno\u015b\u0107 i oryginalno\u015b\u0107.\u2022 Maksymalna trwa\u0142o\u015b\u0107 \u2013 etui wykonane z najwy\u017cszej jako\u015bci materia\u0142u TPU (elastyczny, gi\u0119tki materia\u0142) z podwy\u017cszonymi, specjalnie wyprofilowanymi rantami. Grafika zosta\u0142a dodatkowo utrwalona najnowsz\u0105, specjalistyczn\u0105 [&hellip;]<\/p>\n","protected":false},"featured_media":10776,"comment_status":"closed","ping_status":"open","template":"","meta":[],"product_cat":[275,1363],"product_tag":[842,816,631,835],"class_list":["post-10775","product","type-product","status-publish","has-post-thumbnail","hentry","product_cat-disney","product_cat-pokrowce-i-etui-do-telefonow","product_tag-plac-zabaw-poznan","product_tag-place-zabaw-warszawa","product_tag-prezent-na-roczek","product_tag-radosc-dziecka-cytaty"],"_links":{"self":[{"href":"http:\/\/klubmamgdynia.pl\/index.php\/wp-json\/wp\/v2\/product\/10775","targetHints":{"allow":["GET"]}}],"collection":[{"href":"http:\/\/klubmamgdynia.pl\/index.php\/wp-json\/wp\/v2\/product"}],"about":[{"href":"http:\/\/klubmamgdynia.pl\/index.php\/wp-json\/wp\/v2\/types\/product"}],"replies":[{"embeddable":true,"href":"http:\/\/klubmamgdynia.pl\/index.php\/wp-json\/wp\/v2\/comments?post=10775"}],"wp:featuredmedia":[{"embeddable":true,"href":"http:\/\/klubmamgdynia.pl\/index.php\/wp-json\/wp\/v2\/media\/10776"}],"wp:attachment":[{"href":"http:\/\/klubmamgdynia.pl\/index.php\/wp-json\/wp\/v2\/media?parent=10775"}],"wp:term":[{"taxonomy":"product_cat","embeddable":true,"href":"http:\/\/klubmamgdynia.pl\/index.php\/wp-json\/wp\/v2\/product_cat?post=10775"},{"taxonomy":"product_tag","embeddable":true,"href":"http:\/\/klubmamgdynia.pl\/index.php\/wp-json\/wp\/v2\/product_tag?post=10775"}],"curies":[{"name":"wp","href":"https:\/\/api.w.org\/{rel}","templated":true}]}}