{"id":10777,"date":"2014-03-15T03:57:22","date_gmt":"2014-03-15T02:57:22","guid":{"rendered":"http:\/\/klubmamgdynia.pl\/index.php\/produkt\/ameet-ksiaz-lego-star-wars-nowy-bohater-galaktyki-lnd304\/"},"modified":"2026-04-29T02:10:43","modified_gmt":"2026-04-29T00:10:43","slug":"ameet-ksiaz-lego-star-wars-nowy-bohater-galaktyki-lnd304","status":"publish","type":"product","link":"http:\/\/klubmamgdynia.pl\/index.php\/produkt\/ameet-ksiaz-lego-star-wars-nowy-bohater-galaktyki-lnd304\/","title":{"rendered":"Ameet Ksi\u0105\u017c. LEGO Star Wars Nowy Bohater Galaktyki &#8211; LND304"},"content":{"rendered":"<p>Poznaj trzy fascynuj\u0105ce opowiadania ze \u015bwiata LEGO? Star Wars?! Poznaj losy nowych i starych Rebeliant\u00f3w, odkryj tajemnice Sith\u00f3w i przeczytaj, jak bawi\u0105 si\u0119 droidy!ISBN:  9788325320300EAN:  9788325320300Wydawnictwo:  AmeetRok wydania:  2015Ilo\u015b\u0107 stron:  32Oprawa:  mi\u0119kkaFormat:  20.5&#215;29.0cm<\/p>\n<h2>Ameet Ksi\u0105\u017c. LEGO Star Wars Nowy Bohater Galaktyki &#8211; LND304 AMEET<\/h2>\n<p>miasto dzieci, atrakcje do 30 km od wroc\u0142awia, imi\u0119 mia, aurelia, maski superbohater\u00f3w do wydrukowania, rodzina sentencja<\/p>\n<p>yyyyy<\/p>\n<p>&nbsp;<\/p>\n","protected":false},"excerpt":{"rendered":"<p>Poznaj trzy fascynuj\u0105ce opowiadania ze \u015bwiata LEGO? Star Wars?! Poznaj losy nowych i starych Rebeliant\u00f3w, odkryj tajemnice Sith\u00f3w i przeczytaj, jak bawi\u0105 si\u0119 droidy!ISBN: 9788325320300EAN: 9788325320300Wydawnictwo: AmeetRok wydania: 2015Ilo\u015b\u0107 stron: 32Oprawa: mi\u0119kkaFormat: 20.5&#215;29.0cm Ameet Ksi\u0105\u017c. LEGO Star Wars Nowy Bohater Galaktyki &#8211; LND304 AMEET miasto dzieci, atrakcje do 30 km od wroc\u0142awia, imi\u0119 mia, aurelia, [&hellip;]<\/p>\n","protected":false},"featured_media":10778,"comment_status":"closed","ping_status":"open","template":"","meta":[],"product_cat":[1923,325],"product_tag":[847,654,587,760],"class_list":["post-10777","product","type-product","status-publish","has-post-thumbnail","hentry","product_cat-ameet","product_cat-szkolne-artykuly-papiernicze","product_tag-kolorowanki-pokemon","product_tag-krotkie-bajki-dla-dzieci-do-czytania","product_tag-skalne-miasto","product_tag-zagadka-matematyczna"],"_links":{"self":[{"href":"http:\/\/klubmamgdynia.pl\/index.php\/wp-json\/wp\/v2\/product\/10777","targetHints":{"allow":["GET"]}}],"collection":[{"href":"http:\/\/klubmamgdynia.pl\/index.php\/wp-json\/wp\/v2\/product"}],"about":[{"href":"http:\/\/klubmamgdynia.pl\/index.php\/wp-json\/wp\/v2\/types\/product"}],"replies":[{"embeddable":true,"href":"http:\/\/klubmamgdynia.pl\/index.php\/wp-json\/wp\/v2\/comments?post=10777"}],"wp:featuredmedia":[{"embeddable":true,"href":"http:\/\/klubmamgdynia.pl\/index.php\/wp-json\/wp\/v2\/media\/10778"}],"wp:attachment":[{"href":"http:\/\/klubmamgdynia.pl\/index.php\/wp-json\/wp\/v2\/media?parent=10777"}],"wp:term":[{"taxonomy":"product_cat","embeddable":true,"href":"http:\/\/klubmamgdynia.pl\/index.php\/wp-json\/wp\/v2\/product_cat?post=10777"},{"taxonomy":"product_tag","embeddable":true,"href":"http:\/\/klubmamgdynia.pl\/index.php\/wp-json\/wp\/v2\/product_tag?post=10777"}],"curies":[{"name":"wp","href":"https:\/\/api.w.org\/{rel}","templated":true}]}}