{"id":10779,"date":"2021-08-16T20:45:13","date_gmt":"2021-08-16T18:45:13","guid":{"rendered":"http:\/\/klubmamgdynia.pl\/index.php\/produkt\/mega-bloks-first-builders-stolik-z-klockami-cnm42\/"},"modified":"2026-05-17T22:32:44","modified_gmt":"2026-05-17T20:32:44","slug":"mega-bloks-first-builders-stolik-z-klockami-cnm42","status":"publish","type":"product","link":"http:\/\/klubmamgdynia.pl\/index.php\/produkt\/mega-bloks-first-builders-stolik-z-klockami-cnm42\/","title":{"rendered":"Mega Bloks First Builders Stolik z klockami (CNM42)"},"content":{"rendered":"<p>Klocki Mega Bloks First Builders Stolik z klockami niebieski CNM42<\/p>\n<p>Stolik z klockami z serii First Builders Ceechy produktu: wymiary opakowania: 40,5 x 61 x 13,5 cm ilo\u015b\u0107 element\u00f3w: 30 wiek minimalny: 1 rok                            <\/p>\n<p>Ucz si\u0119, baw i odkrywaj! Prezentowany stolik od Mega Bloks stanowi platform\u0119 to budowania niezwyk\u0142ych konstrukcji. Wygodny, przeno\u015bny stoliczek zosta\u0142 wyposa\u017cony w du\u017ce klocki, idealne dla ma\u0142ych r\u0105czek dziecka. Ten funkcjonalny produkt posiada specjalne miejsc na klocki oraz chowane n\u00f3\u017cki. W zestawie znajduje si\u0119 30 element\u00f3w, kt\u00f3re s\u0105 kompatybilne z innymi zestawami First Builders.<\/p>\n<h2>Mega Bloks First Builders Stolik z klockami (CNM42) Fisher-Price<\/h2>\n<p>wr\u00f3\u017cby andrzejkowe kolory, lol do druku, wierszyki o marzannie, bajka terapeutyczna o dokuczaniu, test miko\u0142ajek, atrakcje dla dzieci tr\u00f3jmiasto, alan imi\u0119, tupu tup po \u015bniegu tekst, malowanka do druku, wpad\u0142a bomba do piwnicy, opisy do zdj\u0119\u0107 z dzieckiem, maska dinozaura, ciasteczka na halloween dla dzieci, kr\u00f3tkie bajki do czytania na dobranoc, imi\u0119 nela, zagadki logiczne z odpowiedziami, \u017cyczenia wielkanocne dla dzieci kr\u00f3tkie, zabawy halloweenowe dla dzieci, urodziny dziecka pomys\u0142y, zagadki dla dzieci logiczne<\/p>\n<p>yyyyy<\/p>\n<p>&nbsp;<\/p>\n","protected":false},"excerpt":{"rendered":"<p>Klocki Mega Bloks First Builders Stolik z klockami niebieski CNM42 Stolik z klockami z serii First Builders Ceechy produktu: wymiary opakowania: 40,5 x 61 x 13,5 cm ilo\u015b\u0107 element\u00f3w: 30 wiek minimalny: 1 rok Ucz si\u0119, baw i odkrywaj! Prezentowany stolik od Mega Bloks stanowi platform\u0119 to budowania niezwyk\u0142ych konstrukcji. Wygodny, przeno\u015bny stoliczek zosta\u0142 wyposa\u017cony [&hellip;]<\/p>\n","protected":false},"featured_media":10780,"comment_status":"closed","ping_status":"open","template":"","meta":[],"product_cat":[1365,113],"product_tag":[864,766,690,631,860],"class_list":["post-10779","product","type-product","status-publish","has-post-thumbnail","hentry","product_cat-fisher-price","product_cat-klocki","product_tag-basen-warszawa","product_tag-kira","product_tag-pieski-male-dwa-tekst","product_tag-prezent-na-roczek","product_tag-zagadki-logiczne-dla-doroslych"],"_links":{"self":[{"href":"http:\/\/klubmamgdynia.pl\/index.php\/wp-json\/wp\/v2\/product\/10779","targetHints":{"allow":["GET"]}}],"collection":[{"href":"http:\/\/klubmamgdynia.pl\/index.php\/wp-json\/wp\/v2\/product"}],"about":[{"href":"http:\/\/klubmamgdynia.pl\/index.php\/wp-json\/wp\/v2\/types\/product"}],"replies":[{"embeddable":true,"href":"http:\/\/klubmamgdynia.pl\/index.php\/wp-json\/wp\/v2\/comments?post=10779"}],"wp:featuredmedia":[{"embeddable":true,"href":"http:\/\/klubmamgdynia.pl\/index.php\/wp-json\/wp\/v2\/media\/10780"}],"wp:attachment":[{"href":"http:\/\/klubmamgdynia.pl\/index.php\/wp-json\/wp\/v2\/media?parent=10779"}],"wp:term":[{"taxonomy":"product_cat","embeddable":true,"href":"http:\/\/klubmamgdynia.pl\/index.php\/wp-json\/wp\/v2\/product_cat?post=10779"},{"taxonomy":"product_tag","embeddable":true,"href":"http:\/\/klubmamgdynia.pl\/index.php\/wp-json\/wp\/v2\/product_tag?post=10779"}],"curies":[{"name":"wp","href":"https:\/\/api.w.org\/{rel}","templated":true}]}}