{"id":10781,"date":"2022-11-03T11:49:59","date_gmt":"2022-11-03T10:49:59","guid":{"rendered":"http:\/\/klubmamgdynia.pl\/?post_type=product&#038;p=10781"},"modified":"2026-04-30T18:52:43","modified_gmt":"2026-04-30T16:52:43","slug":"panta-plast-koszulka-przestrzenna-do-wpinania-z-klapka-10szt","status":"publish","type":"product","link":"http:\/\/klubmamgdynia.pl\/index.php\/produkt\/panta-plast-koszulka-przestrzenna-do-wpinania-z-klapka-10szt\/","title":{"rendered":"Panta Plast Koszulka Przestrzenna Do Wpinania Z Klapk\u0105 (10Szt)"},"content":{"rendered":"<p>wykonana z folii PVC lub PPwysoka przezroczysto\u015b\u0107 i wytrzyma\u0142o\u015b\u0107pojemno\u015b\u0107: ksi\u0105\u017cki, katalogi, do 250 kartekeuroperforacja do wpinania w segregatorposiada klapk\u0119 zabezpieczaj\u0105c\u0105 materia\u0142y przed wysuni\u0119ciemkoszulka wykonana z polipropylenu posiada dodatkowo praktyczne zapi\u0119cie NAZWA KOSZULKA PRZESTRZENNA DO WPINANIA Z KLAPK\u0104 (10SZT) PRODUCENT PANTA PLAST EAN 5902156000659 Znajd\u017a podobne wed\u0142ug klucza: PANTA_PLAST (283079)<\/p>\n<h2>Panta Plast Koszulka Przestrzenna Do Wpinania Z Klapk\u0105 (10Szt) Panta Plast<\/h2>\n<p>karty pracy po ukrai\u0144sku, zabawki na roczek dla dziewczynki, co na prezent dla 7 latki, uk\u0142ad s\u0142oneczny do druku, kolorowanki pokemon, gad\u017cety dla m\u0142odzie\u017cy 2020, zagadki o wielkanocy<\/p>\n<p>yyyyy<\/p>\n<p>&nbsp;<\/p>\n","protected":false},"excerpt":{"rendered":"<p>wykonana z folii PVC lub PPwysoka przezroczysto\u015b\u0107 i wytrzyma\u0142o\u015b\u0107pojemno\u015b\u0107: ksi\u0105\u017cki, katalogi, do 250 kartekeuroperforacja do wpinania w segregatorposiada klapk\u0119 zabezpieczaj\u0105c\u0105 materia\u0142y przed wysuni\u0119ciemkoszulka wykonana z polipropylenu posiada dodatkowo praktyczne zapi\u0119cie NAZWA KOSZULKA PRZESTRZENNA DO WPINANIA Z KLAPK\u0104 (10SZT) PRODUCENT PANTA PLAST EAN 5902156000659 Znajd\u017a podobne wed\u0142ug klucza: PANTA_PLAST (283079) Panta Plast Koszulka Przestrzenna Do Wpinania [&hellip;]<\/p>\n","protected":false},"featured_media":10782,"comment_status":"closed","ping_status":"open","template":"","meta":[],"product_cat":[1896,325],"product_tag":[593,810,649,715],"class_list":["post-10781","product","type-product","status-publish","has-post-thumbnail","hentry","product_cat-panta-plast","product_cat-szkolne-artykuly-papiernicze","product_tag-jak-narysowac-konia","product_tag-nauka-zegara-do-druku","product_tag-zagadki-dla-nastolatkow","product_tag-zosia-samosia"],"_links":{"self":[{"href":"http:\/\/klubmamgdynia.pl\/index.php\/wp-json\/wp\/v2\/product\/10781","targetHints":{"allow":["GET"]}}],"collection":[{"href":"http:\/\/klubmamgdynia.pl\/index.php\/wp-json\/wp\/v2\/product"}],"about":[{"href":"http:\/\/klubmamgdynia.pl\/index.php\/wp-json\/wp\/v2\/types\/product"}],"replies":[{"embeddable":true,"href":"http:\/\/klubmamgdynia.pl\/index.php\/wp-json\/wp\/v2\/comments?post=10781"}],"wp:featuredmedia":[{"embeddable":true,"href":"http:\/\/klubmamgdynia.pl\/index.php\/wp-json\/wp\/v2\/media\/10782"}],"wp:attachment":[{"href":"http:\/\/klubmamgdynia.pl\/index.php\/wp-json\/wp\/v2\/media?parent=10781"}],"wp:term":[{"taxonomy":"product_cat","embeddable":true,"href":"http:\/\/klubmamgdynia.pl\/index.php\/wp-json\/wp\/v2\/product_cat?post=10781"},{"taxonomy":"product_tag","embeddable":true,"href":"http:\/\/klubmamgdynia.pl\/index.php\/wp-json\/wp\/v2\/product_tag?post=10781"}],"curies":[{"name":"wp","href":"https:\/\/api.w.org\/{rel}","templated":true}]}}