{"id":10785,"date":"2024-09-25T04:44:48","date_gmt":"2024-09-25T02:44:48","guid":{"rendered":"http:\/\/klubmamgdynia.pl\/?post_type=product&#038;p=10785"},"modified":"2026-04-30T18:25:40","modified_gmt":"2026-04-30T16:25:40","slug":"opowiem-ci-mamo-co-robia-auta","status":"publish","type":"product","link":"http:\/\/klubmamgdynia.pl\/index.php\/produkt\/opowiem-ci-mamo-co-robia-auta\/","title":{"rendered":"Opowiem ci mamo co robi\u0105 auta"},"content":{"rendered":"<p>Wspania\u0142a ksi\u0105\u017cka dla najm\u0142odszych fan\u00f3w motoryzacji!<\/p>\n<p>Jakie samochody pracuj\u0105 w mie\u015bcie, a jakie na wsi? Co kryje w sobie wn\u0119trze samochodu? Jakie pojazdy \u015bcigaj\u0105 si\u0119 po torze wy\u015bcigowym, a jakie pracuj\u0105 na placu budowy? Dlaczego w warsztacie samochodowym jest taki ba\u0142agan? Co robi\u0105 samochody zim\u0105, a co w lecie? Gdzie mo\u017cna spotka\u0107 najnowsze i najpi\u0119kniejsze modele samochod\u00f3w? Odpowiedzi na te i inne pytania dotycz\u0105ce bogatego \u015bwiata pojazd\u00f3w du\u017cych i ma\u0142ych znalaz\u0142y si\u0119 w tej niezwyk\u0142ej ksi\u0105\u017cce narysowanej z humorem przez Artura Nowickiego.Opowiem ci, mamo, co robi\u0105 auta to znakomity prezent dla dzieci w wieku od 2 do 6 lat. Ksi\u0105\u017cka \u0107wiczy spostrzegawczo\u015b\u0107, umiej\u0119tno\u015b\u0107 opowiadania, ilustracje wzbogacaj\u0105 rymowane zagadki Marcina Brykczy\u0144skiego, a sztywne kartki pozwol\u0105 jej przetrwa\u0107 wielokrotne przegl\u0105danie.Artur Nowicki (ur. 1968) &#8211; jako ch\u0142opiec marzy\u0142, \u017ceby zosta\u0107 pilotem, dlatego najcz\u0119\u015bciej rysowa\u0142 samoloty. P\u00f3\u017aniej chcia\u0142 by\u0107 czo\u0142gist\u0105 i zacz\u0105\u0142 rysowa\u0107 same bitwy pod Studziankami. My\u015bla\u0142 te\u017c o karierze krawca, ale nic z tego nie wysz\u0142o. Tata \u0142ama\u0142 sobie g\u0142ow\u0119, co z niego wyro\u015bnie, a mama cz\u0119sto m\u00f3wi\u0142a, \u017ce chyba ksi\u0105dz, lecz nieznane s\u0105 \u017ar\u00f3d\u0142a tego pomys\u0142u.Ostatecznie uko\u0144czy\u0142 szko\u0142\u0119 \u015bredni\u0105 jako mechanizator rolnictwa. Nie zd\u0105\u017cy\u0142 jednak popracowa\u0107 w zawodzie, bo zrozumia\u0142, \u017ce to, co lubi najbardziej, to malowanie. Dlatego zdecydowa\u0142 si\u0119 na studia na Wydziale Wychowania Artystycznego WSP w Cz\u0119stochowie (obecnie Akademia Jana D\u0142ugosza). W 1993 roku otrzyma\u0142 dyplom z wyr\u00f3\u017cnieniem w pracowni prof. Jerzego Filipa Sztuki. Od ponad dwudziestu lat tworzy ilustracje do czasopism i ksi\u0105\u017cek dla dzieci. Organizuje i prowadzi spotkania oraz warsztaty tw\u00f3rcze dla dzieci i m\u0142odzie\u017cy. Mieszka z rodzin\u0105 na wsi. Sp\u0119dza du\u017co czasu w pracowni, gdzie wymy\u015bla i rysuje bohater\u00f3w kolejnych ksi\u0105\u017cek.Marcin Brykczy\u0144ski (ur. 1946) &#8211; ekonomista z wykszta\u0142cenia, poeta z powo\u0142ania. Laureat licznych nagr\u00f3d, w tym Polskiego Towarzystwa Wydawc\u00f3w Ksi\u0105\u017cek, Polskiej Sekcji IBBY oraz Fundacji \u015awiat Dziecka. Znakiem rozpoznawczym jego tw\u00f3rczo\u015bci dla najm\u0142odszych s\u0105 b\u0142yskotliwe zabawy s\u0142owne, oryginalne poczucie humoru i optymistyczne spojrzenie na \u015bwiat. W &#8222;Naszej Ksi\u0119garni&#8221; poeta wyda\u0142 m.in. &#8222;Bia\u0142ego nied\u017awiedzia, czarn\u0105 krow\u0119&#8221; (z ilustracjami Gra\u017cki Lange), pozycj\u0119 umieszczon\u0105 na Li\u015bcie Honorowej IBBY, oraz &#8222;Sk\u0105d si\u0119 bior\u0105 dzieci&#8221;. Jest tak\u017ce autorem wierszowanych zagadek do ksi\u0105\u017cek &#8222;Opowiem ci, mamo, co robi\u0105 mr\u00f3wki&#8221; i &#8222;Chodzi o to, czy wiesz co to. Zwierz\u0119ta&#8221;.<\/p>\n<h2>Opowiem ci mamo co robi\u0105 auta <\/h2>\n<p>dzie\u0144 pluszowego misia 2021, pia, quiz zemsta, trudne zagadki dla dzieci, rysunki dla pocz\u0105tkuj\u0105cych, co kupi\u0107 nastolatkowi, lego ninjago kolorowanka, kolorowanki do druku dla ch\u0142opc\u00f3w, kubu\u015b puchatek cytaty<\/p>\n<p>yyyyy<\/p>\n<p>&nbsp;<\/p>\n","protected":false},"excerpt":{"rendered":"<p>Wspania\u0142a ksi\u0105\u017cka dla najm\u0142odszych fan\u00f3w motoryzacji! Jakie samochody pracuj\u0105 w mie\u015bcie, a jakie na wsi? Co kryje w sobie wn\u0119trze samochodu? Jakie pojazdy \u015bcigaj\u0105 si\u0119 po torze wy\u015bcigowym, a jakie pracuj\u0105 na placu budowy? Dlaczego w warsztacie samochodowym jest taki ba\u0142agan? Co robi\u0105 samochody zim\u0105, a co w lecie? Gdzie mo\u017cna spotka\u0107 najnowsze i najpi\u0119kniejsze [&hellip;]<\/p>\n","protected":false},"featured_media":10786,"comment_status":"closed","ping_status":"open","template":"","meta":[],"product_cat":[1566],"product_tag":[839,854,853,786,793],"class_list":["post-10785","product","type-product","status-publish","has-post-thumbnail","hentry","product_cat-literatura-dla-dzieci-i-mlodziezy","product_tag-bajki-na-dobranoc-do-czytania","product_tag-cytaty-rodzina","product_tag-kolorowanki-do-druku-dla-doroslych","product_tag-prezent-na-1-urodziny","product_tag-zagadki-smieszne-podchwytliwe"],"_links":{"self":[{"href":"http:\/\/klubmamgdynia.pl\/index.php\/wp-json\/wp\/v2\/product\/10785","targetHints":{"allow":["GET"]}}],"collection":[{"href":"http:\/\/klubmamgdynia.pl\/index.php\/wp-json\/wp\/v2\/product"}],"about":[{"href":"http:\/\/klubmamgdynia.pl\/index.php\/wp-json\/wp\/v2\/types\/product"}],"replies":[{"embeddable":true,"href":"http:\/\/klubmamgdynia.pl\/index.php\/wp-json\/wp\/v2\/comments?post=10785"}],"wp:featuredmedia":[{"embeddable":true,"href":"http:\/\/klubmamgdynia.pl\/index.php\/wp-json\/wp\/v2\/media\/10786"}],"wp:attachment":[{"href":"http:\/\/klubmamgdynia.pl\/index.php\/wp-json\/wp\/v2\/media?parent=10785"}],"wp:term":[{"taxonomy":"product_cat","embeddable":true,"href":"http:\/\/klubmamgdynia.pl\/index.php\/wp-json\/wp\/v2\/product_cat?post=10785"},{"taxonomy":"product_tag","embeddable":true,"href":"http:\/\/klubmamgdynia.pl\/index.php\/wp-json\/wp\/v2\/product_tag?post=10785"}],"curies":[{"name":"wp","href":"https:\/\/api.w.org\/{rel}","templated":true}]}}