{"id":10787,"date":"2016-04-24T18:22:46","date_gmt":"2016-04-24T16:22:46","guid":{"rendered":"http:\/\/klubmamgdynia.pl\/index.php\/produkt\/aksjomat-malowanka-205x285-aks-ucze-sie-i-kolor-cyferki\/"},"modified":"2026-05-01T16:28:39","modified_gmt":"2026-05-01T14:28:39","slug":"aksjomat-malowanka-205x285-aks-ucze-sie-i-kolor-cyferki","status":"publish","type":"product","link":"http:\/\/klubmamgdynia.pl\/index.php\/produkt\/aksjomat-malowanka-205x285-aks-ucze-sie-i-kolor-cyferki\/","title":{"rendered":"Aksjomat Malowanka 205X285 Aks Ucze Sie I Kolor Cyferki"},"content":{"rendered":"<p>Zapraszamy dzieci do zabawy w kolorowanie i do nauki pierwszych cyferek. Staranne ilustracje i ciekawa ich tematyka, perforacja, dzi\u0119ki kt\u00f3rej mo\u017cna \u0142atwo wyrwa\u0107 karty, oraz odporny na przeciekanie papier to atuty tej ksi\u0105\u017cki. Dziecko w ksi\u0105\u017ceczce:- pisze po \u015bladzie,- rysuje szlaczki,- poznaje kszta\u0142t cyferek,- liczy,- koloruje kredkami lub farbami.<\/p>\n<h2>Aksjomat Malowanka 205X285 Aks Ucze Sie I Kolor Cyferki Aksjomat<\/h2>\n<p>milena, zagadka, anastazja imi\u0119, oryginalny prezent na roczek dla ch\u0142opca<\/p>\n<p>yyyyy<\/p>\n<p>&nbsp;<\/p>\n","protected":false},"excerpt":{"rendered":"<p>Zapraszamy dzieci do zabawy w kolorowanie i do nauki pierwszych cyferek. Staranne ilustracje i ciekawa ich tematyka, perforacja, dzi\u0119ki kt\u00f3rej mo\u017cna \u0142atwo wyrwa\u0107 karty, oraz odporny na przeciekanie papier to atuty tej ksi\u0105\u017cki. Dziecko w ksi\u0105\u017ceczce:- pisze po \u015bladzie,- rysuje szlaczki,- poznaje kszta\u0142t cyferek,- liczy,- koloruje kredkami lub farbami. Aksjomat Malowanka 205X285 Aks Ucze Sie [&hellip;]<\/p>\n","protected":false},"featured_media":10788,"comment_status":"closed","ping_status":"open","template":"","meta":[],"product_cat":[1512,325],"product_tag":[862,757,607],"class_list":["post-10787","product","type-product","status-publish","has-post-thumbnail","hentry","product_cat-aksjomat","product_cat-szkolne-artykuly-papiernicze","product_tag-nasza-zima-zla-tekst","product_tag-test-z-lektury-ania-z-zielonego-wzgorza-klasa-6-z-odpowiedziami","product_tag-zarty-na-prima-aprilis-dla-rodzicow"],"_links":{"self":[{"href":"http:\/\/klubmamgdynia.pl\/index.php\/wp-json\/wp\/v2\/product\/10787","targetHints":{"allow":["GET"]}}],"collection":[{"href":"http:\/\/klubmamgdynia.pl\/index.php\/wp-json\/wp\/v2\/product"}],"about":[{"href":"http:\/\/klubmamgdynia.pl\/index.php\/wp-json\/wp\/v2\/types\/product"}],"replies":[{"embeddable":true,"href":"http:\/\/klubmamgdynia.pl\/index.php\/wp-json\/wp\/v2\/comments?post=10787"}],"wp:featuredmedia":[{"embeddable":true,"href":"http:\/\/klubmamgdynia.pl\/index.php\/wp-json\/wp\/v2\/media\/10788"}],"wp:attachment":[{"href":"http:\/\/klubmamgdynia.pl\/index.php\/wp-json\/wp\/v2\/media?parent=10787"}],"wp:term":[{"taxonomy":"product_cat","embeddable":true,"href":"http:\/\/klubmamgdynia.pl\/index.php\/wp-json\/wp\/v2\/product_cat?post=10787"},{"taxonomy":"product_tag","embeddable":true,"href":"http:\/\/klubmamgdynia.pl\/index.php\/wp-json\/wp\/v2\/product_tag?post=10787"}],"curies":[{"name":"wp","href":"https:\/\/api.w.org\/{rel}","templated":true}]}}