{"id":10789,"date":"2024-03-12T04:57:22","date_gmt":"2024-03-12T03:57:22","guid":{"rendered":"http:\/\/klubmamgdynia.pl\/?post_type=product&#038;p=10789"},"modified":"2026-04-18T21:11:58","modified_gmt":"2026-04-18T19:11:58","slug":"bandai-dragon-ball-limit-breaker-super-saiyan-blue-vegito-db36748","status":"publish","type":"product","link":"http:\/\/klubmamgdynia.pl\/index.php\/produkt\/bandai-dragon-ball-limit-breaker-super-saiyan-blue-vegito-db36748\/","title":{"rendered":"Bandai Dragon Ball Limit Breaker Super Saiyan Blue Vegito Db36748"},"content":{"rendered":"<p>Kolekcja gigantycznych postaci Dragon Ball Limit Breaker zosta\u0142a stworzona specjalnie dla wszystkich fan\u00f3w serii anime Dragon Ball<\/p>\n<h2>Bandai Dragon Ball Limit Breaker Super Saiyan Blue Vegito Db36748 Bandai<\/h2>\n<p>m\u0105dre bajki dla dzieci do czytania, rainbow dash kolorowanka, gdzie na ferie zimowe 2022, eneduerabe, \u0142atwe zagadki, wierszyki na \u015bmigusa dyngusa, karty pracy po ukrai\u0144sku, dyplomy do druku pdf, atrakcje dla dzieci warszawa 2021<\/p>\n<p>yyyyy<\/p>\n<p>&nbsp;<\/p>\n","protected":false},"excerpt":{"rendered":"<p>Kolekcja gigantycznych postaci Dragon Ball Limit Breaker zosta\u0142a stworzona specjalnie dla wszystkich fan\u00f3w serii anime Dragon Ball Bandai Dragon Ball Limit Breaker Super Saiyan Blue Vegito Db36748 Bandai m\u0105dre bajki dla dzieci do czytania, rainbow dash kolorowanka, gdzie na ferie zimowe 2022, eneduerabe, \u0142atwe zagadki, wierszyki na \u015bmigusa dyngusa, karty pracy po ukrai\u0144sku, dyplomy do [&hellip;]<\/p>\n","protected":false},"featured_media":10790,"comment_status":"closed","ping_status":"open","template":"","meta":[],"product_cat":[96,97],"product_tag":[833,619,684,631,721],"class_list":["post-10789","product","type-product","status-publish","has-post-thumbnail","hentry","product_cat-bandai","product_cat-figurki-kolekcjonerskie","product_tag-bajki-dla-dzieci-do-czytania","product_tag-iwo-imie","product_tag-prezent-dla-dziewczynki-na-roczek","product_tag-prezent-na-roczek","product_tag-zagadki-matematyczne"],"_links":{"self":[{"href":"http:\/\/klubmamgdynia.pl\/index.php\/wp-json\/wp\/v2\/product\/10789","targetHints":{"allow":["GET"]}}],"collection":[{"href":"http:\/\/klubmamgdynia.pl\/index.php\/wp-json\/wp\/v2\/product"}],"about":[{"href":"http:\/\/klubmamgdynia.pl\/index.php\/wp-json\/wp\/v2\/types\/product"}],"replies":[{"embeddable":true,"href":"http:\/\/klubmamgdynia.pl\/index.php\/wp-json\/wp\/v2\/comments?post=10789"}],"wp:featuredmedia":[{"embeddable":true,"href":"http:\/\/klubmamgdynia.pl\/index.php\/wp-json\/wp\/v2\/media\/10790"}],"wp:attachment":[{"href":"http:\/\/klubmamgdynia.pl\/index.php\/wp-json\/wp\/v2\/media?parent=10789"}],"wp:term":[{"taxonomy":"product_cat","embeddable":true,"href":"http:\/\/klubmamgdynia.pl\/index.php\/wp-json\/wp\/v2\/product_cat?post=10789"},{"taxonomy":"product_tag","embeddable":true,"href":"http:\/\/klubmamgdynia.pl\/index.php\/wp-json\/wp\/v2\/product_tag?post=10789"}],"curies":[{"name":"wp","href":"https:\/\/api.w.org\/{rel}","templated":true}]}}