{"id":10791,"date":"2016-08-23T06:47:06","date_gmt":"2016-08-23T04:47:06","guid":{"rendered":"http:\/\/klubmamgdynia.pl\/index.php\/produkt\/aeq-farba-akrylowa-phoenix-100ml-315-crimson\/"},"modified":"2026-04-27T04:49:06","modified_gmt":"2026-04-27T02:49:06","slug":"aeq-farba-akrylowa-phoenix-100ml-315-crimson","status":"publish","type":"product","link":"http:\/\/klubmamgdynia.pl\/index.php\/produkt\/aeq-farba-akrylowa-phoenix-100ml-315-crimson\/","title":{"rendered":"AEQ Farba akrylowa PHOENIX 100ml &#8211; 315 CRIMSON"},"content":{"rendered":"<p>Farby akrylowe firmy Phoenix w tubach o pojemno\u015bci 100ml &#8211; charakteryzuj\u0105 si\u0119 bardzo \u017cywym walorem i doskona\u0142ym kryciem. Farby te doskonale nadaj\u0105 si\u0119 do malowania po drewnie, ceramice, plastiku.Szeroka paleta kolor\u00f3w umo\u017cliwia odpowiednie dobranie farby.znajduj\u0105 uznanie zar\u00f3wno do\u015bwiadczonych jak i pocz\u0105tkuj\u0105cych malarzy.Kolory traktuj pogl\u0105dowo, ich odcie\u0144 zale\u017cy do ustawie\u0144 monitora<\/p>\n<h2>AEQ Farba akrylowa PHOENIX 100ml &#8211; 315 CRIMSON AEQ<\/h2>\n<p>do druku dla dzieci, quizy dla dzieci o zwierz\u0119tach, prezent roczek dziewczynka, dziecko cytaty z\u0142ote my\u015bli, wzory zaprosze\u0144 zaproszenie na urodziny szablon do druku, test wiedzy zemsta, imie leon, zagadki dla dzieci 7 lat, cytaty o dzieciach, zagadki logiczne i odpowiedzi<\/p>\n<p>yyyyy<\/p>\n<p>&nbsp;<\/p>\n","protected":false},"excerpt":{"rendered":"<p>Farby akrylowe firmy Phoenix w tubach o pojemno\u015bci 100ml &#8211; charakteryzuj\u0105 si\u0119 bardzo \u017cywym walorem i doskona\u0142ym kryciem. Farby te doskonale nadaj\u0105 si\u0119 do malowania po drewnie, ceramice, plastiku.Szeroka paleta kolor\u00f3w umo\u017cliwia odpowiednie dobranie farby.znajduj\u0105 uznanie zar\u00f3wno do\u015bwiadczonych jak i pocz\u0105tkuj\u0105cych malarzy.Kolory traktuj pogl\u0105dowo, ich odcie\u0144 zale\u017cy do ustawie\u0144 monitora AEQ Farba akrylowa PHOENIX 100ml [&hellip;]<\/p>\n","protected":false},"featured_media":10792,"comment_status":"closed","ping_status":"open","template":"","meta":[],"product_cat":[1921,1397],"product_tag":[871,685,862,858],"class_list":["post-10791","product","type-product","status-publish","has-post-thumbnail","hentry","product_cat-aeq","product_cat-farby-i-media-malarskie","product_tag-bajka-o-smoku-wawelskim","product_tag-cytaty-o-rodzinie","product_tag-nasza-zima-zla-tekst","product_tag-podchwytliwe-zagadki"],"_links":{"self":[{"href":"http:\/\/klubmamgdynia.pl\/index.php\/wp-json\/wp\/v2\/product\/10791","targetHints":{"allow":["GET"]}}],"collection":[{"href":"http:\/\/klubmamgdynia.pl\/index.php\/wp-json\/wp\/v2\/product"}],"about":[{"href":"http:\/\/klubmamgdynia.pl\/index.php\/wp-json\/wp\/v2\/types\/product"}],"replies":[{"embeddable":true,"href":"http:\/\/klubmamgdynia.pl\/index.php\/wp-json\/wp\/v2\/comments?post=10791"}],"wp:featuredmedia":[{"embeddable":true,"href":"http:\/\/klubmamgdynia.pl\/index.php\/wp-json\/wp\/v2\/media\/10792"}],"wp:attachment":[{"href":"http:\/\/klubmamgdynia.pl\/index.php\/wp-json\/wp\/v2\/media?parent=10791"}],"wp:term":[{"taxonomy":"product_cat","embeddable":true,"href":"http:\/\/klubmamgdynia.pl\/index.php\/wp-json\/wp\/v2\/product_cat?post=10791"},{"taxonomy":"product_tag","embeddable":true,"href":"http:\/\/klubmamgdynia.pl\/index.php\/wp-json\/wp\/v2\/product_tag?post=10791"}],"curies":[{"name":"wp","href":"https:\/\/api.w.org\/{rel}","templated":true}]}}