{"id":10793,"date":"2019-12-23T00:09:33","date_gmt":"2019-12-22T23:09:33","guid":{"rendered":"http:\/\/klubmamgdynia.pl\/index.php\/produkt\/revell-hmcs-snowberry-05132\/"},"modified":"2026-04-20T12:18:38","modified_gmt":"2026-04-20T10:18:38","slug":"revell-hmcs-snowberry-05132","status":"publish","type":"product","link":"http:\/\/klubmamgdynia.pl\/index.php\/produkt\/revell-hmcs-snowberry-05132\/","title":{"rendered":"Revell HMCS Snowberry (05132)"},"content":{"rendered":"<p>EAN:  4009803051321Gwarancja:  24 miesi\u0105ceKod dostawcy:  MR-5132Nr katalogowy:  05132Rodzaj:  StatkiSkala:  1:144Materia\u0142:  Tworzywo sztuczneWymagania wiekowe:  od 12 latP\u0142e\u0107:  Ch\u0142opcyD\u0142ugo\u015b\u0107:  439 mmPozosta\u0142e parametry:  Wymiary opakowania: 43,7 x 24,8 x 11,2 cm<\/p>\n<h2>Revell HMCS Snowberry (05132) Revell<\/h2>\n<p>trudne zagadki i odpowiedzi, proste \u017carty na prima aprilis, maska kota, trudne zagadki matematyczne, kolorowanki do druku lol, alfabet kolorowanki, plan lekcji do druku, kolorowanki do druku, basen warszawa, najlepsze \u017carty na prima aprilis, lukrecja imie, pia, cytaty korczak, dymitr, zagadki dla 8 latka, kira imi\u0119<\/p>\n<p>yyyyy<\/p>\n<p>&nbsp;<\/p>\n","protected":false},"excerpt":{"rendered":"<p>EAN: 4009803051321Gwarancja: 24 miesi\u0105ceKod dostawcy: MR-5132Nr katalogowy: 05132Rodzaj: StatkiSkala: 1:144Materia\u0142: Tworzywo sztuczneWymagania wiekowe: od 12 latP\u0142e\u0107: Ch\u0142opcyD\u0142ugo\u015b\u0107: 439 mmPozosta\u0142e parametry: Wymiary opakowania: 43,7 x 24,8 x 11,2 cm Revell HMCS Snowberry (05132) Revell trudne zagadki i odpowiedzi, proste \u017carty na prima aprilis, maska kota, trudne zagadki matematyczne, kolorowanki do druku lol, alfabet kolorowanki, plan lekcji [&hellip;]<\/p>\n","protected":false},"featured_media":10794,"comment_status":"closed","ping_status":"open","template":"","meta":[],"product_cat":[303,507],"product_tag":[772,688,605,604,756],"class_list":["post-10793","product","type-product","status-publish","has-post-thumbnail","hentry","product_cat-kolekcjonerskie-modele-pojazdow","product_cat-revell","product_tag-45-panstw-europy-i-ich-stolice-quiz","product_tag-kolysanki-tekst","product_tag-milena","product_tag-zagadki-trudne","product_tag-zaproszenie-na-urodziny-do-druku"],"_links":{"self":[{"href":"http:\/\/klubmamgdynia.pl\/index.php\/wp-json\/wp\/v2\/product\/10793","targetHints":{"allow":["GET"]}}],"collection":[{"href":"http:\/\/klubmamgdynia.pl\/index.php\/wp-json\/wp\/v2\/product"}],"about":[{"href":"http:\/\/klubmamgdynia.pl\/index.php\/wp-json\/wp\/v2\/types\/product"}],"replies":[{"embeddable":true,"href":"http:\/\/klubmamgdynia.pl\/index.php\/wp-json\/wp\/v2\/comments?post=10793"}],"wp:featuredmedia":[{"embeddable":true,"href":"http:\/\/klubmamgdynia.pl\/index.php\/wp-json\/wp\/v2\/media\/10794"}],"wp:attachment":[{"href":"http:\/\/klubmamgdynia.pl\/index.php\/wp-json\/wp\/v2\/media?parent=10793"}],"wp:term":[{"taxonomy":"product_cat","embeddable":true,"href":"http:\/\/klubmamgdynia.pl\/index.php\/wp-json\/wp\/v2\/product_cat?post=10793"},{"taxonomy":"product_tag","embeddable":true,"href":"http:\/\/klubmamgdynia.pl\/index.php\/wp-json\/wp\/v2\/product_tag?post=10793"}],"curies":[{"name":"wp","href":"https:\/\/api.w.org\/{rel}","templated":true}]}}