{"id":10795,"date":"2012-06-07T17:22:10","date_gmt":"2012-06-07T15:22:10","guid":{"rendered":"http:\/\/klubmamgdynia.pl\/index.php\/produkt\/kids-euroswan-kredki-trojkatne-36-kolorow-sweet-dreams-kl11246\/"},"modified":"2026-04-30T03:26:37","modified_gmt":"2026-04-30T01:26:37","slug":"kids-euroswan-kredki-trojkatne-36-kolorow-sweet-dreams-kl11246","status":"publish","type":"product","link":"http:\/\/klubmamgdynia.pl\/index.php\/produkt\/kids-euroswan-kredki-trojkatne-36-kolorow-sweet-dreams-kl11246\/","title":{"rendered":"Kids Euroswan Kredki Tr\u00f3jk\u0105tne 36 Kolor\u00f3w Sweet Dreams Kl11246"},"content":{"rendered":"<p>PROMOCJA &#8211; TANIA DOSTAWA ! &#8211; Kredki tr\u00f3jk\u0105tne 36 kolor\u00f3w Sweet Dreams KL11246 Kids Euroswan &#8211; PACZKOMAT, POCZTA, KURIER<\/p>\n<h2>Kids Euroswan Kredki Tr\u00f3jk\u0105tne 36 Kolor\u00f3w Sweet Dreams Kl11246 Kids Euroswan<\/h2>\n<p>pierwsze urodziny prezent na roczek dla ch\u0142opca, psi patrol do czytania, super zings kolorowanki, quiz minecraft, co na roczek, kr\u00f3tkie czytanki dla dzieci do wydruku, kwiecien plecien, fajne \u017carty na prima aprilis, na wyspach bergamuta, kolorowanki wakacje, bajka o emocjach, karnawa\u0142 maska karnawa\u0142owa szablon, dyplomy dla dzieci do druku, karty pracy obrazki do wyklejania plastelin\u0105, prezent dla pi\u0119tnastolatka, kolorowanka sky, ja\u015bmina, prezent dla trzynastolatki, dekorowanie kanapek dla dzieci<\/p>\n<p>yyyyy<\/p>\n<p>&nbsp;<\/p>\n","protected":false},"excerpt":{"rendered":"<p>PROMOCJA &#8211; TANIA DOSTAWA ! &#8211; Kredki tr\u00f3jk\u0105tne 36 kolor\u00f3w Sweet Dreams KL11246 Kids Euroswan &#8211; PACZKOMAT, POCZTA, KURIER Kids Euroswan Kredki Tr\u00f3jk\u0105tne 36 Kolor\u00f3w Sweet Dreams Kl11246 Kids Euroswan pierwsze urodziny prezent na roczek dla ch\u0142opca, psi patrol do czytania, super zings kolorowanki, quiz minecraft, co na roczek, kr\u00f3tkie czytanki dla dzieci do wydruku, [&hellip;]<\/p>\n","protected":false},"featured_media":10796,"comment_status":"closed","ping_status":"open","template":"","meta":[],"product_cat":[1103,297],"product_tag":[691,750,589],"class_list":["post-10795","product","type-product","status-publish","has-post-thumbnail","hentry","product_cat-kids-euroswan","product_cat-szkolne-artykuly-plastyczne","product_tag-gabriel","product_tag-imie-kostek","product_tag-prezent-dla-rocznego-dziecka"],"_links":{"self":[{"href":"http:\/\/klubmamgdynia.pl\/index.php\/wp-json\/wp\/v2\/product\/10795","targetHints":{"allow":["GET"]}}],"collection":[{"href":"http:\/\/klubmamgdynia.pl\/index.php\/wp-json\/wp\/v2\/product"}],"about":[{"href":"http:\/\/klubmamgdynia.pl\/index.php\/wp-json\/wp\/v2\/types\/product"}],"replies":[{"embeddable":true,"href":"http:\/\/klubmamgdynia.pl\/index.php\/wp-json\/wp\/v2\/comments?post=10795"}],"wp:featuredmedia":[{"embeddable":true,"href":"http:\/\/klubmamgdynia.pl\/index.php\/wp-json\/wp\/v2\/media\/10796"}],"wp:attachment":[{"href":"http:\/\/klubmamgdynia.pl\/index.php\/wp-json\/wp\/v2\/media?parent=10795"}],"wp:term":[{"taxonomy":"product_cat","embeddable":true,"href":"http:\/\/klubmamgdynia.pl\/index.php\/wp-json\/wp\/v2\/product_cat?post=10795"},{"taxonomy":"product_tag","embeddable":true,"href":"http:\/\/klubmamgdynia.pl\/index.php\/wp-json\/wp\/v2\/product_tag?post=10795"}],"curies":[{"name":"wp","href":"https:\/\/api.w.org\/{rel}","templated":true}]}}