{"id":10797,"date":"2021-05-01T08:21:47","date_gmt":"2021-05-01T06:21:47","guid":{"rendered":"http:\/\/klubmamgdynia.pl\/index.php\/produkt\/trefl-idziemy-do-zoo-baby-02058\/"},"modified":"2026-04-20T12:53:16","modified_gmt":"2026-04-20T10:53:16","slug":"trefl-idziemy-do-zoo-baby-02058","status":"publish","type":"product","link":"http:\/\/klubmamgdynia.pl\/index.php\/produkt\/trefl-idziemy-do-zoo-baby-02058\/","title":{"rendered":"Trefl Idziemy Do Zoo Baby 02058"},"content":{"rendered":"<p>Trefl Idziemy Do Zoo Baby 02058Edukacyjna uk\u0142adanka dla malucha, kt\u00f3ra w przyjazny spos\u00f3b wprowadza dziecko w \u015bwiat zwierz\u0105t. Podczas weso\u0142ej zabawy ma\u0142y gracz odkrywa, jak wygl\u0105daj\u0105 mieszka\u0144cy zoo.                            <\/p>\n<p>Zawarto\u015b\u0107:6 uk\u0142adanek12 kartonik\u00f3w ze zwierz\u0119tamiprzewodnik z propozycjami gier i zabaw<\/p>\n<h2>Trefl Idziemy Do Zoo Baby 02058 Trefl<\/h2>\n<p>ju\u017c blisko kol\u0119da tekst, warszawa atrakcje dla m\u0142odzie\u017cy, zagadki o zawodach, miko\u0142ajki dla dzieci warszawa 2021, filmy rodzinne na halloween, dyplomy do druku, ninjago kolorowanki, felix net i nika oraz gang niewidzialnych ludzi quiz, jeremi, buziak gify na dobranoc smieszne, wzruszajace cytaty o rodzinie, \u017carty prima aprilis, zemsta quizy, opisy do zdj\u0119\u0107 z dzieckiem, zagadki slowne, logiczne zagadki, opisy o dzieciach, quizy flagi<\/p>\n<p>yyyyy<\/p>\n<p>&nbsp;<\/p>\n","protected":false},"excerpt":{"rendered":"<p>Trefl Idziemy Do Zoo Baby 02058Edukacyjna uk\u0142adanka dla malucha, kt\u00f3ra w przyjazny spos\u00f3b wprowadza dziecko w \u015bwiat zwierz\u0105t. Podczas weso\u0142ej zabawy ma\u0142y gracz odkrywa, jak wygl\u0105daj\u0105 mieszka\u0144cy zoo. Zawarto\u015b\u0107:6 uk\u0142adanek12 kartonik\u00f3w ze zwierz\u0119tamiprzewodnik z propozycjami gier i zabaw Trefl Idziemy Do Zoo Baby 02058 Trefl ju\u017c blisko kol\u0119da tekst, warszawa atrakcje dla m\u0142odzie\u017cy, zagadki o [&hellip;]<\/p>\n","protected":false},"featured_media":10798,"comment_status":"closed","ping_status":"open","template":"","meta":[],"product_cat":[130,104],"product_tag":[834,674,732],"class_list":["post-10797","product","type-product","status-publish","has-post-thumbnail","hentry","product_cat-gry-dzieciece","product_cat-trefl","product_tag-bajka-do-czytania-na-dobranoc","product_tag-miasto-dzieci","product_tag-prezent-dla-rocznego-chlopca"],"_links":{"self":[{"href":"http:\/\/klubmamgdynia.pl\/index.php\/wp-json\/wp\/v2\/product\/10797","targetHints":{"allow":["GET"]}}],"collection":[{"href":"http:\/\/klubmamgdynia.pl\/index.php\/wp-json\/wp\/v2\/product"}],"about":[{"href":"http:\/\/klubmamgdynia.pl\/index.php\/wp-json\/wp\/v2\/types\/product"}],"replies":[{"embeddable":true,"href":"http:\/\/klubmamgdynia.pl\/index.php\/wp-json\/wp\/v2\/comments?post=10797"}],"wp:featuredmedia":[{"embeddable":true,"href":"http:\/\/klubmamgdynia.pl\/index.php\/wp-json\/wp\/v2\/media\/10798"}],"wp:attachment":[{"href":"http:\/\/klubmamgdynia.pl\/index.php\/wp-json\/wp\/v2\/media?parent=10797"}],"wp:term":[{"taxonomy":"product_cat","embeddable":true,"href":"http:\/\/klubmamgdynia.pl\/index.php\/wp-json\/wp\/v2\/product_cat?post=10797"},{"taxonomy":"product_tag","embeddable":true,"href":"http:\/\/klubmamgdynia.pl\/index.php\/wp-json\/wp\/v2\/product_tag?post=10797"}],"curies":[{"name":"wp","href":"https:\/\/api.w.org\/{rel}","templated":true}]}}