{"id":10799,"date":"2010-12-29T20:35:21","date_gmt":"2010-12-29T19:35:21","guid":{"rendered":"http:\/\/klubmamgdynia.pl\/index.php\/produkt\/aksjomat-album-z-naklejkami-wspaniale-pojazdy-cz-2\/"},"modified":"2026-05-17T22:39:42","modified_gmt":"2026-05-17T20:39:42","slug":"aksjomat-album-z-naklejkami-wspaniale-pojazdy-cz-2","status":"publish","type":"product","link":"http:\/\/klubmamgdynia.pl\/index.php\/produkt\/aksjomat-album-z-naklejkami-wspaniale-pojazdy-cz-2\/","title":{"rendered":"Aksjomat Album Z Naklejkami Wspania\u0142e Pojazdy Cz 2"},"content":{"rendered":"<p>Albumy z naklejkami Wspania\u0142e pojazdy to spos\u00f3b na mi\u0142e sp\u0119dzenie czasu i poszerzenie wiedzy dziecka o pojazdach. W bogatym zestawie naklejek znalaz\u0142o si\u0119 wiele fotografii, kt\u00f3re s\u0105 g\u0142\u00f3wn\u0105 atrakcj\u0105 tej publikacji. Opr\u00f3cz naklejek proponujemy r\u00f3wnie\u017c ciekawostki zwi\u0105zane z motoryzacj\u0105. Baw si\u0119 z nami naklejkami!<\/p>\n<h2>Aksjomat Album Z Naklejkami Wspania\u0142e Pojazdy Cz 2 Aksjomat<\/h2>\n<p>tekst kolysanek, zadania dla 7 latka do druku, zagadki dla ma\u0142ych dzieci, ma\u0142y ksi\u0105\u017ce test, maski do druku kolorowe, lol surprise kolorowanka, prezent na roczek dziewczynka, kwiaty polne nazwy, \u017carty na prima aprilis w domu, mi\u0142o\u015b\u0107 do dziecka cytaty, peppa do czytania, test na znaki drogowe, bajka psi patrol do czytania<\/p>\n<p>yyyyy<\/p>\n<p>&nbsp;<\/p>\n","protected":false},"excerpt":{"rendered":"<p>Albumy z naklejkami Wspania\u0142e pojazdy to spos\u00f3b na mi\u0142e sp\u0119dzenie czasu i poszerzenie wiedzy dziecka o pojazdach. W bogatym zestawie naklejek znalaz\u0142o si\u0119 wiele fotografii, kt\u00f3re s\u0105 g\u0142\u00f3wn\u0105 atrakcj\u0105 tej publikacji. Opr\u00f3cz naklejek proponujemy r\u00f3wnie\u017c ciekawostki zwi\u0105zane z motoryzacj\u0105. Baw si\u0119 z nami naklejkami! Aksjomat Album Z Naklejkami Wspania\u0142e Pojazdy Cz 2 Aksjomat tekst kolysanek, [&hellip;]<\/p>\n","protected":false},"featured_media":10800,"comment_status":"closed","ping_status":"open","template":"","meta":[],"product_cat":[1512,325],"product_tag":[827,808,729,638,794,576],"class_list":["post-10799","product","type-product","status-publish","has-post-thumbnail","hentry","product_cat-aksjomat","product_cat-szkolne-artykuly-papiernicze","product_tag-bajki-dla-niemowlat","product_tag-imie-mia","product_tag-madre-bajki-dla-dzieci-do-czytania","product_tag-miastodzieci","product_tag-test-opowiesci-z-narnii-lew-czarownica-i-stara-szafa-do-druku","product_tag-trudne-zagadki"],"_links":{"self":[{"href":"http:\/\/klubmamgdynia.pl\/index.php\/wp-json\/wp\/v2\/product\/10799","targetHints":{"allow":["GET"]}}],"collection":[{"href":"http:\/\/klubmamgdynia.pl\/index.php\/wp-json\/wp\/v2\/product"}],"about":[{"href":"http:\/\/klubmamgdynia.pl\/index.php\/wp-json\/wp\/v2\/types\/product"}],"replies":[{"embeddable":true,"href":"http:\/\/klubmamgdynia.pl\/index.php\/wp-json\/wp\/v2\/comments?post=10799"}],"wp:featuredmedia":[{"embeddable":true,"href":"http:\/\/klubmamgdynia.pl\/index.php\/wp-json\/wp\/v2\/media\/10800"}],"wp:attachment":[{"href":"http:\/\/klubmamgdynia.pl\/index.php\/wp-json\/wp\/v2\/media?parent=10799"}],"wp:term":[{"taxonomy":"product_cat","embeddable":true,"href":"http:\/\/klubmamgdynia.pl\/index.php\/wp-json\/wp\/v2\/product_cat?post=10799"},{"taxonomy":"product_tag","embeddable":true,"href":"http:\/\/klubmamgdynia.pl\/index.php\/wp-json\/wp\/v2\/product_tag?post=10799"}],"curies":[{"name":"wp","href":"https:\/\/api.w.org\/{rel}","templated":true}]}}