{"id":108,"date":"2023-03-23T15:48:35","date_gmt":"2023-03-23T14:48:35","guid":{"rendered":"http:\/\/klubmamgdynia.pl\/index.php\/produkt\/ramiz-auto-na-akumulator-retro-wojskowy-zielony\/"},"modified":"2026-04-06T04:47:45","modified_gmt":"2026-04-06T02:47:45","slug":"ramiz-auto-na-akumulator-retro-wojskowy-zielony","status":"publish","type":"product","link":"http:\/\/klubmamgdynia.pl\/index.php\/produkt\/ramiz-auto-na-akumulator-retro-wojskowy-zielony\/","title":{"rendered":"Ramiz Auto Na Akumulator Retro Wojskowy Zielony"},"content":{"rendered":"<p>SpecyfikacjaPojazd Retro WojskowySiniki4x35WAkumulator12V\/7AhPilot 2.4 GHz,3 Pr\u0119dko\u015bci,Przycisk bezpiecze\u0144stwa Stop,Ko\u0142aPiankowe ko\u0142a EVA, 26 x 9 cm,AmortyzatoryPrz\u00f3d,Ty\u0142BiegiWolny Start,Prz\u00f3d\/Ty\u0142,\u015awiat\u0142a \u015awiat\u0142a LED,PrzednieW\u0142\u0105cznik \u015bwiate\u0142,Wyposa\u017ceniePanel AudioMP3,USB,BluetoothKlakson w kierownicyStartPod\u015bwietlany przyciskSiedzenieCzarna Wentylowana Ekosk\u00f3ra,32 x 20 x 25 cm,Baga\u017cnikTy\u0142 : 43 x 9 x 14 cmPrz\u00f3d : 28 x 18 x 19 cmWymiaryRozmiar PojazduD\u0142ugo\u015b\u0107 110 cm,Szeroko\u015b\u0107 56 cm,Wysoko\u015b\u0107 56 cm,Waga Pojazdu14,5 KgRozmiar Kartonu103 x 58 x 32 cmWaga Kartonu17 KgMaksymalne Obci\u0105\u017cenie30 KgPrze\u015bwit14 cmWyposa\u017cenie Dodatkowe\u0141opatkaInstrukcja + Zestaw Monta\u017cowy\u0141adowarka ,Pilot,<\/p>\n<h2>Ramiz Auto Na Akumulator Retro Wojskowy Zielony Ramiz<\/h2>\n<p>co kupi\u0107 nastolatkowi, \u017cyczenia na lany poniedzia\u0142ek wielkanocny, logiczne zagadki, kajko i kokosz test z lektury, fabian<\/p>\n<p>yyyyy<\/p>\n<p>&nbsp;<\/p>\n","protected":false},"excerpt":{"rendered":"<p>SpecyfikacjaPojazd Retro WojskowySiniki4x35WAkumulator12V\/7AhPilot 2.4 GHz,3 Pr\u0119dko\u015bci,Przycisk bezpiecze\u0144stwa Stop,Ko\u0142aPiankowe ko\u0142a EVA, 26 x 9 cm,AmortyzatoryPrz\u00f3d,Ty\u0142BiegiWolny Start,Prz\u00f3d\/Ty\u0142,\u015awiat\u0142a \u015awiat\u0142a LED,PrzednieW\u0142\u0105cznik \u015bwiate\u0142,Wyposa\u017ceniePanel AudioMP3,USB,BluetoothKlakson w kierownicyStartPod\u015bwietlany przyciskSiedzenieCzarna Wentylowana Ekosk\u00f3ra,32 x 20 x 25 cm,Baga\u017cnikTy\u0142 : 43 x 9 x 14 cmPrz\u00f3d : 28 x 18 x 19 cmWymiaryRozmiar PojazduD\u0142ugo\u015b\u0107 110 cm,Szeroko\u015b\u0107 56 cm,Wysoko\u015b\u0107 56 cm,Waga Pojazdu14,5 KgRozmiar Kartonu103 x 58 [&hellip;]<\/p>\n","protected":false},"featured_media":109,"comment_status":"closed","ping_status":"open","template":"","meta":[],"product_cat":[36,24],"product_tag":[861,704,579],"class_list":["post-108","product","type-product","status-publish","has-post-thumbnail","hentry","product_cat-ramiz","product_cat-samochody-dla-dzieci","product_tag-jak-narysowac-psa","product_tag-prezent-dla-nastolatka","product_tag-quiz-opowiesci-z-narnii-lew-czarownica-i-stara-szafa"],"_links":{"self":[{"href":"http:\/\/klubmamgdynia.pl\/index.php\/wp-json\/wp\/v2\/product\/108","targetHints":{"allow":["GET"]}}],"collection":[{"href":"http:\/\/klubmamgdynia.pl\/index.php\/wp-json\/wp\/v2\/product"}],"about":[{"href":"http:\/\/klubmamgdynia.pl\/index.php\/wp-json\/wp\/v2\/types\/product"}],"replies":[{"embeddable":true,"href":"http:\/\/klubmamgdynia.pl\/index.php\/wp-json\/wp\/v2\/comments?post=108"}],"wp:featuredmedia":[{"embeddable":true,"href":"http:\/\/klubmamgdynia.pl\/index.php\/wp-json\/wp\/v2\/media\/109"}],"wp:attachment":[{"href":"http:\/\/klubmamgdynia.pl\/index.php\/wp-json\/wp\/v2\/media?parent=108"}],"wp:term":[{"taxonomy":"product_cat","embeddable":true,"href":"http:\/\/klubmamgdynia.pl\/index.php\/wp-json\/wp\/v2\/product_cat?post=108"},{"taxonomy":"product_tag","embeddable":true,"href":"http:\/\/klubmamgdynia.pl\/index.php\/wp-json\/wp\/v2\/product_tag?post=108"}],"curies":[{"name":"wp","href":"https:\/\/api.w.org\/{rel}","templated":true}]}}