{"id":1080,"date":"2016-01-02T02:21:43","date_gmt":"2016-01-02T01:21:43","guid":{"rendered":"http:\/\/klubmamgdynia.pl\/index.php\/produkt\/adar-zestaw-pieknosci-536845-zabawka\/"},"modified":"2026-04-04T01:00:54","modified_gmt":"2026-04-03T23:00:54","slug":"adar-zestaw-pieknosci-536845-zabawka","status":"publish","type":"product","link":"http:\/\/klubmamgdynia.pl\/index.php\/produkt\/adar-zestaw-pieknosci-536845-zabawka\/","title":{"rendered":"Adar Zestaw Piekno\u015bci 536845 &#8211; Zabawka"},"content":{"rendered":"<p>Zestaw piekno\u015bci 536845<\/p>\n<h2>Adar Zestaw Piekno\u015bci 536845 &#8211; Zabawka Adar<\/h2>\n<p>dla nastolatk\u00f3w prezenty, paloma, zagadki rymowane, quiz z bajek<\/p>\n<p>yyyyy<\/p>\n<p>&nbsp;<\/p>\n","protected":false},"excerpt":{"rendered":"<p>Zestaw piekno\u015bci 536845 Adar Zestaw Piekno\u015bci 536845 &#8211; Zabawka Adar dla nastolatk\u00f3w prezenty, paloma, zagadki rymowane, quiz z bajek yyyyy &nbsp;<\/p>\n","protected":false},"featured_media":1081,"comment_status":"closed","ping_status":"open","template":"","meta":[],"product_cat":[175,53],"product_tag":[691,745,602,794],"class_list":["post-1080","product","type-product","status-publish","has-post-thumbnail","hentry","product_cat-adar","product_cat-kaciki-zabaw","product_tag-gabriel","product_tag-prezent-dla-15-latki","product_tag-quiz-o-zwierzetach-domowych","product_tag-test-opowiesci-z-narnii-lew-czarownica-i-stara-szafa-do-druku"],"_links":{"self":[{"href":"http:\/\/klubmamgdynia.pl\/index.php\/wp-json\/wp\/v2\/product\/1080","targetHints":{"allow":["GET"]}}],"collection":[{"href":"http:\/\/klubmamgdynia.pl\/index.php\/wp-json\/wp\/v2\/product"}],"about":[{"href":"http:\/\/klubmamgdynia.pl\/index.php\/wp-json\/wp\/v2\/types\/product"}],"replies":[{"embeddable":true,"href":"http:\/\/klubmamgdynia.pl\/index.php\/wp-json\/wp\/v2\/comments?post=1080"}],"wp:featuredmedia":[{"embeddable":true,"href":"http:\/\/klubmamgdynia.pl\/index.php\/wp-json\/wp\/v2\/media\/1081"}],"wp:attachment":[{"href":"http:\/\/klubmamgdynia.pl\/index.php\/wp-json\/wp\/v2\/media?parent=1080"}],"wp:term":[{"taxonomy":"product_cat","embeddable":true,"href":"http:\/\/klubmamgdynia.pl\/index.php\/wp-json\/wp\/v2\/product_cat?post=1080"},{"taxonomy":"product_tag","embeddable":true,"href":"http:\/\/klubmamgdynia.pl\/index.php\/wp-json\/wp\/v2\/product_tag?post=1080"}],"curies":[{"name":"wp","href":"https:\/\/api.w.org\/{rel}","templated":true}]}}