{"id":10801,"date":"2021-01-31T01:13:44","date_gmt":"2021-01-31T00:13:44","guid":{"rendered":"http:\/\/klubmamgdynia.pl\/index.php\/produkt\/amos-bagaznik-seat-ibiza-cordoba-2002-2008r-zamki\/"},"modified":"2026-05-17T21:22:42","modified_gmt":"2026-05-17T19:22:42","slug":"amos-bagaznik-seat-ibiza-cordoba-2002-2008r-zamki","status":"publish","type":"product","link":"http:\/\/klubmamgdynia.pl\/index.php\/produkt\/amos-bagaznik-seat-ibiza-cordoba-2002-2008r-zamki\/","title":{"rendered":"Amos Baga\u017cnik Seat Ibiza Cordoba 2002 2008R Zamki"},"content":{"rendered":"<p>Baga\u017cnik dachowy z zamkami na rant dachu do auta:SEAT IBIZA III \/ CORDOBA II roczniki od 2002-2008rw komplecie: 2 stalowe belki, 4 uchwyty mocuj\u0105ce, 4 os\u0142onki z zamkami, instrukcjanadwozie: hatchback \/ sedanSzczeg\u00f3\u0142owa specyfikacja baga\u017cnika:no\u015bno\u015b\u0107 baga\u017cnika: 70 kgd\u0142ugo\u015b\u0107 belek: 130 cm przekr\u00f3j belek: 32x20mmmonta\u017c: na rant dachukolor kompletu: czarnyArt. D113STPBaga\u017cnik bazowy montowany na rant dachu (bez reling\u00f3w czy punkt\u00f3w monta\u017cowych)Prezentowany baga\u017cnik sk\u0142ada si\u0119 z solidnych \u0142ap mocuj\u0105cych ze specjalnymi gumowymi wyko\u0144czeniami, zapewniaj\u0105cymi szczelno\u015b\u0107 i trwa\u0142o\u015b\u0107 mocowania do rantu dachu auta oraz z dw\u00f3ch stalowych belek (w czarnej otulinie PCV) o prostok\u0105tnym przekroju 32x20mm. Dla bezpiecze\u0144stwa w komplecie cztery os\u0142onki antykradzie\u017cowe wraz z zamkami na klucz wykonane z tworzywa sztucznego. Ca\u0142o\u015b\u0107 zestawu w uniwersalnym, czarnym kolorze. Baga\u017cniki samochodowe polecamy szczeg\u00f3lnie tym kierowcom, kt\u00f3rzy chc\u0105 zwi\u0119kszy\u0107 przestrze\u0144 baga\u017cow\u0105 w samochodzie. Nasz baga\u017cnik pozwala na monta\u017c dodatkowych akcesori\u00f3w &#8211; uchwyt\u00f3w rowerowych, narciarskich, box\u00f3w i innych dodatk\u00f3w. Akcesoria te montujemy poprzez obejmy (cybant)Prosty monta\u017c baga\u017cnika na dachu.Odbywa si\u0119 poprzez za\u0142o\u017cenie uchwyt\u00f3w mocuj\u0105cych do stalowych belek (do dolnej, jedynej szczeliny w belce). Zmontowan\u0105 ca\u0142o\u015b\u0107 (belki plus uchwyty) montujemy do fabrycznych punkt\u00f3w monta\u017cowych w aucie Szczeg\u00f3\u0142owy opis monta\u017cu &#8211; w za\u0142\u0105czonej do produktu instrukcji.Polski, certyfikowany produkt.Prezentowany baga\u017cnik wyprodukowano w Polsce. Producent &#8211; firma Amos-Bis (powsta\u0142a w 1957 roku) &#8211; zajmuje si\u0119 produkcj\u0105 baga\u017cnik\u00f3w samochodowych (wraz z akcesoriami) od blisko 20 lat. Zdobyte do\u015bwiadczenie podczas wieloletniej produkcji gwarantuje najwy\u017csz\u0105 jako\u015b\u0107 towaru i przede wszystkim \u0142atwo\u015b\u0107 monta\u017cu Przy produkcji baga\u017cnik\u00f3w, firma Amos-Bis u\u017cywa najwy\u017cszej jako\u015bci sk\u0142adnik\u00f3w i komponent\u00f3w. Do malowania proszkowego poszczeg\u00f3lnych element\u00f3w u\u017cywane s\u0105 najlepsze farby poliestrowe i polietylenowe.Producent sprzedawanego baga\u017cnika posiada odpowiednie certyfikaty gwarantuj\u0105ce jako\u015b\u0107 i bezpiecze\u0144stwo u\u017cytkowania.<\/p>\n<h2>Amos Baga\u017cnik Seat Ibiza Cordoba 2002 2008R Zamki Amos<\/h2>\n<p>quiz o tajemniczym ogrodzie, prezenty roczek, gry i zabawy dla dzieci, lol surprise kolorowanka, malowane kamienie, \u015bwinka peppa do druku, zabawy tematyczne przyk\u0142ady, kolorowanki super zings, kolorowanka europa, planety uk\u0142ad s\u0142oneczny dla dzieci do druku, o mamie<\/p>\n<p>yyyyy<\/p>\n<p>&nbsp;<\/p>\n","protected":false},"excerpt":{"rendered":"<p>Baga\u017cnik dachowy z zamkami na rant dachu do auta:SEAT IBIZA III \/ CORDOBA II roczniki od 2002-2008rw komplecie: 2 stalowe belki, 4 uchwyty mocuj\u0105ce, 4 os\u0142onki z zamkami, instrukcjanadwozie: hatchback \/ sedanSzczeg\u00f3\u0142owa specyfikacja baga\u017cnika:no\u015bno\u015b\u0107 baga\u017cnika: 70 kgd\u0142ugo\u015b\u0107 belek: 130 cm przekr\u00f3j belek: 32x20mmmonta\u017c: na rant dachukolor kompletu: czarnyArt. D113STPBaga\u017cnik bazowy montowany na rant dachu (bez [&hellip;]<\/p>\n","protected":false},"featured_media":10802,"comment_status":"closed","ping_status":"open","template":"","meta":[],"product_cat":[1898,1925],"product_tag":[696,617,699,775],"class_list":["post-10801","product","type-product","status-publish","has-post-thumbnail","hentry","product_cat-amos","product_cat-bagazniki-bazowe","product_tag-film-rodzinny-o-swietach","product_tag-keyword","product_tag-kolorowanki-do-druku-dla-dziewczyn","product_tag-kolorowanki-do-druku-pokemon"],"_links":{"self":[{"href":"http:\/\/klubmamgdynia.pl\/index.php\/wp-json\/wp\/v2\/product\/10801","targetHints":{"allow":["GET"]}}],"collection":[{"href":"http:\/\/klubmamgdynia.pl\/index.php\/wp-json\/wp\/v2\/product"}],"about":[{"href":"http:\/\/klubmamgdynia.pl\/index.php\/wp-json\/wp\/v2\/types\/product"}],"replies":[{"embeddable":true,"href":"http:\/\/klubmamgdynia.pl\/index.php\/wp-json\/wp\/v2\/comments?post=10801"}],"wp:featuredmedia":[{"embeddable":true,"href":"http:\/\/klubmamgdynia.pl\/index.php\/wp-json\/wp\/v2\/media\/10802"}],"wp:attachment":[{"href":"http:\/\/klubmamgdynia.pl\/index.php\/wp-json\/wp\/v2\/media?parent=10801"}],"wp:term":[{"taxonomy":"product_cat","embeddable":true,"href":"http:\/\/klubmamgdynia.pl\/index.php\/wp-json\/wp\/v2\/product_cat?post=10801"},{"taxonomy":"product_tag","embeddable":true,"href":"http:\/\/klubmamgdynia.pl\/index.php\/wp-json\/wp\/v2\/product_tag?post=10801"}],"curies":[{"name":"wp","href":"https:\/\/api.w.org\/{rel}","templated":true}]}}