{"id":10803,"date":"2018-10-16T11:54:24","date_gmt":"2018-10-16T09:54:24","guid":{"rendered":"http:\/\/klubmamgdynia.pl\/index.php\/produkt\/amos-lapy-bagaznika-amos-dromader-d-4-3346\/"},"modified":"2026-05-17T22:05:21","modified_gmt":"2026-05-17T20:05:21","slug":"amos-lapy-bagaznika-amos-dromader-d-4-3346","status":"publish","type":"product","link":"http:\/\/klubmamgdynia.pl\/index.php\/produkt\/amos-lapy-bagaznika-amos-dromader-d-4-3346\/","title":{"rendered":"AMOS \u0141apy baga\u017cnika AMOS Dromader D-4 3346"},"content":{"rendered":"<p>Akcesoryjne \u0142apy mocuj\u0105ce przeznaczone do baga\u017cnika dachowego AMOS Dromader D-4<\/p>\n<h2>AMOS \u0141apy baga\u017cnika AMOS Dromader D-4 3346 Amos<\/h2>\n<p>cytat o dzieciach, quiz o samochodach, miriam imi\u0119, quiz samochodowy, cytat na dzie\u0144 mamy, sara, smoki rysunek, zabawy dla 10 latka, zabawy miko\u0142ajkowe dla dzieci, bajki o ksi\u0119\u017cniczkach do czytania, zabawka na roczek, imi\u0119 pola, quizy o miko\u0142ajku, testy z lektury tajemniczy ogr\u00f3d, cyferki do druku, zagadki dla dzieci 10-12 lat trudne, kolorowanka antystresowa, inteligentne zagadki<\/p>\n<p>yyyyy<\/p>\n<p>&nbsp;<\/p>\n","protected":false},"excerpt":{"rendered":"<p>Akcesoryjne \u0142apy mocuj\u0105ce przeznaczone do baga\u017cnika dachowego AMOS Dromader D-4 AMOS \u0141apy baga\u017cnika AMOS Dromader D-4 3346 Amos cytat o dzieciach, quiz o samochodach, miriam imi\u0119, quiz samochodowy, cytat na dzie\u0144 mamy, sara, smoki rysunek, zabawy dla 10 latka, zabawy miko\u0142ajkowe dla dzieci, bajki o ksi\u0119\u017cniczkach do czytania, zabawka na roczek, imi\u0119 pola, quizy o [&hellip;]<\/p>\n","protected":false},"featured_media":10804,"comment_status":"closed","ping_status":"open","template":"","meta":[],"product_cat":[1898,1925],"product_tag":[668,865,744,787],"class_list":["post-10803","product","type-product","status-publish","has-post-thumbnail","hentry","product_cat-amos","product_cat-bagazniki-bazowe","product_tag-atrakcje-dla-dzieci-wroclaw","product_tag-cytaty-o-dzieciach","product_tag-kolorowanki-swiateczne-do-wydruku","product_tag-nauka-pisania-wyrazow-dla-dzieci-do-druku-pdf"],"_links":{"self":[{"href":"http:\/\/klubmamgdynia.pl\/index.php\/wp-json\/wp\/v2\/product\/10803","targetHints":{"allow":["GET"]}}],"collection":[{"href":"http:\/\/klubmamgdynia.pl\/index.php\/wp-json\/wp\/v2\/product"}],"about":[{"href":"http:\/\/klubmamgdynia.pl\/index.php\/wp-json\/wp\/v2\/types\/product"}],"replies":[{"embeddable":true,"href":"http:\/\/klubmamgdynia.pl\/index.php\/wp-json\/wp\/v2\/comments?post=10803"}],"wp:featuredmedia":[{"embeddable":true,"href":"http:\/\/klubmamgdynia.pl\/index.php\/wp-json\/wp\/v2\/media\/10804"}],"wp:attachment":[{"href":"http:\/\/klubmamgdynia.pl\/index.php\/wp-json\/wp\/v2\/media?parent=10803"}],"wp:term":[{"taxonomy":"product_cat","embeddable":true,"href":"http:\/\/klubmamgdynia.pl\/index.php\/wp-json\/wp\/v2\/product_cat?post=10803"},{"taxonomy":"product_tag","embeddable":true,"href":"http:\/\/klubmamgdynia.pl\/index.php\/wp-json\/wp\/v2\/product_tag?post=10803"}],"curies":[{"name":"wp","href":"https:\/\/api.w.org\/{rel}","templated":true}]}}