{"id":10807,"date":"2016-07-05T12:51:27","date_gmt":"2016-07-05T10:51:27","guid":{"rendered":"http:\/\/klubmamgdynia.pl\/index.php\/produkt\/barbie-kredki\/"},"modified":"2026-05-17T21:00:07","modified_gmt":"2026-05-17T19:00:07","slug":"barbie-kredki","status":"publish","type":"product","link":"http:\/\/klubmamgdynia.pl\/index.php\/produkt\/barbie-kredki\/","title":{"rendered":"Barbie + Kredki"},"content":{"rendered":"<p>Zestaw ksi\u0105\u017ceczek dla dzieci sk\u0142ada si\u0119 z 4 ksi\u0105\u017ceczek do kolorowania z zadaniami oraz kompl&#8230;<\/p>\n<h2>Barbie + Kredki AMEET<\/h2>\n<p>wiersze o wio\u015bnie jana brzechwy, test z lektury ten obcy, posz\u0142a ola na spacerek, dyplomy dla przedszkolak\u00f3w do wydrukowania, wzory zaprosze\u0144 zaproszenie na urodziny szablon do druku, konkurencje sportowe dla dzieci<\/p>\n<p>yyyyy<\/p>\n<p>&nbsp;<\/p>\n","protected":false},"excerpt":{"rendered":"<p>Zestaw ksi\u0105\u017ceczek dla dzieci sk\u0142ada si\u0119 z 4 ksi\u0105\u017ceczek do kolorowania z zadaniami oraz kompl&#8230; Barbie + Kredki AMEET wiersze o wio\u015bnie jana brzechwy, test z lektury ten obcy, posz\u0142a ola na spacerek, dyplomy dla przedszkolak\u00f3w do wydrukowania, wzory zaprosze\u0144 zaproszenie na urodziny szablon do druku, konkurencje sportowe dla dzieci yyyyy &nbsp;<\/p>\n","protected":false},"featured_media":10808,"comment_status":"closed","ping_status":"open","template":"","meta":[],"product_cat":[1923,295],"product_tag":[825,839,648,769,843,647],"class_list":["post-10807","product","type-product","status-publish","has-post-thumbnail","hentry","product_cat-ameet","product_cat-pozostale-zabawki","product_tag-bajka-na-dobranoc-do-czytania","product_tag-bajki-na-dobranoc-do-czytania","product_tag-dobrej-nocy-i-sza","product_tag-psi-patrol-do-czytania","product_tag-smieszne-zagadki-dla-dzieci","product_tag-warszawa-z-dzieckiem"],"_links":{"self":[{"href":"http:\/\/klubmamgdynia.pl\/index.php\/wp-json\/wp\/v2\/product\/10807","targetHints":{"allow":["GET"]}}],"collection":[{"href":"http:\/\/klubmamgdynia.pl\/index.php\/wp-json\/wp\/v2\/product"}],"about":[{"href":"http:\/\/klubmamgdynia.pl\/index.php\/wp-json\/wp\/v2\/types\/product"}],"replies":[{"embeddable":true,"href":"http:\/\/klubmamgdynia.pl\/index.php\/wp-json\/wp\/v2\/comments?post=10807"}],"wp:featuredmedia":[{"embeddable":true,"href":"http:\/\/klubmamgdynia.pl\/index.php\/wp-json\/wp\/v2\/media\/10808"}],"wp:attachment":[{"href":"http:\/\/klubmamgdynia.pl\/index.php\/wp-json\/wp\/v2\/media?parent=10807"}],"wp:term":[{"taxonomy":"product_cat","embeddable":true,"href":"http:\/\/klubmamgdynia.pl\/index.php\/wp-json\/wp\/v2\/product_cat?post=10807"},{"taxonomy":"product_tag","embeddable":true,"href":"http:\/\/klubmamgdynia.pl\/index.php\/wp-json\/wp\/v2\/product_tag?post=10807"}],"curies":[{"name":"wp","href":"https:\/\/api.w.org\/{rel}","templated":true}]}}