{"id":10809,"date":"2011-03-15T13:19:21","date_gmt":"2011-03-15T12:19:21","guid":{"rendered":"http:\/\/klubmamgdynia.pl\/index.php\/produkt\/funko-pop-nba-hawks-trae-young\/"},"modified":"2026-04-30T02:02:44","modified_gmt":"2026-04-30T00:02:44","slug":"funko-pop-nba-hawks-trae-young","status":"publish","type":"product","link":"http:\/\/klubmamgdynia.pl\/index.php\/produkt\/funko-pop-nba-hawks-trae-young\/","title":{"rendered":"Funko POP! NBA Hawks Trae Young"},"content":{"rendered":"<p>POP Basketball &#8211; NBA Hawks &#8211; Trae YoungAutentyczna figurka kolekcjonerska Funko POP sprzedawana w oryginalnym opakowaniu. Kupuj bez obaw, wybieraj spo\u015br\u00f3d bogatej, stale rozszerzaj\u0105cej si\u0119 oferty!<\/p>\n<h2>Funko POP! NBA Hawks Trae Young Funko<\/h2>\n<p>rezolutna dziewczynka z wiersza tuwima, zaproszenie na urodziny dziecka do druku, mini kanapki dla dzieci, najlepsze \u017carty na prima aprilis, maska kota do druku, zaproszenie na urodziny dziecka tekst do druku, wzruszaj\u0105ce s\u0142owa dla przyjaci\u00f3\u0142ki, wydarzenia dla dzieci warszawa, dobranoc zimowo, prezent na dzie\u0144 dziecka dla nastolatk\u00f3w, karmen imie, z\u0142ote my\u015bli kubu\u015b puchatek cytaty, najlepsze place zabaw warszawa, rysowanie po \u015bladzie, karty pracy po ukrai\u0144sku, test z lektury dzieci z bullerbyn, zdrowe przepisy dla dzieci, koty kolorowanka, zagadki dla dzieci 9-10 lat z odpowiedziami, jedzie poci\u0105g z daleka tekst, mi\u0142osz imi\u0119<\/p>\n<p>yyyyy<\/p>\n<p>&nbsp;<\/p>\n","protected":false},"excerpt":{"rendered":"<p>POP Basketball &#8211; NBA Hawks &#8211; Trae YoungAutentyczna figurka kolekcjonerska Funko POP sprzedawana w oryginalnym opakowaniu. Kupuj bez obaw, wybieraj spo\u015br\u00f3d bogatej, stale rozszerzaj\u0105cej si\u0119 oferty! Funko POP! NBA Hawks Trae Young Funko rezolutna dziewczynka z wiersza tuwima, zaproszenie na urodziny dziecka do druku, mini kanapki dla dzieci, najlepsze \u017carty na prima aprilis, maska kota [&hellip;]<\/p>\n","protected":false},"featured_media":10810,"comment_status":"closed","ping_status":"open","template":"","meta":[],"product_cat":[97,1709],"product_tag":[598,648,868,701],"class_list":["post-10809","product","type-product","status-publish","has-post-thumbnail","hentry","product_cat-figurki-kolekcjonerskie","product_cat-funko","product_tag-co-na-roczek-dla-dziewczynki","product_tag-dobrej-nocy-i-sza","product_tag-quizy-dla-dzieci","product_tag-zgadywanki-dla-dzieci"],"_links":{"self":[{"href":"http:\/\/klubmamgdynia.pl\/index.php\/wp-json\/wp\/v2\/product\/10809","targetHints":{"allow":["GET"]}}],"collection":[{"href":"http:\/\/klubmamgdynia.pl\/index.php\/wp-json\/wp\/v2\/product"}],"about":[{"href":"http:\/\/klubmamgdynia.pl\/index.php\/wp-json\/wp\/v2\/types\/product"}],"replies":[{"embeddable":true,"href":"http:\/\/klubmamgdynia.pl\/index.php\/wp-json\/wp\/v2\/comments?post=10809"}],"wp:featuredmedia":[{"embeddable":true,"href":"http:\/\/klubmamgdynia.pl\/index.php\/wp-json\/wp\/v2\/media\/10810"}],"wp:attachment":[{"href":"http:\/\/klubmamgdynia.pl\/index.php\/wp-json\/wp\/v2\/media?parent=10809"}],"wp:term":[{"taxonomy":"product_cat","embeddable":true,"href":"http:\/\/klubmamgdynia.pl\/index.php\/wp-json\/wp\/v2\/product_cat?post=10809"},{"taxonomy":"product_tag","embeddable":true,"href":"http:\/\/klubmamgdynia.pl\/index.php\/wp-json\/wp\/v2\/product_tag?post=10809"}],"curies":[{"name":"wp","href":"https:\/\/api.w.org\/{rel}","templated":true}]}}