{"id":10813,"date":"2015-03-03T02:35:48","date_gmt":"2015-03-03T01:35:48","guid":{"rendered":"http:\/\/klubmamgdynia.pl\/index.php\/produkt\/linijka-plastikowa-flaming\/"},"modified":"2026-04-23T10:32:46","modified_gmt":"2026-04-23T08:32:46","slug":"linijka-plastikowa-flaming","status":"publish","type":"product","link":"http:\/\/klubmamgdynia.pl\/index.php\/produkt\/linijka-plastikowa-flaming\/","title":{"rendered":"Linijka Plastikowa Flaming"},"content":{"rendered":"<p>Zalety produktu: Linijka wykonana z trwa\u0142ego plastiku o zaokr\u0105glonych zako\u0144czeniach dla wi\u0119kszego bezpiecze\u0144stwa Twojego dziecka. Zapoznaj si\u0119 r\u00f3wnie\u017c z innymi produktami STARPAK. Zawarto\u015b\u0107 opakowania: linijka 15 cm Flaming. Produkt wykonany z plastiku. Wymiary\/waga: wymiary produktu d\u0142. cm : 15 cm, wymiary opakowania d\u0142. x wys. cm : 7&#215;27, waga produktu w opakowaniu kg : 0,016 kg. Nie odpowiednie dla dzieci poni\u017cej 3 lat. Pakowana w woreczek z zawieszk\u0105. Pakowanie iner 40szt, karton 240szt.href &amp; 39;&amp; 39;https:\/\/www.youtube.com\/watch v 0-96EZMnXqA&amp;list PLze1dvBiWVsz92TpxtZ4ICRwZre1hgG0x&amp;index 27&amp; 39;&amp; 39;&gt;STARPAK prezentuje Wyprawka szkolna &#8211; YouTube<\/p>\n<h2>Linijka Plastikowa Flaming Starpak<\/h2>\n<p>ilona, zabawy dla 7 latka, co oznacza jordan, bajki na dobranoc do czytania, bajki dla ch\u0142opc\u00f3w do czytania, kr\u00f3tkie zagadki matematyczne z odpowiedziami, zagadki dla 3 latka, bajki dla niemowl\u0105t do czytania, lol kolorowanka, prezenty dla nastolatk\u00f3w na dzie\u0144 dziecka, wy\u015bcig but\u00f3w, jesienne piosenki dla dzieci, pieski pies kolorowanka, zagadki matematyczne dla dzieci 7 lat, wzory dyplom\u00f3w dyplomy do druku, gabriel imie, dzieci cytaty, quiz online, kolorowanka spiderman, ida swieta wielkanocne ida swieta, marianna<\/p>\n<p>yyyyy<\/p>\n<p>&nbsp;<\/p>\n","protected":false},"excerpt":{"rendered":"<p>Zalety produktu: Linijka wykonana z trwa\u0142ego plastiku o zaokr\u0105glonych zako\u0144czeniach dla wi\u0119kszego bezpiecze\u0144stwa Twojego dziecka. Zapoznaj si\u0119 r\u00f3wnie\u017c z innymi produktami STARPAK. Zawarto\u015b\u0107 opakowania: linijka 15 cm Flaming. Produkt wykonany z plastiku. Wymiary\/waga: wymiary produktu d\u0142. cm : 15 cm, wymiary opakowania d\u0142. x wys. cm : 7&#215;27, waga produktu w opakowaniu kg : 0,016 [&hellip;]<\/p>\n","protected":false},"featured_media":10814,"comment_status":"closed","ping_status":"open","template":"","meta":[],"product_cat":[269,325],"product_tag":[650,807,745],"class_list":["post-10813","product","type-product","status-publish","has-post-thumbnail","hentry","product_cat-starpak","product_cat-szkolne-artykuly-papiernicze","product_tag-choinka-z-bibuly","product_tag-logiczne-zagadki","product_tag-prezent-dla-15-latki"],"_links":{"self":[{"href":"http:\/\/klubmamgdynia.pl\/index.php\/wp-json\/wp\/v2\/product\/10813","targetHints":{"allow":["GET"]}}],"collection":[{"href":"http:\/\/klubmamgdynia.pl\/index.php\/wp-json\/wp\/v2\/product"}],"about":[{"href":"http:\/\/klubmamgdynia.pl\/index.php\/wp-json\/wp\/v2\/types\/product"}],"replies":[{"embeddable":true,"href":"http:\/\/klubmamgdynia.pl\/index.php\/wp-json\/wp\/v2\/comments?post=10813"}],"wp:featuredmedia":[{"embeddable":true,"href":"http:\/\/klubmamgdynia.pl\/index.php\/wp-json\/wp\/v2\/media\/10814"}],"wp:attachment":[{"href":"http:\/\/klubmamgdynia.pl\/index.php\/wp-json\/wp\/v2\/media?parent=10813"}],"wp:term":[{"taxonomy":"product_cat","embeddable":true,"href":"http:\/\/klubmamgdynia.pl\/index.php\/wp-json\/wp\/v2\/product_cat?post=10813"},{"taxonomy":"product_tag","embeddable":true,"href":"http:\/\/klubmamgdynia.pl\/index.php\/wp-json\/wp\/v2\/product_tag?post=10813"}],"curies":[{"name":"wp","href":"https:\/\/api.w.org\/{rel}","templated":true}]}}