{"id":10815,"date":"2020-07-06T10:58:30","date_gmt":"2020-07-06T08:58:30","guid":{"rendered":"http:\/\/klubmamgdynia.pl\/index.php\/produkt\/harry-potter-i-kamien-filozoficzny-550el\/"},"modified":"2026-04-06T00:42:54","modified_gmt":"2026-04-05T22:42:54","slug":"harry-potter-i-kamien-filozoficzny-550el","status":"publish","type":"product","link":"http:\/\/klubmamgdynia.pl\/index.php\/produkt\/harry-potter-i-kamien-filozoficzny-550el\/","title":{"rendered":"HARRY POTTER I KAMIE\u0143 FILOZOFICZNY 550El."},"content":{"rendered":"<p>Uk\u0142adanie puzzli to wspania\u0142a i po\u017cyteczna rozrywka zar\u00f3wno dla doros\u0142ych jak i dzieci &#8211; te kolorowe zagadki zmuszaj\u0105 szare kom\u00f3rki do wyt\u0119\u017conej pracy zwi\u0119kszaj\u0105c spostrzegawczo\u015b\u0107 i poprawiaj\u0105c skupienie, co pozwoli na utrzymanie m\u00f3zgu w dobrej kondycji przez d\u0142ugie lata.Wielko\u015b\u0107 obrazka po u\u0142o\u017ceniu: 46 x 61 cmOficjalne, licencjonowane puzzle Harry Potter<\/p>\n<h2>HARRY POTTER I KAMIE\u0143 FILOZOFICZNY 550El. <\/h2>\n<p>drzewo genealogiczne do druku, test z opowie\u015bci z narnii, imi\u0119 kostek, szlaczki literopodobne do wydruku, znane misie z film\u00f3w animowanych, pomys\u0142 na prezent dla nastolatka, co mo\u017cna zrobi\u0107 z rolek po papierze toaletowym, niezapomniany prezent na roczek, kolorowanka kotki, quiz o dinozaurach<\/p>\n<p>yyyyy<\/p>\n<p>&nbsp;<\/p>\n","protected":false},"excerpt":{"rendered":"<p>Uk\u0142adanie puzzli to wspania\u0142a i po\u017cyteczna rozrywka zar\u00f3wno dla doros\u0142ych jak i dzieci &#8211; te kolorowe zagadki zmuszaj\u0105 szare kom\u00f3rki do wyt\u0119\u017conej pracy zwi\u0119kszaj\u0105c spostrzegawczo\u015b\u0107 i poprawiaj\u0105c skupienie, co pozwoli na utrzymanie m\u00f3zgu w dobrej kondycji przez d\u0142ugie lata.Wielko\u015b\u0107 obrazka po u\u0142o\u017ceniu: 46 x 61 cmOficjalne, licencjonowane puzzle Harry Potter HARRY POTTER I KAMIE\u0143 FILOZOFICZNY [&hellip;]<\/p>\n","protected":false},"featured_media":10816,"comment_status":"closed","ping_status":"open","template":"","meta":[],"product_cat":[90],"product_tag":[755,699,835],"class_list":["post-10815","product","type-product","status-publish","has-post-thumbnail","hentry","product_cat-puzzle","product_tag-henryk","product_tag-kolorowanki-do-druku-dla-dziewczyn","product_tag-radosc-dziecka-cytaty"],"_links":{"self":[{"href":"http:\/\/klubmamgdynia.pl\/index.php\/wp-json\/wp\/v2\/product\/10815","targetHints":{"allow":["GET"]}}],"collection":[{"href":"http:\/\/klubmamgdynia.pl\/index.php\/wp-json\/wp\/v2\/product"}],"about":[{"href":"http:\/\/klubmamgdynia.pl\/index.php\/wp-json\/wp\/v2\/types\/product"}],"replies":[{"embeddable":true,"href":"http:\/\/klubmamgdynia.pl\/index.php\/wp-json\/wp\/v2\/comments?post=10815"}],"wp:featuredmedia":[{"embeddable":true,"href":"http:\/\/klubmamgdynia.pl\/index.php\/wp-json\/wp\/v2\/media\/10816"}],"wp:attachment":[{"href":"http:\/\/klubmamgdynia.pl\/index.php\/wp-json\/wp\/v2\/media?parent=10815"}],"wp:term":[{"taxonomy":"product_cat","embeddable":true,"href":"http:\/\/klubmamgdynia.pl\/index.php\/wp-json\/wp\/v2\/product_cat?post=10815"},{"taxonomy":"product_tag","embeddable":true,"href":"http:\/\/klubmamgdynia.pl\/index.php\/wp-json\/wp\/v2\/product_tag?post=10815"}],"curies":[{"name":"wp","href":"https:\/\/api.w.org\/{rel}","templated":true}]}}