{"id":10817,"date":"2011-09-30T05:15:59","date_gmt":"2011-09-30T03:15:59","guid":{"rendered":"http:\/\/klubmamgdynia.pl\/index.php\/produkt\/rex-london-tatuaze-zmywalne-dla-dzieci-koty\/"},"modified":"2026-04-05T19:09:47","modified_gmt":"2026-04-05T17:09:47","slug":"rex-london-tatuaze-zmywalne-dla-dzieci-koty","status":"publish","type":"product","link":"http:\/\/klubmamgdynia.pl\/index.php\/produkt\/rex-london-tatuaze-zmywalne-dla-dzieci-koty\/","title":{"rendered":"Rex London Tatua\u017ce Zmywalne Dla Dzieci Koty"},"content":{"rendered":"<p>Tatua\u017ce zmywalne dla dzieci Koty Rex London. Zmywalne tatua\u017ce dla dzieci Koty Rex London.<\/p>\n<h2>Rex London Tatua\u017ce Zmywalne Dla Dzieci Koty Rex London<\/h2>\n<p>rysunki \u0142atwe, na wyspach bergamutach tekst, kolorowanka kotki, atrakcje dla dzieci wroclaw, znaczenie imienia pola, zagadki dla dzieci, kolorowanki dla ch\u0142opc\u00f3w do druku, prezenty na roczek dla dziewczynki<\/p>\n<p>yyyyy<\/p>\n<p>&nbsp;<\/p>\n","protected":false},"excerpt":{"rendered":"<p>Tatua\u017ce zmywalne dla dzieci Koty Rex London. Zmywalne tatua\u017ce dla dzieci Koty Rex London. Rex London Tatua\u017ce Zmywalne Dla Dzieci Koty Rex London rysunki \u0142atwe, na wyspach bergamutach tekst, kolorowanka kotki, atrakcje dla dzieci wroclaw, znaczenie imienia pola, zagadki dla dzieci, kolorowanki dla ch\u0142opc\u00f3w do druku, prezenty na roczek dla dziewczynki yyyyy &nbsp;<\/p>\n","protected":false},"featured_media":10818,"comment_status":"closed","ping_status":"open","template":"","meta":[],"product_cat":[259,21],"product_tag":[668,762,632],"class_list":["post-10817","product","type-product","status-publish","has-post-thumbnail","hentry","product_cat-rex-london","product_cat-zabawki-plastyczne","product_tag-atrakcje-dla-dzieci-wroclaw","product_tag-trudne-zagadki-dla-dzieci","product_tag-warszawa-atrakcje-dla-mlodziezy"],"_links":{"self":[{"href":"http:\/\/klubmamgdynia.pl\/index.php\/wp-json\/wp\/v2\/product\/10817","targetHints":{"allow":["GET"]}}],"collection":[{"href":"http:\/\/klubmamgdynia.pl\/index.php\/wp-json\/wp\/v2\/product"}],"about":[{"href":"http:\/\/klubmamgdynia.pl\/index.php\/wp-json\/wp\/v2\/types\/product"}],"replies":[{"embeddable":true,"href":"http:\/\/klubmamgdynia.pl\/index.php\/wp-json\/wp\/v2\/comments?post=10817"}],"wp:featuredmedia":[{"embeddable":true,"href":"http:\/\/klubmamgdynia.pl\/index.php\/wp-json\/wp\/v2\/media\/10818"}],"wp:attachment":[{"href":"http:\/\/klubmamgdynia.pl\/index.php\/wp-json\/wp\/v2\/media?parent=10817"}],"wp:term":[{"taxonomy":"product_cat","embeddable":true,"href":"http:\/\/klubmamgdynia.pl\/index.php\/wp-json\/wp\/v2\/product_cat?post=10817"},{"taxonomy":"product_tag","embeddable":true,"href":"http:\/\/klubmamgdynia.pl\/index.php\/wp-json\/wp\/v2\/product_tag?post=10817"}],"curies":[{"name":"wp","href":"https:\/\/api.w.org\/{rel}","templated":true}]}}