{"id":1082,"date":"2022-11-18T11:40:55","date_gmt":"2022-11-18T10:40:55","guid":{"rendered":"http:\/\/klubmamgdynia.pl\/?post_type=product&#038;p=1082"},"modified":"2026-04-22T22:34:00","modified_gmt":"2026-04-22T20:34:00","slug":"made-zigybot-strazak-oliver-102039","status":"publish","type":"product","link":"http:\/\/klubmamgdynia.pl\/index.php\/produkt\/made-zigybot-strazak-oliver-102039\/","title":{"rendered":"Made Zigybot Stra\u017cak Oliver 102039"},"content":{"rendered":"<p>Zigybot to popularna zabawka interaktywna, kt\u00f3ra m\u00f3wi i kontroluje wiele zabawnych funkcji. Zigybot &#8211; stra\u017cak mo\u017ce r\u00f3wnie\u017c strzeli\u0107 dobr\u0105 dawk\u0105 wody bezpo\u015brednio z jego plastikowego dzia\u0142a, a tak\u017ce dowodzi\u0107 i opowiada\u0107 historie. Ten automatyczny stra\u017cak o l\u015bni\u0105cych oczach poka\u017ce ci troch\u0119 figur tanecznych, jednocze\u015bnie mrugaj\u0105c do ciebie swoimi b\u0142yszcz\u0105cymi oczami. Mo\u017cesz kontrolowa\u0107 zigybota zar\u00f3wno za pomoc\u0105 sterowania r\u0119cznego, jak i IR. \u0141adowanie robota zapewnia klasyczny port USB podobny do telefonu kom\u00f3rkowego.<\/p>\n<h2>Made Zigybot Stra\u017cak Oliver 102039 MaDe<\/h2>\n<p>zagadki podchwytliwe z odpowiedziami, wielkanocne zagadki, pokemon kolorowanki do druku, litery kolorowanka, imi\u0119 liwia, \u0142amig\u0142\u00f3wki dla dzieci do druku, kawa\u0142y na prima aprilis dla rodzic\u00f3w, dzieci z bullerbyn quiz, kolorowanka lato, kolorowanki kotki, gry planszowe dla nastolatk\u00f3w, spiderman do druku, wiersz na dobranoc dla dzieci<\/p>\n<p>yyyyy<\/p>\n<p>&nbsp;<\/p>\n","protected":false},"excerpt":{"rendered":"<p>Zigybot to popularna zabawka interaktywna, kt\u00f3ra m\u00f3wi i kontroluje wiele zabawnych funkcji. Zigybot &#8211; stra\u017cak mo\u017ce r\u00f3wnie\u017c strzeli\u0107 dobr\u0105 dawk\u0105 wody bezpo\u015brednio z jego plastikowego dzia\u0142a, a tak\u017ce dowodzi\u0107 i opowiada\u0107 historie. Ten automatyczny stra\u017cak o l\u015bni\u0105cych oczach poka\u017ce ci troch\u0119 figur tanecznych, jednocze\u015bnie mrugaj\u0105c do ciebie swoimi b\u0142yszcz\u0105cymi oczami. Mo\u017cesz kontrolowa\u0107 zigybota zar\u00f3wno za [&hellip;]<\/p>\n","protected":false},"featured_media":1083,"comment_status":"closed","ping_status":"open","template":"","meta":[],"product_cat":[341,39],"product_tag":[854,618,856,606],"class_list":["post-1082","product","type-product","status-publish","has-post-thumbnail","hentry","product_cat-made","product_cat-zabawki-interaktywne","product_tag-cytaty-rodzina","product_tag-lato-lato-lato-czeka-tekst","product_tag-prezent-dla-16-latki","product_tag-stala-pod-sniegiem"],"_links":{"self":[{"href":"http:\/\/klubmamgdynia.pl\/index.php\/wp-json\/wp\/v2\/product\/1082","targetHints":{"allow":["GET"]}}],"collection":[{"href":"http:\/\/klubmamgdynia.pl\/index.php\/wp-json\/wp\/v2\/product"}],"about":[{"href":"http:\/\/klubmamgdynia.pl\/index.php\/wp-json\/wp\/v2\/types\/product"}],"replies":[{"embeddable":true,"href":"http:\/\/klubmamgdynia.pl\/index.php\/wp-json\/wp\/v2\/comments?post=1082"}],"wp:featuredmedia":[{"embeddable":true,"href":"http:\/\/klubmamgdynia.pl\/index.php\/wp-json\/wp\/v2\/media\/1083"}],"wp:attachment":[{"href":"http:\/\/klubmamgdynia.pl\/index.php\/wp-json\/wp\/v2\/media?parent=1082"}],"wp:term":[{"taxonomy":"product_cat","embeddable":true,"href":"http:\/\/klubmamgdynia.pl\/index.php\/wp-json\/wp\/v2\/product_cat?post=1082"},{"taxonomy":"product_tag","embeddable":true,"href":"http:\/\/klubmamgdynia.pl\/index.php\/wp-json\/wp\/v2\/product_tag?post=1082"}],"curies":[{"name":"wp","href":"https:\/\/api.w.org\/{rel}","templated":true}]}}