{"id":10821,"date":"2013-06-14T08:41:20","date_gmt":"2013-06-14T06:41:20","guid":{"rendered":"http:\/\/klubmamgdynia.pl\/index.php\/produkt\/janod-piesek-drewniany-do-ciagniecia-pudel\/"},"modified":"2026-04-02T15:18:58","modified_gmt":"2026-04-02T13:18:58","slug":"janod-piesek-drewniany-do-ciagniecia-pudel","status":"publish","type":"product","link":"http:\/\/klubmamgdynia.pl\/index.php\/produkt\/janod-piesek-drewniany-do-ciagniecia-pudel\/","title":{"rendered":"Janod Piesek Drewniany Do Ci\u0105gni\u0119cia Pudel"},"content":{"rendered":"<p>Piesek Pudel do ci\u0105gni\u0119cia francuskiej marki JANOD b\u0119dzie \u015bwietnym towarzyszem pierwszych krok\u00f3w Twojego dziecka. Piesek jest estetycznie wykonany, ma niebanalny design i niewielki, por\u0119czny dla dziecka rozmiar. Pudel jest bia\u0142o-r\u00f3\u017cowy z bujn\u0105 fryzur\u0105 i zabawnym ogonem, ma urocz\u0105 mordk\u0119, a na szyi \u2013 obr\u00f3\u017ck\u0119 z pere\u0142ek. Z przodu przymocowany jest ciemnor\u00f3\u017cowy sznurek do ci\u0105gni\u0119cia pieska i ma\u0142y metalowy dzwoneczek, kt\u00f3ry wydaje przyjemne d\u017awi\u0119ki. Szeroki rozstaw k\u00f3\u0142 zapewnia zabawce stabilno\u015b\u0107. K\u00f3\u0142ka s\u0105 ponadto wyko\u0144czone gum\u0105, dzi\u0119ki czemu nie rysuj\u0105 pod\u0142ogi w domu.Zabawka zaprojektowana we Francji. Idealna na prezent.Zabawki edukacyjne marki Janod wyr\u00f3\u017cniaj\u0105 niebanalne rozwi\u0105zania, wysoka jako\u015b\u0107 materia\u0142\u00f3w i precyzyjne wykonanie. Podczas beztroskiej zabawy rozwijaj\u0105 zmys\u0142y dziecka i wspomagaj\u0105 jego rozw\u00f3j dzi\u0119ki mnogo\u015bci funkcji. Dzi\u0119ki przypisaniu do odpowiedniej kategorii wiekowej, s\u0142u\u017c\u0105 \u0107wiczeniu adekwatnych na danym etapie umiej\u0119tno\u015bci, jak motoryka d\u0142oni, kojarzenie kszta\u0142t\u00f3w i kolor\u00f3w czy nauka chodzenia.Janod od 1970 roku niezmiennie projektuje zabawki, \u0142\u0105cz\u0105ce innowacyjno\u015b\u0107 z francuskim designem i najwy\u017csz\u0105 jako\u015bci\u0105. Unikalne produkty Janod tworzone s\u0105 z drewna i innych solidnych, trwa\u0142ych materia\u0142\u00f3w, a przede wszystkim \u2013 z dzieci\u0119cych marze\u0144! Janod \u2013 JUST PLAYkategoria: zabawki edukacyjneindeks: J08217producent: Janodwiek: 12-36 miesi\u0119cyliczba element\u00f3w: 1materia\u0142: drewno, metal, sznurekdesign: Francjawymiary produktu: 14,5 x 6,7 x 10,8 cmwaga produktu: 0,18 kgwymiary opakowania: 16 x 8 x 14 cmbezpiecze\u0144stwo i jako\u015b\u0107: EN71-1; EN71-2, EN71-3; REACH Kod Producenta: J08217seria: janod_zabawki edukacyjne_do ci\u0105gni\u0119cia<\/p>\n<h2>Janod Piesek Drewniany Do Ci\u0105gni\u0119cia Pudel Janod<\/h2>\n<p>zagadki wielkanocne dla dzieci, najlepsze zarty na prima aprilis, z\u0142ote my\u015bli kubu\u015b puchatek cytaty, zagadki o zwierz\u0119tach, prezent dla dziecka 1 rok, zabawy dla 10 latka, test opowie\u015bci z narnii lew czarownica i stara szafa do druku, jeremi, kundel bury tekst, misie z film\u00f3w animowanych<\/p>\n<p>yyyyy<\/p>\n<p>&nbsp;<\/p>\n","protected":false},"excerpt":{"rendered":"<p>Piesek Pudel do ci\u0105gni\u0119cia francuskiej marki JANOD b\u0119dzie \u015bwietnym towarzyszem pierwszych krok\u00f3w Twojego dziecka. Piesek jest estetycznie wykonany, ma niebanalny design i niewielki, por\u0119czny dla dziecka rozmiar. Pudel jest bia\u0142o-r\u00f3\u017cowy z bujn\u0105 fryzur\u0105 i zabawnym ogonem, ma urocz\u0105 mordk\u0119, a na szyi \u2013 obr\u00f3\u017ck\u0119 z pere\u0142ek. Z przodu przymocowany jest ciemnor\u00f3\u017cowy sznurek do ci\u0105gni\u0119cia pieska [&hellip;]<\/p>\n","protected":false},"featured_media":10822,"comment_status":"closed","ping_status":"open","template":"","meta":[],"product_cat":[557,99],"product_tag":[688,821,860],"class_list":["post-10821","product","type-product","status-publish","has-post-thumbnail","hentry","product_cat-janod","product_cat-zabawki-ekologiczne","product_tag-kolysanki-tekst","product_tag-marianna","product_tag-zagadki-logiczne-dla-doroslych"],"_links":{"self":[{"href":"http:\/\/klubmamgdynia.pl\/index.php\/wp-json\/wp\/v2\/product\/10821","targetHints":{"allow":["GET"]}}],"collection":[{"href":"http:\/\/klubmamgdynia.pl\/index.php\/wp-json\/wp\/v2\/product"}],"about":[{"href":"http:\/\/klubmamgdynia.pl\/index.php\/wp-json\/wp\/v2\/types\/product"}],"replies":[{"embeddable":true,"href":"http:\/\/klubmamgdynia.pl\/index.php\/wp-json\/wp\/v2\/comments?post=10821"}],"wp:featuredmedia":[{"embeddable":true,"href":"http:\/\/klubmamgdynia.pl\/index.php\/wp-json\/wp\/v2\/media\/10822"}],"wp:attachment":[{"href":"http:\/\/klubmamgdynia.pl\/index.php\/wp-json\/wp\/v2\/media?parent=10821"}],"wp:term":[{"taxonomy":"product_cat","embeddable":true,"href":"http:\/\/klubmamgdynia.pl\/index.php\/wp-json\/wp\/v2\/product_cat?post=10821"},{"taxonomy":"product_tag","embeddable":true,"href":"http:\/\/klubmamgdynia.pl\/index.php\/wp-json\/wp\/v2\/product_tag?post=10821"}],"curies":[{"name":"wp","href":"https:\/\/api.w.org\/{rel}","templated":true}]}}